{"id":13475,"date":"2021-08-05T11:45:55","date_gmt":"2021-08-05T11:45:55","guid":{"rendered":"https:\/\/kangasemu.ee\/meista\/"},"modified":"2025-05-14T01:04:59","modified_gmt":"2025-05-13T23:04:59","slug":"meista","status":"publish","type":"page","link":"https:\/\/kangasemu.ee\/fi\/meista\/","title":{"rendered":"Meist\u00e4"},"content":{"rendered":"\t\t<div data-elementor-type=\"wp-page\" data-elementor-id=\"13475\" class=\"elementor elementor-13475 elementor-531\">\n\t\t\t\t\t\t<section class=\"penci-section penci-disSticky penci-structure-10 elementor-section elementor-top-section elementor-element elementor-element-1bd643e elementor-section-full_width elementor-section-stretched elementor-section-height-default elementor-section-height-default\" data-id=\"1bd643e\" data-element_type=\"section\" data-e-type=\"section\" data-settings=\"{&quot;stretch_section&quot;:&quot;section-stretched&quot;}\">\n\t\t\t\t\t\t<div class=\"elementor-container elementor-column-gap-no\">\n\t\t\t\t\t<div class=\"penci-ercol-100 penci-ercol-order-1 penci-sticky-ct    elementor-column elementor-col-100 elementor-top-column elementor-element elementor-element-33d1633\" data-id=\"33d1633\" data-element_type=\"column\" data-e-type=\"column\">\n\t\t\t<div class=\"elementor-widget-wrap elementor-element-populated\">\n\t\t\t\t\t\t<div class=\"elementor-element elementor-element-d7f46ff elementor-widget elementor-widget-woocommerce-breadcrumb\" data-id=\"d7f46ff\" data-element_type=\"widget\" data-e-type=\"widget\" data-widget_type=\"woocommerce-breadcrumb.default\">\n\t\t\t\t<div class=\"elementor-widget-container\">\n\t\t\t\t\t<div class=\"container penci-breadcrumb penci-woo-breadcrumb top\"><span>Avaleht<\/span><\/div>\t\t\t\t<\/div>\n\t\t\t\t<\/div>\n\t\t\t\t\t<\/div>\n\t\t<\/div>\n\t\t\t\t\t<\/div>\n\t\t<\/section>\n\t\t\t\t<section class=\"penci-section penci-dmcheck penci-elbg-activate penci-disSticky penci-structure-20 elementor-section elementor-top-section elementor-element elementor-element-2e4e168f elementor-section-stretched content-about elementor-section-boxed elementor-section-height-default elementor-section-height-default\" data-id=\"2e4e168f\" data-element_type=\"section\" data-e-type=\"section\" data-settings=\"{&quot;stretch_section&quot;:&quot;section-stretched&quot;,&quot;background_background&quot;:&quot;classic&quot;}\">\n\t\t\t\t\t\t<div class=\"elementor-container elementor-column-gap-default\">\n\t\t\t\t\t<div class=\"penci-ercol-50 penci-ercol-order-1 penci-sticky-ct    elementor-column elementor-col-50 elementor-top-column elementor-element elementor-element-dc1fef7\" data-id=\"dc1fef7\" data-element_type=\"column\" data-e-type=\"column\">\n\t\t\t<div class=\"elementor-widget-wrap elementor-element-populated\">\n\t\t\t\t\t\t<section class=\"penci-section penci-dmcheck penci-elbg-activate penci-disSticky penci-structure-10 elementor-section elementor-inner-section elementor-element elementor-element-12634e33 elementor-section-boxed elementor-section-height-default elementor-section-height-default\" data-id=\"12634e33\" data-element_type=\"section\" data-e-type=\"section\" data-settings=\"{&quot;background_background&quot;:&quot;classic&quot;}\">\n\t\t\t\t\t\t<div class=\"elementor-container elementor-column-gap-default\">\n\t\t\t\t\t<div class=\"penci-ercol-100 penci-ercol-order-1 penci-sticky-ct    elementor-column elementor-col-100 elementor-inner-column elementor-element elementor-element-3d80ccd0\" data-id=\"3d80ccd0\" data-element_type=\"column\" data-e-type=\"column\">\n\t\t\t<div class=\"elementor-widget-wrap elementor-element-populated\">\n\t\t\t\t\t\t<div class=\"elementor-element elementor-element-b961d4e elementor-widget elementor-widget-text-editor\" data-id=\"b961d4e\" data-element_type=\"widget\" data-e-type=\"widget\" data-widget_type=\"text-editor.default\">\n\t\t\t\t<div class=\"elementor-widget-container\">\n\t\t\t\t\t\t\t\t\t<p>Kangasemu on Rozalen O\u00dc<\/p>\n<p>Rozalen O\u00dc on uusi markkinoilla toimiva yritys, joka keskittyy enimm\u00e4kseen neulottujen kankaiden maahantuontiin, jotka sopivat housujen, t-paitojen, leggingsien, hattujen jne. Ompeluun.<\/p>\n<p>Myym\u00e4l\u00e4st\u00e4 l\u00f6yd\u00e4t sek\u00e4 kuviollisia ett\u00e4 yksiv\u00e4risi\u00e4 kankaita, ja valikoima laajenee jatkuvasti. Tilaamme kankaita kaikkialta Euroopasta ja olemme kankaasta riippuen \u00d6ko-Tex100- ja GOT-sertifioituja.<\/p>\n<p>Parhaat kankaat jokaiseen makuun!<\/p>\n\t\t\t\t\t\t\t\t<\/div>\n\t\t\t\t<\/div>\n\t\t\t\t<div class=\"elementor-element elementor-element-da031e2 elementor-widget elementor-widget-text-editor\" data-id=\"da031e2\" data-element_type=\"widget\" data-e-type=\"widget\" data-widget_type=\"text-editor.default\">\n\t\t\t\t<div class=\"elementor-widget-container\">\n\t\t\t\t\t\t\t\t\t<p>Yrit\u00e4mme jatkuvasti tuoda sinulle jotain uutta, hienoa ja modernia! Jos sinulla on erityinen pyynt\u00f6 tai visio halutusta mallista &#8211; kirjoita meille, autamme mielell\u00e4mme. Palaute on aina tervetullutta. L\u00e4het\u00e4mme kankaat sinulle sopivan kuljetusyrityksen kautta, mutta voit my\u00f6s noutaa tavarat halutessasi!<\/p>\n\t\t\t\t\t\t\t\t<\/div>\n\t\t\t\t<\/div>\n\t\t\t\t\t<\/div>\n\t\t<\/div>\n\t\t\t\t\t<\/div>\n\t\t<\/section>\n\t\t\t\t\t<\/div>\n\t\t<\/div>\n\t\t\t\t<div class=\"penci-ercol-50 penci-ercol-order-2 penci-sticky-ct  penci-dmcheck penci-elbg-activate  elementor-column elementor-col-50 elementor-top-column elementor-element elementor-element-336243dc\" data-id=\"336243dc\" data-element_type=\"column\" data-e-type=\"column\" data-settings=\"{&quot;background_background&quot;:&quot;classic&quot;}\">\n\t\t\t<div class=\"elementor-widget-wrap elementor-element-populated\">\n\t\t\t\t\t\t<div class=\"elementor-element elementor-element-0c6e7bb elementor-widget elementor-widget-image\" data-id=\"0c6e7bb\" data-element_type=\"widget\" data-e-type=\"widget\" data-widget_type=\"image.default\">\n\t\t\t\t<div class=\"elementor-widget-container\">\n\t\t\t\t\t\t\t\t\t\t\t\t\t\t\t<img fetchpriority=\"high\" decoding=\"async\" width=\"820\" height=\"200\" src=\"https:\/\/kangasemu.ee\/wp-content\/uploads\/2020\/11\/logolight-3.png\" class=\"attachment-full size-full wp-image-13477\" alt=\"\" srcset=\"https:\/\/kangasemu.ee\/wp-content\/uploads\/2020\/11\/logolight-3.png 820w, https:\/\/kangasemu.ee\/wp-content\/uploads\/2020\/11\/logolight-3-600x146.png 600w, https:\/\/kangasemu.ee\/wp-content\/uploads\/2020\/11\/logolight-3-570x139.png 570w, https:\/\/kangasemu.ee\/wp-content\/uploads\/2020\/11\/logolight-3-770x188.png 770w, https:\/\/kangasemu.ee\/wp-content\/uploads\/2020\/11\/logolight-3-768x187.png 768w\" sizes=\"(max-width: 820px) 100vw, 820px\" \/>\t\t\t\t\t\t\t\t\t\t\t\t\t\t\t<\/div>\n\t\t\t\t<\/div>\n\t\t\t\t<section class=\"penci-section penci-disSticky penci-structure-30 elementor-section elementor-inner-section elementor-element elementor-element-549449c9 elementor-section-boxed elementor-section-height-default elementor-section-height-default\" data-id=\"549449c9\" data-element_type=\"section\" data-e-type=\"section\">\n\t\t\t\t\t\t<div class=\"elementor-container elementor-column-gap-default\">\n\t\t\t\t\t<div class=\"penci-ercol-33 penci-ercol-order-1 penci-sticky-sb penci-sidebarSC   elementor-column elementor-col-33 elementor-inner-column elementor-element elementor-element-1200510f elementor-hidden-phone\" data-id=\"1200510f\" data-element_type=\"column\" data-e-type=\"column\">\n\t\t\t<div class=\"elementor-widget-wrap\">\n\t\t\t\t\t\t\t<\/div>\n\t\t<\/div>\n\t\t\t\t<div class=\"penci-ercol-33 penci-ercol-order-2 penci-sticky-sb penci-sidebarSC   elementor-column elementor-col-33 elementor-inner-column elementor-element elementor-element-166666de\" data-id=\"166666de\" data-element_type=\"column\" data-e-type=\"column\">\n\t\t\t<div class=\"elementor-widget-wrap\">\n\t\t\t\t\t\t\t<\/div>\n\t\t<\/div>\n\t\t\t\t<div class=\"penci-ercol-33 penci-ercol-order-3 penci-sticky-sb penci-sidebarSC   elementor-column elementor-col-33 elementor-inner-column elementor-element elementor-element-15539b9c elementor-hidden-phone\" data-id=\"15539b9c\" data-element_type=\"column\" data-e-type=\"column\">\n\t\t\t<div class=\"elementor-widget-wrap\">\n\t\t\t\t\t\t\t<\/div>\n\t\t<\/div>\n\t\t\t\t\t<\/div>\n\t\t<\/section>\n\t\t\t\t\t<\/div>\n\t\t<\/div>\n\t\t\t\t\t<\/div>\n\t\t<\/section>\n\t\t\t\t<\/div>\n\t\t","protected":false},"excerpt":{"rendered":"<p>Kangasemu on Rozalen O\u00dc Rozalen O\u00dc on uusi markkinoilla toimiva yritys, joka keskittyy enimm\u00e4kseen neulottujen kankaiden maahantuontiin, jotka sopivat housujen, t-paitojen, leggingsien, hattujen jne. Ompeluun. Myym\u00e4l\u00e4st\u00e4 l\u00f6yd\u00e4t sek\u00e4 kuviollisia ett\u00e4&hellip;<\/p>\n","protected":false},"author":1,"featured_media":0,"parent":0,"menu_order":0,"comment_status":"closed","ping_status":"closed","template":"elementor_header_footer","meta":{"_lmt_disableupdate":"","_lmt_disable":"","footnotes":""},"class_list":["post-13475","page","type-page","status-publish","hentry"],"yoast_head":"<!-- This site is optimized with the Yoast SEO plugin v27.2 - https:\/\/yoast.com\/product\/yoast-seo-wordpress\/ -->\n<title>Meist\u00e4 - Kangasemu<\/title>\n<meta name=\"robots\" content=\"index, follow, max-snippet:-1, max-image-preview:large, max-video-preview:-1\" \/>\n<link rel=\"canonical\" href=\"https:\/\/kangasemu.ee\/fi\/meista\/\" \/>\n<meta property=\"og:locale\" content=\"fi_FI\" \/>\n<meta property=\"og:type\" content=\"article\" \/>\n<meta property=\"og:title\" content=\"Meist\u00e4 - Kangasemu\" \/>\n<meta property=\"og:description\" content=\"Kangasemu on Rozalen O\u00dc Rozalen O\u00dc on uusi markkinoilla toimiva yritys, joka keskittyy enimm\u00e4kseen neulottujen kankaiden maahantuontiin, jotka sopivat housujen, t-paitojen, leggingsien, hattujen jne. Ompeluun. Myym\u00e4l\u00e4st\u00e4 l\u00f6yd\u00e4t sek\u00e4 kuviollisia ett\u00e4&hellip;\" \/>\n<meta property=\"og:url\" content=\"https:\/\/kangasemu.ee\/fi\/meista\/\" \/>\n<meta property=\"og:site_name\" content=\"Kangasemu\" \/>\n<meta property=\"article:publisher\" content=\"https:\/\/www.facebook.com\/kangasemueesti\" \/>\n<meta property=\"article:modified_time\" content=\"2025-05-13T23:04:59+00:00\" \/>\n<meta property=\"og:image\" content=\"https:\/\/kangasemu.ee\/wp-content\/uploads\/2020\/11\/logolight-3.png\" \/>\n<meta name=\"twitter:card\" content=\"summary_large_image\" \/>\n<meta name=\"twitter:label1\" content=\"Arvioitu lukuaika\" \/>\n\t<meta name=\"twitter:data1\" content=\"2 minuuttia\" \/>\n<script type=\"application\/ld+json\" class=\"yoast-schema-graph\">{\"@context\":\"https:\/\/schema.org\",\"@graph\":[{\"@type\":\"WebPage\",\"@id\":\"https:\/\/kangasemu.ee\/meist\/\",\"url\":\"https:\/\/kangasemu.ee\/fi\/meista\/\",\"name\":\"Meist\u00e4 - Kangasemu\",\"isPartOf\":{\"@id\":\"https:\/\/kangasemu.ee\/fi\/#website\"},\"primaryImageOfPage\":{\"@id\":\"https:\/\/kangasemu.ee\/fi\/meista\/#primaryimage\"},\"image\":{\"@id\":\"https:\/\/kangasemu.ee\/fi\/meista\/#primaryimage\"},\"thumbnailUrl\":\"https:\/\/kangasemu.ee\/wp-content\/uploads\/2020\/11\/logolight-3.png\",\"datePublished\":\"2021-08-05T11:45:55+00:00\",\"dateModified\":\"2025-05-13T23:04:59+00:00\",\"breadcrumb\":{\"@id\":\"https:\/\/kangasemu.ee\/fi\/meista\/#breadcrumb\"},\"inLanguage\":\"fi\",\"potentialAction\":[{\"@type\":\"ReadAction\",\"target\":[\"https:\/\/kangasemu.ee\/fi\/meista\/\"]}]},{\"@type\":\"ImageObject\",\"inLanguage\":\"fi\",\"@id\":\"https:\/\/kangasemu.ee\/fi\/meista\/#primaryimage\",\"url\":\"https:\/\/kangasemu.ee\/wp-content\/uploads\/2020\/11\/logolight-3.png\",\"contentUrl\":\"https:\/\/kangasemu.ee\/wp-content\/uploads\/2020\/11\/logolight-3.png\"},{\"@type\":\"BreadcrumbList\",\"@id\":\"https:\/\/kangasemu.ee\/fi\/meista\/#breadcrumb\",\"itemListElement\":[{\"@type\":\"ListItem\",\"position\":1,\"name\":\"Home\",\"item\":\"https:\/\/kangasemu.ee\/fi\/\"},{\"@type\":\"ListItem\",\"position\":2,\"name\":\"Meist\u00e4\"}]},{\"@type\":\"WebSite\",\"@id\":\"https:\/\/kangasemu.ee\/fi\/#website\",\"url\":\"https:\/\/kangasemu.ee\/fi\/\",\"name\":\"Kangasemu\",\"description\":\"Rozalen O\u00dc\",\"publisher\":{\"@id\":\"https:\/\/kangasemu.ee\/fi\/#organization\"},\"potentialAction\":[{\"@type\":\"SearchAction\",\"target\":{\"@type\":\"EntryPoint\",\"urlTemplate\":\"https:\/\/kangasemu.ee\/fi\/?s={search_term_string}\"},\"query-input\":{\"@type\":\"PropertyValueSpecification\",\"valueRequired\":true,\"valueName\":\"search_term_string\"}}],\"inLanguage\":\"fi\"},{\"@type\":\"Organization\",\"@id\":\"https:\/\/kangasemu.ee\/fi\/#organization\",\"name\":\"Rozalen O\u00fc\",\"url\":\"https:\/\/kangasemu.ee\/fi\/\",\"logo\":{\"@type\":\"ImageObject\",\"inLanguage\":\"fi\",\"@id\":\"https:\/\/kangasemu.ee\/fi\/#\/schema\/logo\/image\/\",\"url\":\"https:\/\/kangasemu.ee\/wp-content\/uploads\/2020\/11\/logodark-2.png\",\"contentUrl\":\"https:\/\/kangasemu.ee\/wp-content\/uploads\/2020\/11\/logodark-2.png\",\"width\":850,\"height\":384,\"caption\":\"Rozalen O\u00fc\"},\"image\":{\"@id\":\"https:\/\/kangasemu.ee\/fi\/#\/schema\/logo\/image\/\"},\"sameAs\":[\"https:\/\/www.facebook.com\/kangasemueesti\",\"https:\/\/www.instagram.com\/kangasemu\/\"]}]}<\/script>\n<!-- \/ Yoast SEO plugin. -->","yoast_head_json":{"title":"Meist\u00e4 - Kangasemu","robots":{"index":"index","follow":"follow","max-snippet":"max-snippet:-1","max-image-preview":"max-image-preview:large","max-video-preview":"max-video-preview:-1"},"canonical":"https:\/\/kangasemu.ee\/fi\/meista\/","og_locale":"fi_FI","og_type":"article","og_title":"Meist\u00e4 - Kangasemu","og_description":"Kangasemu on Rozalen O\u00dc Rozalen O\u00dc on uusi markkinoilla toimiva yritys, joka keskittyy enimm\u00e4kseen neulottujen kankaiden maahantuontiin, jotka sopivat housujen, t-paitojen, leggingsien, hattujen jne. Ompeluun. Myym\u00e4l\u00e4st\u00e4 l\u00f6yd\u00e4t sek\u00e4 kuviollisia ett\u00e4&hellip;","og_url":"https:\/\/kangasemu.ee\/fi\/meista\/","og_site_name":"Kangasemu","article_publisher":"https:\/\/www.facebook.com\/kangasemueesti","article_modified_time":"2025-05-13T23:04:59+00:00","og_image":[{"url":"https:\/\/kangasemu.ee\/wp-content\/uploads\/2020\/11\/logolight-3.png","type":"","width":"","height":""}],"twitter_card":"summary_large_image","twitter_misc":{"Arvioitu lukuaika":"2 minuuttia"},"schema":{"@context":"https:\/\/schema.org","@graph":[{"@type":"WebPage","@id":"https:\/\/kangasemu.ee\/meist\/","url":"https:\/\/kangasemu.ee\/fi\/meista\/","name":"Meist\u00e4 - Kangasemu","isPartOf":{"@id":"https:\/\/kangasemu.ee\/fi\/#website"},"primaryImageOfPage":{"@id":"https:\/\/kangasemu.ee\/fi\/meista\/#primaryimage"},"image":{"@id":"https:\/\/kangasemu.ee\/fi\/meista\/#primaryimage"},"thumbnailUrl":"https:\/\/kangasemu.ee\/wp-content\/uploads\/2020\/11\/logolight-3.png","datePublished":"2021-08-05T11:45:55+00:00","dateModified":"2025-05-13T23:04:59+00:00","breadcrumb":{"@id":"https:\/\/kangasemu.ee\/fi\/meista\/#breadcrumb"},"inLanguage":"fi","potentialAction":[{"@type":"ReadAction","target":["https:\/\/kangasemu.ee\/fi\/meista\/"]}]},{"@type":"ImageObject","inLanguage":"fi","@id":"https:\/\/kangasemu.ee\/fi\/meista\/#primaryimage","url":"https:\/\/kangasemu.ee\/wp-content\/uploads\/2020\/11\/logolight-3.png","contentUrl":"https:\/\/kangasemu.ee\/wp-content\/uploads\/2020\/11\/logolight-3.png"},{"@type":"BreadcrumbList","@id":"https:\/\/kangasemu.ee\/fi\/meista\/#breadcrumb","itemListElement":[{"@type":"ListItem","position":1,"name":"Home","item":"https:\/\/kangasemu.ee\/fi\/"},{"@type":"ListItem","position":2,"name":"Meist\u00e4"}]},{"@type":"WebSite","@id":"https:\/\/kangasemu.ee\/fi\/#website","url":"https:\/\/kangasemu.ee\/fi\/","name":"Kangasemu","description":"Rozalen O\u00dc","publisher":{"@id":"https:\/\/kangasemu.ee\/fi\/#organization"},"potentialAction":[{"@type":"SearchAction","target":{"@type":"EntryPoint","urlTemplate":"https:\/\/kangasemu.ee\/fi\/?s={search_term_string}"},"query-input":{"@type":"PropertyValueSpecification","valueRequired":true,"valueName":"search_term_string"}}],"inLanguage":"fi"},{"@type":"Organization","@id":"https:\/\/kangasemu.ee\/fi\/#organization","name":"Rozalen O\u00fc","url":"https:\/\/kangasemu.ee\/fi\/","logo":{"@type":"ImageObject","inLanguage":"fi","@id":"https:\/\/kangasemu.ee\/fi\/#\/schema\/logo\/image\/","url":"https:\/\/kangasemu.ee\/wp-content\/uploads\/2020\/11\/logodark-2.png","contentUrl":"https:\/\/kangasemu.ee\/wp-content\/uploads\/2020\/11\/logodark-2.png","width":850,"height":384,"caption":"Rozalen O\u00fc"},"image":{"@id":"https:\/\/kangasemu.ee\/fi\/#\/schema\/logo\/image\/"},"sameAs":["https:\/\/www.facebook.com\/kangasemueesti","https:\/\/www.instagram.com\/kangasemu\/"]}]}},"_links":{"self":[{"href":"https:\/\/kangasemu.ee\/fi\/wp-json\/wp\/v2\/pages\/13475","targetHints":{"allow":["GET"]}}],"collection":[{"href":"https:\/\/kangasemu.ee\/fi\/wp-json\/wp\/v2\/pages"}],"about":[{"href":"https:\/\/kangasemu.ee\/fi\/wp-json\/wp\/v2\/types\/page"}],"author":[{"embeddable":true,"href":"https:\/\/kangasemu.ee\/fi\/wp-json\/wp\/v2\/users\/1"}],"replies":[{"embeddable":true,"href":"https:\/\/kangasemu.ee\/fi\/wp-json\/wp\/v2\/comments?post=13475"}],"version-history":[{"count":1,"href":"https:\/\/kangasemu.ee\/fi\/wp-json\/wp\/v2\/pages\/13475\/revisions"}],"predecessor-version":[{"id":42390,"href":"https:\/\/kangasemu.ee\/fi\/wp-json\/wp\/v2\/pages\/13475\/revisions\/42390"}],"wp:attachment":[{"href":"https:\/\/kangasemu.ee\/fi\/wp-json\/wp\/v2\/media?parent=13475"}],"curies":[{"name":"wp","href":"https:\/\/api.w.org\/{rel}","templated":true}]}}