{"id":14659,"date":"2021-09-02T17:25:41","date_gmt":"2021-09-02T17:25:41","guid":{"rendered":"https:\/\/kangasemu.ee\/?post_type=product&#038;p=14659"},"modified":"2023-09-11T16:03:41","modified_gmt":"2023-09-11T16:03:41","slug":"koh-i-noor-roland-baby-trukid-helerohelised","status":"publish","type":"product","link":"https:\/\/kangasemu.ee\/fi\/toode\/koh-i-noor-roland-baby-trukid-helerohelised\/","title":{"rendered":"Koh-i-noor Roland Baby trukid, helerohelised"},"content":{"rendered":"","protected":false},"excerpt":{"rendered":"<p><strong><span style=\"color: #ff0000;\">NB! Hind kehtib \u00fche truki kohta!!<br \/>\n<\/span><\/strong>Koh-i-noor Roland Baby 9.7mm trukid sobivad ideaalselt beebiriietele ja \u00f5hemaltele toodetele. T\u00fckikaupa m\u00fc\u00fcdavatel trukkidel matriitse kaasas pole. Paigaldamiseks sobivad nii Prym kui ka Koh-i-noor trukitangid.<\/p>\n","protected":false},"featured_media":14683,"comment_status":"open","ping_status":"closed","template":"","meta":{"_lmt_disableupdate":"","_lmt_disable":""},"product_brand":[],"product_cat":[1003],"product_tag":[1007,773,1004,1006,1005],"class_list":{"0":"post-14659","1":"product","2":"type-product","3":"status-publish","4":"has-post-thumbnail","6":"product_cat-koh-i-noor-trukid-ja-paigaldustarvikud","7":"product_tag-9-7mm","8":"product_tag-heleroheline","9":"product_tag-koh-i-noor","10":"product_tag-omblustarvikud","11":"product_tag-trukid","12":"pa_varv-heleroheline","14":"first","15":"instock","16":"taxable","17":"shipping-taxable","18":"purchasable","19":"product-type-simple"},"yoast_head":"<!-- This site is optimized with the Yoast SEO plugin v27.2 - https:\/\/yoast.com\/product\/yoast-seo-wordpress\/ -->\n<title>Koh-i-noor Roland Baby trukid, helerohelised - Kangasemu Trukid<\/title>\n<meta name=\"description\" content=\"Koh-i-noor trukid helerohelised | Koh-i-noor Roland Baby 9.7mm trukid sobivad ideaalselt beebiriietele ja \u00f5hemaltele toodetele...\" \/>\n<meta name=\"robots\" content=\"index, follow, max-snippet:-1, max-image-preview:large, max-video-preview:-1\" \/>\n<link rel=\"canonical\" href=\"https:\/\/kangasemu.ee\/toode\/koh-i-noor-roland-baby-trukid-helerohelised\/\" \/>\n<meta property=\"og:locale\" content=\"fi_FI\" \/>\n<meta property=\"og:type\" content=\"article\" \/>\n<meta property=\"og:title\" content=\"Koh-i-noor Roland Baby trukid, helerohelised - Kangasemu Trukid\" \/>\n<meta property=\"og:description\" content=\"Koh-i-noor trukid helerohelised | Koh-i-noor Roland Baby 9.7mm trukid sobivad ideaalselt beebiriietele ja \u00f5hemaltele toodetele...\" \/>\n<meta property=\"og:url\" content=\"https:\/\/kangasemu.ee\/toode\/koh-i-noor-roland-baby-trukid-helerohelised\/\" \/>\n<meta property=\"og:site_name\" content=\"Kangasemu\" \/>\n<meta property=\"article:publisher\" content=\"https:\/\/www.facebook.com\/kangasemueesti\" \/>\n<meta property=\"article:modified_time\" content=\"2023-09-11T16:03:41+00:00\" \/>\n<meta property=\"og:image\" content=\"https:\/\/kangasemu.ee\/wp-content\/uploads\/2021\/09\/9AD3FD0C-5194-4186-BB84-CD3E4ACCB40B.png\" \/>\n\t<meta property=\"og:image:width\" content=\"720\" \/>\n\t<meta property=\"og:image:height\" content=\"720\" \/>\n\t<meta property=\"og:image:type\" content=\"image\/png\" \/>\n<meta name=\"twitter:card\" content=\"summary_large_image\" \/>\n<script type=\"application\/ld+json\" class=\"yoast-schema-graph\">{\"@context\":\"https:\/\/schema.org\",\"@graph\":[{\"@type\":\"WebPage\",\"@id\":\"https:\/\/kangasemu.ee\/toode\/koh-i-noor-roland-baby-trukid-helerohelised\/\",\"url\":\"https:\/\/kangasemu.ee\/toode\/koh-i-noor-roland-baby-trukid-helerohelised\/\",\"name\":\"Koh-i-noor Roland Baby trukid, helerohelised - Kangasemu Trukid\",\"isPartOf\":{\"@id\":\"https:\/\/kangasemu.ee\/fi\/#website\"},\"primaryImageOfPage\":{\"@id\":\"https:\/\/kangasemu.ee\/toode\/koh-i-noor-roland-baby-trukid-helerohelised\/#primaryimage\"},\"image\":{\"@id\":\"https:\/\/kangasemu.ee\/toode\/koh-i-noor-roland-baby-trukid-helerohelised\/#primaryimage\"},\"thumbnailUrl\":\"https:\/\/kangasemu.ee\/wp-content\/uploads\/2021\/09\/9AD3FD0C-5194-4186-BB84-CD3E4ACCB40B.png\",\"datePublished\":\"2021-09-02T17:25:41+00:00\",\"dateModified\":\"2023-09-11T16:03:41+00:00\",\"description\":\"Koh-i-noor trukid helerohelised | Koh-i-noor Roland Baby 9.7mm trukid sobivad ideaalselt beebiriietele ja \u00f5hemaltele toodetele...\",\"breadcrumb\":{\"@id\":\"https:\/\/kangasemu.ee\/toode\/koh-i-noor-roland-baby-trukid-helerohelised\/#breadcrumb\"},\"inLanguage\":\"fi\",\"potentialAction\":[{\"@type\":\"ReadAction\",\"target\":[\"https:\/\/kangasemu.ee\/toode\/koh-i-noor-roland-baby-trukid-helerohelised\/\"]}]},{\"@type\":\"ImageObject\",\"inLanguage\":\"fi\",\"@id\":\"https:\/\/kangasemu.ee\/toode\/koh-i-noor-roland-baby-trukid-helerohelised\/#primaryimage\",\"url\":\"https:\/\/kangasemu.ee\/wp-content\/uploads\/2021\/09\/9AD3FD0C-5194-4186-BB84-CD3E4ACCB40B.png\",\"contentUrl\":\"https:\/\/kangasemu.ee\/wp-content\/uploads\/2021\/09\/9AD3FD0C-5194-4186-BB84-CD3E4ACCB40B.png\",\"width\":720,\"height\":720},{\"@type\":\"BreadcrumbList\",\"@id\":\"https:\/\/kangasemu.ee\/toode\/koh-i-noor-roland-baby-trukid-helerohelised\/#breadcrumb\",\"itemListElement\":[{\"@type\":\"ListItem\",\"position\":1,\"name\":\"Home\",\"item\":\"https:\/\/kangasemu.ee\/fi\/\"},{\"@type\":\"ListItem\",\"position\":2,\"name\":\"Myym\u00e4l\u00e4\",\"item\":\"https:\/\/kangasemu.ee\/fi\/shop\/\"},{\"@type\":\"ListItem\",\"position\":3,\"name\":\"Koh-i-noor Roland Baby trukid, helerohelised\"}]},{\"@type\":\"WebSite\",\"@id\":\"https:\/\/kangasemu.ee\/fi\/#website\",\"url\":\"https:\/\/kangasemu.ee\/fi\/\",\"name\":\"Kangasemu\",\"description\":\"Rozalen O\u00dc\",\"publisher\":{\"@id\":\"https:\/\/kangasemu.ee\/fi\/#organization\"},\"potentialAction\":[{\"@type\":\"SearchAction\",\"target\":{\"@type\":\"EntryPoint\",\"urlTemplate\":\"https:\/\/kangasemu.ee\/fi\/?s={search_term_string}\"},\"query-input\":{\"@type\":\"PropertyValueSpecification\",\"valueRequired\":true,\"valueName\":\"search_term_string\"}}],\"inLanguage\":\"fi\"},{\"@type\":\"Organization\",\"@id\":\"https:\/\/kangasemu.ee\/fi\/#organization\",\"name\":\"Rozalen O\u00fc\",\"url\":\"https:\/\/kangasemu.ee\/fi\/\",\"logo\":{\"@type\":\"ImageObject\",\"inLanguage\":\"fi\",\"@id\":\"https:\/\/kangasemu.ee\/fi\/#\/schema\/logo\/image\/\",\"url\":\"https:\/\/kangasemu.ee\/wp-content\/uploads\/2020\/11\/logodark-2.png\",\"contentUrl\":\"https:\/\/kangasemu.ee\/wp-content\/uploads\/2020\/11\/logodark-2.png\",\"width\":850,\"height\":384,\"caption\":\"Rozalen O\u00fc\"},\"image\":{\"@id\":\"https:\/\/kangasemu.ee\/fi\/#\/schema\/logo\/image\/\"},\"sameAs\":[\"https:\/\/www.facebook.com\/kangasemueesti\",\"https:\/\/www.instagram.com\/kangasemu\/\"]}]}<\/script>\n<!-- \/ Yoast SEO plugin. -->","yoast_head_json":{"title":"Koh-i-noor Roland Baby trukid, helerohelised - Kangasemu Trukid","description":"Koh-i-noor trukid helerohelised | Koh-i-noor Roland Baby 9.7mm trukid sobivad ideaalselt beebiriietele ja \u00f5hemaltele toodetele...","robots":{"index":"index","follow":"follow","max-snippet":"max-snippet:-1","max-image-preview":"max-image-preview:large","max-video-preview":"max-video-preview:-1"},"canonical":"https:\/\/kangasemu.ee\/toode\/koh-i-noor-roland-baby-trukid-helerohelised\/","og_locale":"fi_FI","og_type":"article","og_title":"Koh-i-noor Roland Baby trukid, helerohelised - Kangasemu Trukid","og_description":"Koh-i-noor trukid helerohelised | Koh-i-noor Roland Baby 9.7mm trukid sobivad ideaalselt beebiriietele ja \u00f5hemaltele toodetele...","og_url":"https:\/\/kangasemu.ee\/toode\/koh-i-noor-roland-baby-trukid-helerohelised\/","og_site_name":"Kangasemu","article_publisher":"https:\/\/www.facebook.com\/kangasemueesti","article_modified_time":"2023-09-11T16:03:41+00:00","og_image":[{"width":720,"height":720,"url":"https:\/\/kangasemu.ee\/wp-content\/uploads\/2021\/09\/9AD3FD0C-5194-4186-BB84-CD3E4ACCB40B.png","type":"image\/png"}],"twitter_card":"summary_large_image","schema":{"@context":"https:\/\/schema.org","@graph":[{"@type":"WebPage","@id":"https:\/\/kangasemu.ee\/toode\/koh-i-noor-roland-baby-trukid-helerohelised\/","url":"https:\/\/kangasemu.ee\/toode\/koh-i-noor-roland-baby-trukid-helerohelised\/","name":"Koh-i-noor Roland Baby trukid, helerohelised - Kangasemu Trukid","isPartOf":{"@id":"https:\/\/kangasemu.ee\/fi\/#website"},"primaryImageOfPage":{"@id":"https:\/\/kangasemu.ee\/toode\/koh-i-noor-roland-baby-trukid-helerohelised\/#primaryimage"},"image":{"@id":"https:\/\/kangasemu.ee\/toode\/koh-i-noor-roland-baby-trukid-helerohelised\/#primaryimage"},"thumbnailUrl":"https:\/\/kangasemu.ee\/wp-content\/uploads\/2021\/09\/9AD3FD0C-5194-4186-BB84-CD3E4ACCB40B.png","datePublished":"2021-09-02T17:25:41+00:00","dateModified":"2023-09-11T16:03:41+00:00","description":"Koh-i-noor trukid helerohelised | Koh-i-noor Roland Baby 9.7mm trukid sobivad ideaalselt beebiriietele ja \u00f5hemaltele toodetele...","breadcrumb":{"@id":"https:\/\/kangasemu.ee\/toode\/koh-i-noor-roland-baby-trukid-helerohelised\/#breadcrumb"},"inLanguage":"fi","potentialAction":[{"@type":"ReadAction","target":["https:\/\/kangasemu.ee\/toode\/koh-i-noor-roland-baby-trukid-helerohelised\/"]}]},{"@type":"ImageObject","inLanguage":"fi","@id":"https:\/\/kangasemu.ee\/toode\/koh-i-noor-roland-baby-trukid-helerohelised\/#primaryimage","url":"https:\/\/kangasemu.ee\/wp-content\/uploads\/2021\/09\/9AD3FD0C-5194-4186-BB84-CD3E4ACCB40B.png","contentUrl":"https:\/\/kangasemu.ee\/wp-content\/uploads\/2021\/09\/9AD3FD0C-5194-4186-BB84-CD3E4ACCB40B.png","width":720,"height":720},{"@type":"BreadcrumbList","@id":"https:\/\/kangasemu.ee\/toode\/koh-i-noor-roland-baby-trukid-helerohelised\/#breadcrumb","itemListElement":[{"@type":"ListItem","position":1,"name":"Home","item":"https:\/\/kangasemu.ee\/fi\/"},{"@type":"ListItem","position":2,"name":"Myym\u00e4l\u00e4","item":"https:\/\/kangasemu.ee\/fi\/shop\/"},{"@type":"ListItem","position":3,"name":"Koh-i-noor Roland Baby trukid, helerohelised"}]},{"@type":"WebSite","@id":"https:\/\/kangasemu.ee\/fi\/#website","url":"https:\/\/kangasemu.ee\/fi\/","name":"Kangasemu","description":"Rozalen O\u00dc","publisher":{"@id":"https:\/\/kangasemu.ee\/fi\/#organization"},"potentialAction":[{"@type":"SearchAction","target":{"@type":"EntryPoint","urlTemplate":"https:\/\/kangasemu.ee\/fi\/?s={search_term_string}"},"query-input":{"@type":"PropertyValueSpecification","valueRequired":true,"valueName":"search_term_string"}}],"inLanguage":"fi"},{"@type":"Organization","@id":"https:\/\/kangasemu.ee\/fi\/#organization","name":"Rozalen O\u00fc","url":"https:\/\/kangasemu.ee\/fi\/","logo":{"@type":"ImageObject","inLanguage":"fi","@id":"https:\/\/kangasemu.ee\/fi\/#\/schema\/logo\/image\/","url":"https:\/\/kangasemu.ee\/wp-content\/uploads\/2020\/11\/logodark-2.png","contentUrl":"https:\/\/kangasemu.ee\/wp-content\/uploads\/2020\/11\/logodark-2.png","width":850,"height":384,"caption":"Rozalen O\u00fc"},"image":{"@id":"https:\/\/kangasemu.ee\/fi\/#\/schema\/logo\/image\/"},"sameAs":["https:\/\/www.facebook.com\/kangasemueesti","https:\/\/www.instagram.com\/kangasemu\/"]}]}},"_links":{"self":[{"href":"https:\/\/kangasemu.ee\/fi\/wp-json\/wp\/v2\/product\/14659","targetHints":{"allow":["GET"]}}],"collection":[{"href":"https:\/\/kangasemu.ee\/fi\/wp-json\/wp\/v2\/product"}],"about":[{"href":"https:\/\/kangasemu.ee\/fi\/wp-json\/wp\/v2\/types\/product"}],"replies":[{"embeddable":true,"href":"https:\/\/kangasemu.ee\/fi\/wp-json\/wp\/v2\/comments?post=14659"}],"version-history":[{"count":0,"href":"https:\/\/kangasemu.ee\/fi\/wp-json\/wp\/v2\/product\/14659\/revisions"}],"wp:featuredmedia":[{"embeddable":true,"href":"https:\/\/kangasemu.ee\/fi\/wp-json\/wp\/v2\/media\/14683"}],"wp:attachment":[{"href":"https:\/\/kangasemu.ee\/fi\/wp-json\/wp\/v2\/media?parent=14659"}],"wp:term":[{"taxonomy":"product_brand","embeddable":true,"href":"https:\/\/kangasemu.ee\/fi\/wp-json\/wp\/v2\/product_brand?post=14659"},{"taxonomy":"product_cat","embeddable":true,"href":"https:\/\/kangasemu.ee\/fi\/wp-json\/wp\/v2\/product_cat?post=14659"},{"taxonomy":"product_tag","embeddable":true,"href":"https:\/\/kangasemu.ee\/fi\/wp-json\/wp\/v2\/product_tag?post=14659"}],"curies":[{"name":"wp","href":"https:\/\/api.w.org\/{rel}","templated":true}]}}