{"id":14669,"date":"2021-09-02T17:34:55","date_gmt":"2021-09-02T17:34:55","guid":{"rendered":"https:\/\/kangasemu.ee\/?post_type=product&#038;p=14669"},"modified":"2024-11-02T14:51:59","modified_gmt":"2024-11-02T12:51:59","slug":"koh-i-noor-roland-baby-trukid-tumelillad","status":"publish","type":"product","link":"https:\/\/kangasemu.ee\/fi\/toode\/koh-i-noor-roland-baby-trukid-tumelillad\/","title":{"rendered":"Koh-i-noor Roland Baby trukid, tumelillad"},"content":{"rendered":"","protected":false},"excerpt":{"rendered":"<p><strong><span style=\"color: #ff0000;\">NB! Hind kehtib \u00fche truki kohta!!<br \/>\n<\/span><\/strong>Koh-i-noor Roland Baby 9.7mm trukid sobivad ideaalselt beebiriietele ja \u00f5hemaltele toodetele. T\u00fckikaupa m\u00fc\u00fcdavatel trukkidel matriitse kaasas pole. Paigaldamiseks sobivad nii Prym kui ka Koh-i-noor trukitangid.<\/p>\n","protected":false},"featured_media":14677,"comment_status":"open","ping_status":"closed","template":"","meta":{"_lmt_disableupdate":"","_lmt_disable":""},"product_brand":[],"product_cat":[1003],"product_tag":[1007,1004,1006,1005,654],"class_list":{"0":"post-14669","1":"product","2":"type-product","3":"status-publish","4":"has-post-thumbnail","6":"product_cat-koh-i-noor-trukid-ja-paigaldustarvikud","7":"product_tag-9-7mm","8":"product_tag-koh-i-noor","9":"product_tag-omblustarvikud","10":"product_tag-trukid","11":"product_tag-tumelilla","12":"pa_varv-lilla","13":"pa_varv-tumelilla","15":"first","16":"instock","17":"taxable","18":"shipping-taxable","19":"purchasable","20":"product-type-simple"},"yoast_head":"<!-- This site is optimized with the Yoast SEO plugin v27.2 - https:\/\/yoast.com\/product\/yoast-seo-wordpress\/ -->\n<title>Koh-i-noor Roland Baby trukid, tumelillad - Kangasemu Koh-i-noor trukid<\/title>\n<meta name=\"description\" content=\"Koh-i-noor trukid, tumelillad | Koh-i-noor Roland Baby 9.7mm trukid sobivad ideaalselt beebiriietele ja \u00f5hemaltele toodetele...\" \/>\n<meta name=\"robots\" content=\"index, follow, max-snippet:-1, max-image-preview:large, max-video-preview:-1\" \/>\n<link rel=\"canonical\" href=\"https:\/\/kangasemu.ee\/toode\/koh-i-noor-roland-baby-trukid-tumelillad\/\" \/>\n<meta property=\"og:locale\" content=\"fi_FI\" \/>\n<meta property=\"og:type\" content=\"article\" \/>\n<meta property=\"og:title\" content=\"Koh-i-noor Roland Baby trukid, tumelillad - Kangasemu Koh-i-noor trukid\" \/>\n<meta property=\"og:description\" content=\"Koh-i-noor trukid, tumelillad | Koh-i-noor Roland Baby 9.7mm trukid sobivad ideaalselt beebiriietele ja \u00f5hemaltele toodetele...\" \/>\n<meta property=\"og:url\" content=\"https:\/\/kangasemu.ee\/toode\/koh-i-noor-roland-baby-trukid-tumelillad\/\" \/>\n<meta property=\"og:site_name\" content=\"Kangasemu\" \/>\n<meta property=\"article:publisher\" content=\"https:\/\/www.facebook.com\/kangasemueesti\" \/>\n<meta property=\"article:modified_time\" content=\"2024-11-02T12:51:59+00:00\" \/>\n<meta property=\"og:image\" content=\"https:\/\/kangasemu.ee\/wp-content\/uploads\/2021\/09\/C7F5C15C-B081-4B57-8F4E-8BDF61153330.png\" \/>\n\t<meta property=\"og:image:width\" content=\"720\" \/>\n\t<meta property=\"og:image:height\" content=\"720\" \/>\n\t<meta property=\"og:image:type\" content=\"image\/png\" \/>\n<meta name=\"twitter:card\" content=\"summary_large_image\" \/>\n<script type=\"application\/ld+json\" class=\"yoast-schema-graph\">{\"@context\":\"https:\/\/schema.org\",\"@graph\":[{\"@type\":\"WebPage\",\"@id\":\"https:\/\/kangasemu.ee\/toode\/koh-i-noor-roland-baby-trukid-tumelillad\/\",\"url\":\"https:\/\/kangasemu.ee\/toode\/koh-i-noor-roland-baby-trukid-tumelillad\/\",\"name\":\"Koh-i-noor Roland Baby trukid, tumelillad - Kangasemu Koh-i-noor trukid\",\"isPartOf\":{\"@id\":\"https:\/\/kangasemu.ee\/fi\/#website\"},\"primaryImageOfPage\":{\"@id\":\"https:\/\/kangasemu.ee\/toode\/koh-i-noor-roland-baby-trukid-tumelillad\/#primaryimage\"},\"image\":{\"@id\":\"https:\/\/kangasemu.ee\/toode\/koh-i-noor-roland-baby-trukid-tumelillad\/#primaryimage\"},\"thumbnailUrl\":\"https:\/\/kangasemu.ee\/wp-content\/uploads\/2021\/09\/C7F5C15C-B081-4B57-8F4E-8BDF61153330.png\",\"datePublished\":\"2021-09-02T17:34:55+00:00\",\"dateModified\":\"2024-11-02T12:51:59+00:00\",\"description\":\"Koh-i-noor trukid, tumelillad | Koh-i-noor Roland Baby 9.7mm trukid sobivad ideaalselt beebiriietele ja \u00f5hemaltele toodetele...\",\"breadcrumb\":{\"@id\":\"https:\/\/kangasemu.ee\/toode\/koh-i-noor-roland-baby-trukid-tumelillad\/#breadcrumb\"},\"inLanguage\":\"fi\",\"potentialAction\":[{\"@type\":\"ReadAction\",\"target\":[\"https:\/\/kangasemu.ee\/toode\/koh-i-noor-roland-baby-trukid-tumelillad\/\"]}]},{\"@type\":\"ImageObject\",\"inLanguage\":\"fi\",\"@id\":\"https:\/\/kangasemu.ee\/toode\/koh-i-noor-roland-baby-trukid-tumelillad\/#primaryimage\",\"url\":\"https:\/\/kangasemu.ee\/wp-content\/uploads\/2021\/09\/C7F5C15C-B081-4B57-8F4E-8BDF61153330.png\",\"contentUrl\":\"https:\/\/kangasemu.ee\/wp-content\/uploads\/2021\/09\/C7F5C15C-B081-4B57-8F4E-8BDF61153330.png\",\"width\":720,\"height\":720},{\"@type\":\"BreadcrumbList\",\"@id\":\"https:\/\/kangasemu.ee\/toode\/koh-i-noor-roland-baby-trukid-tumelillad\/#breadcrumb\",\"itemListElement\":[{\"@type\":\"ListItem\",\"position\":1,\"name\":\"Home\",\"item\":\"https:\/\/kangasemu.ee\/fi\/\"},{\"@type\":\"ListItem\",\"position\":2,\"name\":\"Myym\u00e4l\u00e4\",\"item\":\"https:\/\/kangasemu.ee\/fi\/shop\/\"},{\"@type\":\"ListItem\",\"position\":3,\"name\":\"Koh-i-noor Roland Baby trukid, tumelillad\"}]},{\"@type\":\"WebSite\",\"@id\":\"https:\/\/kangasemu.ee\/fi\/#website\",\"url\":\"https:\/\/kangasemu.ee\/fi\/\",\"name\":\"Kangasemu\",\"description\":\"Rozalen O\u00dc\",\"publisher\":{\"@id\":\"https:\/\/kangasemu.ee\/fi\/#organization\"},\"potentialAction\":[{\"@type\":\"SearchAction\",\"target\":{\"@type\":\"EntryPoint\",\"urlTemplate\":\"https:\/\/kangasemu.ee\/fi\/?s={search_term_string}\"},\"query-input\":{\"@type\":\"PropertyValueSpecification\",\"valueRequired\":true,\"valueName\":\"search_term_string\"}}],\"inLanguage\":\"fi\"},{\"@type\":\"Organization\",\"@id\":\"https:\/\/kangasemu.ee\/fi\/#organization\",\"name\":\"Rozalen O\u00fc\",\"url\":\"https:\/\/kangasemu.ee\/fi\/\",\"logo\":{\"@type\":\"ImageObject\",\"inLanguage\":\"fi\",\"@id\":\"https:\/\/kangasemu.ee\/fi\/#\/schema\/logo\/image\/\",\"url\":\"https:\/\/kangasemu.ee\/wp-content\/uploads\/2020\/11\/logodark-2.png\",\"contentUrl\":\"https:\/\/kangasemu.ee\/wp-content\/uploads\/2020\/11\/logodark-2.png\",\"width\":850,\"height\":384,\"caption\":\"Rozalen O\u00fc\"},\"image\":{\"@id\":\"https:\/\/kangasemu.ee\/fi\/#\/schema\/logo\/image\/\"},\"sameAs\":[\"https:\/\/www.facebook.com\/kangasemueesti\",\"https:\/\/www.instagram.com\/kangasemu\/\"]}]}<\/script>\n<!-- \/ Yoast SEO plugin. -->","yoast_head_json":{"title":"Koh-i-noor Roland Baby trukid, tumelillad - Kangasemu Koh-i-noor trukid","description":"Koh-i-noor trukid, tumelillad | Koh-i-noor Roland Baby 9.7mm trukid sobivad ideaalselt beebiriietele ja \u00f5hemaltele toodetele...","robots":{"index":"index","follow":"follow","max-snippet":"max-snippet:-1","max-image-preview":"max-image-preview:large","max-video-preview":"max-video-preview:-1"},"canonical":"https:\/\/kangasemu.ee\/toode\/koh-i-noor-roland-baby-trukid-tumelillad\/","og_locale":"fi_FI","og_type":"article","og_title":"Koh-i-noor Roland Baby trukid, tumelillad - Kangasemu Koh-i-noor trukid","og_description":"Koh-i-noor trukid, tumelillad | Koh-i-noor Roland Baby 9.7mm trukid sobivad ideaalselt beebiriietele ja \u00f5hemaltele toodetele...","og_url":"https:\/\/kangasemu.ee\/toode\/koh-i-noor-roland-baby-trukid-tumelillad\/","og_site_name":"Kangasemu","article_publisher":"https:\/\/www.facebook.com\/kangasemueesti","article_modified_time":"2024-11-02T12:51:59+00:00","og_image":[{"width":720,"height":720,"url":"https:\/\/kangasemu.ee\/wp-content\/uploads\/2021\/09\/C7F5C15C-B081-4B57-8F4E-8BDF61153330.png","type":"image\/png"}],"twitter_card":"summary_large_image","schema":{"@context":"https:\/\/schema.org","@graph":[{"@type":"WebPage","@id":"https:\/\/kangasemu.ee\/toode\/koh-i-noor-roland-baby-trukid-tumelillad\/","url":"https:\/\/kangasemu.ee\/toode\/koh-i-noor-roland-baby-trukid-tumelillad\/","name":"Koh-i-noor Roland Baby trukid, tumelillad - Kangasemu Koh-i-noor trukid","isPartOf":{"@id":"https:\/\/kangasemu.ee\/fi\/#website"},"primaryImageOfPage":{"@id":"https:\/\/kangasemu.ee\/toode\/koh-i-noor-roland-baby-trukid-tumelillad\/#primaryimage"},"image":{"@id":"https:\/\/kangasemu.ee\/toode\/koh-i-noor-roland-baby-trukid-tumelillad\/#primaryimage"},"thumbnailUrl":"https:\/\/kangasemu.ee\/wp-content\/uploads\/2021\/09\/C7F5C15C-B081-4B57-8F4E-8BDF61153330.png","datePublished":"2021-09-02T17:34:55+00:00","dateModified":"2024-11-02T12:51:59+00:00","description":"Koh-i-noor trukid, tumelillad | Koh-i-noor Roland Baby 9.7mm trukid sobivad ideaalselt beebiriietele ja \u00f5hemaltele toodetele...","breadcrumb":{"@id":"https:\/\/kangasemu.ee\/toode\/koh-i-noor-roland-baby-trukid-tumelillad\/#breadcrumb"},"inLanguage":"fi","potentialAction":[{"@type":"ReadAction","target":["https:\/\/kangasemu.ee\/toode\/koh-i-noor-roland-baby-trukid-tumelillad\/"]}]},{"@type":"ImageObject","inLanguage":"fi","@id":"https:\/\/kangasemu.ee\/toode\/koh-i-noor-roland-baby-trukid-tumelillad\/#primaryimage","url":"https:\/\/kangasemu.ee\/wp-content\/uploads\/2021\/09\/C7F5C15C-B081-4B57-8F4E-8BDF61153330.png","contentUrl":"https:\/\/kangasemu.ee\/wp-content\/uploads\/2021\/09\/C7F5C15C-B081-4B57-8F4E-8BDF61153330.png","width":720,"height":720},{"@type":"BreadcrumbList","@id":"https:\/\/kangasemu.ee\/toode\/koh-i-noor-roland-baby-trukid-tumelillad\/#breadcrumb","itemListElement":[{"@type":"ListItem","position":1,"name":"Home","item":"https:\/\/kangasemu.ee\/fi\/"},{"@type":"ListItem","position":2,"name":"Myym\u00e4l\u00e4","item":"https:\/\/kangasemu.ee\/fi\/shop\/"},{"@type":"ListItem","position":3,"name":"Koh-i-noor Roland Baby trukid, tumelillad"}]},{"@type":"WebSite","@id":"https:\/\/kangasemu.ee\/fi\/#website","url":"https:\/\/kangasemu.ee\/fi\/","name":"Kangasemu","description":"Rozalen O\u00dc","publisher":{"@id":"https:\/\/kangasemu.ee\/fi\/#organization"},"potentialAction":[{"@type":"SearchAction","target":{"@type":"EntryPoint","urlTemplate":"https:\/\/kangasemu.ee\/fi\/?s={search_term_string}"},"query-input":{"@type":"PropertyValueSpecification","valueRequired":true,"valueName":"search_term_string"}}],"inLanguage":"fi"},{"@type":"Organization","@id":"https:\/\/kangasemu.ee\/fi\/#organization","name":"Rozalen O\u00fc","url":"https:\/\/kangasemu.ee\/fi\/","logo":{"@type":"ImageObject","inLanguage":"fi","@id":"https:\/\/kangasemu.ee\/fi\/#\/schema\/logo\/image\/","url":"https:\/\/kangasemu.ee\/wp-content\/uploads\/2020\/11\/logodark-2.png","contentUrl":"https:\/\/kangasemu.ee\/wp-content\/uploads\/2020\/11\/logodark-2.png","width":850,"height":384,"caption":"Rozalen O\u00fc"},"image":{"@id":"https:\/\/kangasemu.ee\/fi\/#\/schema\/logo\/image\/"},"sameAs":["https:\/\/www.facebook.com\/kangasemueesti","https:\/\/www.instagram.com\/kangasemu\/"]}]}},"_links":{"self":[{"href":"https:\/\/kangasemu.ee\/fi\/wp-json\/wp\/v2\/product\/14669","targetHints":{"allow":["GET"]}}],"collection":[{"href":"https:\/\/kangasemu.ee\/fi\/wp-json\/wp\/v2\/product"}],"about":[{"href":"https:\/\/kangasemu.ee\/fi\/wp-json\/wp\/v2\/types\/product"}],"replies":[{"embeddable":true,"href":"https:\/\/kangasemu.ee\/fi\/wp-json\/wp\/v2\/comments?post=14669"}],"version-history":[{"count":0,"href":"https:\/\/kangasemu.ee\/fi\/wp-json\/wp\/v2\/product\/14669\/revisions"}],"wp:featuredmedia":[{"embeddable":true,"href":"https:\/\/kangasemu.ee\/fi\/wp-json\/wp\/v2\/media\/14677"}],"wp:attachment":[{"href":"https:\/\/kangasemu.ee\/fi\/wp-json\/wp\/v2\/media?parent=14669"}],"wp:term":[{"taxonomy":"product_brand","embeddable":true,"href":"https:\/\/kangasemu.ee\/fi\/wp-json\/wp\/v2\/product_brand?post=14669"},{"taxonomy":"product_cat","embeddable":true,"href":"https:\/\/kangasemu.ee\/fi\/wp-json\/wp\/v2\/product_cat?post=14669"},{"taxonomy":"product_tag","embeddable":true,"href":"https:\/\/kangasemu.ee\/fi\/wp-json\/wp\/v2\/product_tag?post=14669"}],"curies":[{"name":"wp","href":"https:\/\/api.w.org\/{rel}","templated":true}]}}