{"id":30401,"date":"2023-05-11T06:16:19","date_gmt":"2023-05-11T06:16:19","guid":{"rendered":"https:\/\/kangasemu.ee\/toode\/raidallinen-putkimainen-2x1-vihrea-kuusi-2x65-cm\/"},"modified":"2023-07-21T10:53:31","modified_gmt":"2023-07-21T10:53:31","slug":"uurrettu-torusoidi-2x1-vihrea-kuusi-2x65-cm","status":"publish","type":"product","link":"https:\/\/kangasemu.ee\/fi\/toode\/uurrettu-torusoidi-2x1-vihrea-kuusi-2x65-cm\/","title":{"rendered":"Raidallinen putkimainen 2X1 vihre\u00e4 kuusi (2&#215;65 cm)"},"content":{"rendered":"<p>Huomioithan, ett\u00e4 kankaan v\u00e4ri voi poiketa todellisesta v\u00e4rist\u00e4 johtuen valokuvien ja n\u00e4ytt\u00f6jen eroista !<\/p>\n<ul>\n<li>Kankaat on pest\u00e4v\u00e4 30 asteen l\u00e4mp\u00f6tilassa valmistajan ilmoittamalla tavalla.<\/li>\n<li>Pese valmiit vaatteet nurinp\u00e4in.<\/li>\n<li>Rumpukuivaus ja valkaisu eiv\u00e4t ole sallittuja.<\/li>\n<li>Kun tummia ja vaaleita kankaita ommellaan yhteen, tummempi kangas (esim. kylkikangas) saattaa v\u00e4rj\u00e4t\u00e4 vaaleaa kangasta pesussa. (Suosittelemme v\u00e4riloukkujen k\u00e4ytt\u00f6\u00e4)<\/li>\n<li>Silit\u00e4 tuotteet keskil\u00e4mm\u00f6ll\u00e4 (130-150 astetta).<\/li>\n<li>Oman kokemukseni perusteella kankaan v\u00e4rin kesto s\u00e4ilyy paremmin, jos k\u00e4yt\u00e4t pesuainetta jauheen sijasta ja jos tummia v\u00e4rej\u00e4 pest\u00e4\u00e4n tummalla pesuaineella ja vaaleampia v\u00e4rej\u00e4 vaalealla pesuaineella.<\/li>\n<\/ul>\n<p><a href=\"https:\/\/kangasemu.ee\/wp-content\/uploads\/2020\/11\/Oko-Tex100.jpg\" data-rel=\"penci-gallery-image-content\" ><img fetchpriority=\"high\" decoding=\"async\" class=\"alignnone size-medium wp-image-8167\" src=\"https:\/\/kangasemu.ee\/wp-content\/uploads\/2020\/11\/Oko-Tex100-330x330.jpg\" alt=\"\" width=\"330\" height=\"330\" srcset=\"https:\/\/kangasemu.ee\/wp-content\/uploads\/2020\/11\/Oko-Tex100-330x330.jpg 330w, https:\/\/kangasemu.ee\/wp-content\/uploads\/2020\/11\/Oko-Tex100-465x465.jpg 465w, https:\/\/kangasemu.ee\/wp-content\/uploads\/2020\/11\/Oko-Tex100-100x100.jpg 100w, https:\/\/kangasemu.ee\/wp-content\/uploads\/2020\/11\/Oko-Tex100-600x600.jpg 600w, https:\/\/kangasemu.ee\/wp-content\/uploads\/2020\/11\/Oko-Tex100-440x440.jpg 440w, https:\/\/kangasemu.ee\/wp-content\/uploads\/2020\/11\/Oko-Tex100-768x768.jpg 768w, https:\/\/kangasemu.ee\/wp-content\/uploads\/2020\/11\/Oko-Tex100.jpg 1200w\" sizes=\"(max-width: 330px) 100vw, 330px\" \/><\/a><\/p>\n","protected":false},"excerpt":{"rendered":"<p>2X1- tai kylkilistat sopivat paremmin keskikokoisille ja paksummille kankaille hihojen taskuissa ja alareunassa.<\/p>\n<p>2&#215;1 uurrettu putkimainen kartio<br \/>\n320g, noin 2&#215;65 cm<br \/>\n95% puuvillaa, 5% elastaania<br \/>\n\u00d6ko-Tex100<\/p>\n<p>Hinta on metrilt\u00e4. 0,1 m:n lis\u00e4ys 0,5 m:st\u00e4 0,1 m:iin.<\/p>\n<p><span style=\"color: #999999;\">T\u00e4m\u00e4n tuotteen kanssa yhteensopivat tuotteet:<\/span><\/p>\n<p><span style=\"color: #ffcc99;\"><a style=\"color: #ffcc99;\" href=\"https:\/\/kangasemu.ee\/toode\/dressikangas-green-spruce-180-cm-lai\/\">joustocollege Green Spruce (180 cm leve\u00e4)<\/a><\/span><\/p>\n<p><span style=\"color: #ffcc99;\"><a style=\"color: #ffcc99;\" href=\"https:\/\/kangasemu.ee\/toode\/uhevarviline-trikotaaz-green-spruce-180cm-lai\/\">Tasainen trikoopusero Green Spruce (180cm leve\u00e4)<\/a><\/span><\/p>\n<p><span style=\"color: #ffcc99;\"><a style=\"color: #ffcc99;\" href=\"https:\/\/kangasemu.ee\/toode\/torusoonik-1x1-green-spruce-2x85-cm\/\">Torusoonik 1X1 vihre\u00e4 kuusi (2&#215;85 cm)<\/a><\/span><\/p>\n<p>&nbsp;<\/p>\n","protected":false},"featured_media":29422,"comment_status":"open","ping_status":"closed","template":"","meta":{"_lmt_disableupdate":"","_lmt_disable":""},"product_brand":[],"product_cat":[1674],"product_tag":[1675,907,909,742,535,512,1682,1683],"class_list":{"0":"post-30401","1":"product","2":"type-product","3":"status-publish","4":"has-post-thumbnail","6":"product_cat-putkimainen-tai-2x1","7":"product_tag-2x1-fi","8":"product_tag-kangas-fi","9":"product_tag-kankaat","10":"product_tag-mintuvihrea","11":"product_tag-okotex100-fi","12":"product_tag-resori-fi","13":"product_tag-ribbed-rib","14":"product_tag-vihrea-kuusi","15":"pa_kanga-laius-2x65-fi","16":"pa_kanga-tihedus-320g-m2-fi","17":"pa_varv-vihrea","19":"first","20":"instock","21":"taxable","22":"shipping-taxable","23":"purchasable","24":"product-type-simple"},"yoast_head":"<!-- This site is optimized with the Yoast SEO plugin v27.4 - https:\/\/yoast.com\/product\/yoast-seo-wordpress\/ -->\n<title>Raidallinen putkimainen 2X1 vihre\u00e4 kuusi (2x65 cm) - Kangasemu<\/title>\n<meta name=\"description\" content=\"Putkikartio 2x1 vihre\u00e4 kuusi (2x65 cm) | 2x1-putkikartio sopii erinomaisesti vaatteiden hihansuiden ja kaulusten ompeluun.\" \/>\n<meta name=\"robots\" content=\"index, follow, max-snippet:-1, max-image-preview:large, max-video-preview:-1\" \/>\n<link rel=\"canonical\" href=\"https:\/\/kangasemu.ee\/fi\/toode\/uurrettu-torusoidi-2x1-vihrea-kuusi-2x65-cm\/\" \/>\n<meta property=\"og:locale\" content=\"fi_FI\" \/>\n<meta property=\"og:type\" content=\"article\" \/>\n<meta property=\"og:title\" content=\"Raidallinen putkimainen 2X1 vihre\u00e4 kuusi (2x65 cm) - Kangasemu\" \/>\n<meta property=\"og:description\" content=\"Putkikartio 2x1 vihre\u00e4 kuusi (2x65 cm) | 2x1-putkikartio sopii erinomaisesti vaatteiden hihansuiden ja kaulusten ompeluun.\" \/>\n<meta property=\"og:url\" content=\"https:\/\/kangasemu.ee\/fi\/toode\/uurrettu-torusoidi-2x1-vihrea-kuusi-2x65-cm\/\" \/>\n<meta property=\"og:site_name\" content=\"Kangasemu\" \/>\n<meta property=\"article:publisher\" content=\"https:\/\/www.facebook.com\/kangasemueesti\" \/>\n<meta property=\"article:modified_time\" content=\"2023-07-21T10:53:31+00:00\" \/>\n<meta property=\"og:image\" content=\"https:\/\/kangasemu.ee\/wp-content\/uploads\/2023\/05\/Green-Spruce.png\" \/>\n\t<meta property=\"og:image:width\" content=\"1384\" \/>\n\t<meta property=\"og:image:height\" content=\"1384\" \/>\n\t<meta property=\"og:image:type\" content=\"image\/png\" \/>\n<meta name=\"twitter:card\" content=\"summary_large_image\" \/>\n<meta name=\"twitter:label1\" content=\"Arvioitu lukuaika\" \/>\n\t<meta name=\"twitter:data1\" content=\"1 minuutti\" \/>\n<script type=\"application\/ld+json\" class=\"yoast-schema-graph\">{\"@context\":\"https:\\\/\\\/schema.org\",\"@graph\":[{\"@type\":\"WebPage\",\"@id\":\"https:\\\/\\\/kangasemu.ee\\\/fi\\\/toode\\\/uurrettu-torusoidi-2x1-vihrea-kuusi-2x65-cm\\\/\",\"url\":\"https:\\\/\\\/kangasemu.ee\\\/fi\\\/toode\\\/uurrettu-torusoidi-2x1-vihrea-kuusi-2x65-cm\\\/\",\"name\":\"Raidallinen putkimainen 2X1 vihre\u00e4 kuusi (2x65 cm) - Kangasemu\",\"isPartOf\":{\"@id\":\"https:\\\/\\\/kangasemu.ee\\\/fi\\\/#website\"},\"primaryImageOfPage\":{\"@id\":\"https:\\\/\\\/kangasemu.ee\\\/fi\\\/toode\\\/uurrettu-torusoidi-2x1-vihrea-kuusi-2x65-cm\\\/#primaryimage\"},\"image\":{\"@id\":\"https:\\\/\\\/kangasemu.ee\\\/fi\\\/toode\\\/uurrettu-torusoidi-2x1-vihrea-kuusi-2x65-cm\\\/#primaryimage\"},\"thumbnailUrl\":\"https:\\\/\\\/kangasemu.ee\\\/wp-content\\\/uploads\\\/2023\\\/05\\\/Green-Spruce.png\",\"datePublished\":\"2023-05-11T06:16:19+00:00\",\"dateModified\":\"2023-07-21T10:53:31+00:00\",\"description\":\"Putkikartio 2x1 vihre\u00e4 kuusi (2x65 cm) | 2x1-putkikartio sopii erinomaisesti vaatteiden hihansuiden ja kaulusten ompeluun.\",\"breadcrumb\":{\"@id\":\"https:\\\/\\\/kangasemu.ee\\\/fi\\\/toode\\\/uurrettu-torusoidi-2x1-vihrea-kuusi-2x65-cm\\\/#breadcrumb\"},\"inLanguage\":\"fi\",\"potentialAction\":[{\"@type\":\"ReadAction\",\"target\":[\"https:\\\/\\\/kangasemu.ee\\\/fi\\\/toode\\\/uurrettu-torusoidi-2x1-vihrea-kuusi-2x65-cm\\\/\"]}]},{\"@type\":\"ImageObject\",\"inLanguage\":\"fi\",\"@id\":\"https:\\\/\\\/kangasemu.ee\\\/fi\\\/toode\\\/uurrettu-torusoidi-2x1-vihrea-kuusi-2x65-cm\\\/#primaryimage\",\"url\":\"https:\\\/\\\/kangasemu.ee\\\/wp-content\\\/uploads\\\/2023\\\/05\\\/Green-Spruce.png\",\"contentUrl\":\"https:\\\/\\\/kangasemu.ee\\\/wp-content\\\/uploads\\\/2023\\\/05\\\/Green-Spruce.png\",\"width\":1384,\"height\":1384,\"caption\":\"Vihre\u00e4 kuusi\"},{\"@type\":\"BreadcrumbList\",\"@id\":\"https:\\\/\\\/kangasemu.ee\\\/fi\\\/toode\\\/uurrettu-torusoidi-2x1-vihrea-kuusi-2x65-cm\\\/#breadcrumb\",\"itemListElement\":[{\"@type\":\"ListItem\",\"position\":1,\"name\":\"Home\",\"item\":\"https:\\\/\\\/kangasemu.ee\\\/fi\\\/\"},{\"@type\":\"ListItem\",\"position\":2,\"name\":\"Myym\u00e4l\u00e4\",\"item\":\"https:\\\/\\\/kangasemu.ee\\\/fi\\\/shop\\\/\"},{\"@type\":\"ListItem\",\"position\":3,\"name\":\"Raidallinen putkimainen 2X1 vihre\u00e4 kuusi (2&#215;65 cm)\"}]},{\"@type\":\"WebSite\",\"@id\":\"https:\\\/\\\/kangasemu.ee\\\/fi\\\/#website\",\"url\":\"https:\\\/\\\/kangasemu.ee\\\/fi\\\/\",\"name\":\"Kangasemu\",\"description\":\"Rozalen O\u00dc\",\"publisher\":{\"@id\":\"https:\\\/\\\/kangasemu.ee\\\/fi\\\/#organization\"},\"potentialAction\":[{\"@type\":\"SearchAction\",\"target\":{\"@type\":\"EntryPoint\",\"urlTemplate\":\"https:\\\/\\\/kangasemu.ee\\\/fi\\\/?s={search_term_string}\"},\"query-input\":{\"@type\":\"PropertyValueSpecification\",\"valueRequired\":true,\"valueName\":\"search_term_string\"}}],\"inLanguage\":\"fi\"},{\"@type\":\"Organization\",\"@id\":\"https:\\\/\\\/kangasemu.ee\\\/fi\\\/#organization\",\"name\":\"Rozalen O\u00fc\",\"url\":\"https:\\\/\\\/kangasemu.ee\\\/fi\\\/\",\"logo\":{\"@type\":\"ImageObject\",\"inLanguage\":\"fi\",\"@id\":\"https:\\\/\\\/kangasemu.ee\\\/fi\\\/#\\\/schema\\\/logo\\\/image\\\/\",\"url\":\"https:\\\/\\\/kangasemu.ee\\\/wp-content\\\/uploads\\\/2020\\\/11\\\/logodark-2.png\",\"contentUrl\":\"https:\\\/\\\/kangasemu.ee\\\/wp-content\\\/uploads\\\/2020\\\/11\\\/logodark-2.png\",\"width\":850,\"height\":384,\"caption\":\"Rozalen O\u00fc\"},\"image\":{\"@id\":\"https:\\\/\\\/kangasemu.ee\\\/fi\\\/#\\\/schema\\\/logo\\\/image\\\/\"},\"sameAs\":[\"https:\\\/\\\/www.facebook.com\\\/kangasemueesti\",\"https:\\\/\\\/www.instagram.com\\\/kangasemu\\\/\"]}]}<\/script>\n<!-- \/ Yoast SEO plugin. -->","yoast_head_json":{"title":"Raidallinen putkimainen 2X1 vihre\u00e4 kuusi (2x65 cm) - Kangasemu","description":"Putkikartio 2x1 vihre\u00e4 kuusi (2x65 cm) | 2x1-putkikartio sopii erinomaisesti vaatteiden hihansuiden ja kaulusten ompeluun.","robots":{"index":"index","follow":"follow","max-snippet":"max-snippet:-1","max-image-preview":"max-image-preview:large","max-video-preview":"max-video-preview:-1"},"canonical":"https:\/\/kangasemu.ee\/fi\/toode\/uurrettu-torusoidi-2x1-vihrea-kuusi-2x65-cm\/","og_locale":"fi_FI","og_type":"article","og_title":"Raidallinen putkimainen 2X1 vihre\u00e4 kuusi (2x65 cm) - Kangasemu","og_description":"Putkikartio 2x1 vihre\u00e4 kuusi (2x65 cm) | 2x1-putkikartio sopii erinomaisesti vaatteiden hihansuiden ja kaulusten ompeluun.","og_url":"https:\/\/kangasemu.ee\/fi\/toode\/uurrettu-torusoidi-2x1-vihrea-kuusi-2x65-cm\/","og_site_name":"Kangasemu","article_publisher":"https:\/\/www.facebook.com\/kangasemueesti","article_modified_time":"2023-07-21T10:53:31+00:00","og_image":[{"width":1384,"height":1384,"url":"https:\/\/kangasemu.ee\/wp-content\/uploads\/2023\/05\/Green-Spruce.png","type":"image\/png"}],"twitter_card":"summary_large_image","twitter_misc":{"Arvioitu lukuaika":"1 minuutti"},"schema":{"@context":"https:\/\/schema.org","@graph":[{"@type":"WebPage","@id":"https:\/\/kangasemu.ee\/fi\/toode\/uurrettu-torusoidi-2x1-vihrea-kuusi-2x65-cm\/","url":"https:\/\/kangasemu.ee\/fi\/toode\/uurrettu-torusoidi-2x1-vihrea-kuusi-2x65-cm\/","name":"Raidallinen putkimainen 2X1 vihre\u00e4 kuusi (2x65 cm) - Kangasemu","isPartOf":{"@id":"https:\/\/kangasemu.ee\/fi\/#website"},"primaryImageOfPage":{"@id":"https:\/\/kangasemu.ee\/fi\/toode\/uurrettu-torusoidi-2x1-vihrea-kuusi-2x65-cm\/#primaryimage"},"image":{"@id":"https:\/\/kangasemu.ee\/fi\/toode\/uurrettu-torusoidi-2x1-vihrea-kuusi-2x65-cm\/#primaryimage"},"thumbnailUrl":"https:\/\/kangasemu.ee\/wp-content\/uploads\/2023\/05\/Green-Spruce.png","datePublished":"2023-05-11T06:16:19+00:00","dateModified":"2023-07-21T10:53:31+00:00","description":"Putkikartio 2x1 vihre\u00e4 kuusi (2x65 cm) | 2x1-putkikartio sopii erinomaisesti vaatteiden hihansuiden ja kaulusten ompeluun.","breadcrumb":{"@id":"https:\/\/kangasemu.ee\/fi\/toode\/uurrettu-torusoidi-2x1-vihrea-kuusi-2x65-cm\/#breadcrumb"},"inLanguage":"fi","potentialAction":[{"@type":"ReadAction","target":["https:\/\/kangasemu.ee\/fi\/toode\/uurrettu-torusoidi-2x1-vihrea-kuusi-2x65-cm\/"]}]},{"@type":"ImageObject","inLanguage":"fi","@id":"https:\/\/kangasemu.ee\/fi\/toode\/uurrettu-torusoidi-2x1-vihrea-kuusi-2x65-cm\/#primaryimage","url":"https:\/\/kangasemu.ee\/wp-content\/uploads\/2023\/05\/Green-Spruce.png","contentUrl":"https:\/\/kangasemu.ee\/wp-content\/uploads\/2023\/05\/Green-Spruce.png","width":1384,"height":1384,"caption":"Vihre\u00e4 kuusi"},{"@type":"BreadcrumbList","@id":"https:\/\/kangasemu.ee\/fi\/toode\/uurrettu-torusoidi-2x1-vihrea-kuusi-2x65-cm\/#breadcrumb","itemListElement":[{"@type":"ListItem","position":1,"name":"Home","item":"https:\/\/kangasemu.ee\/fi\/"},{"@type":"ListItem","position":2,"name":"Myym\u00e4l\u00e4","item":"https:\/\/kangasemu.ee\/fi\/shop\/"},{"@type":"ListItem","position":3,"name":"Raidallinen putkimainen 2X1 vihre\u00e4 kuusi (2&#215;65 cm)"}]},{"@type":"WebSite","@id":"https:\/\/kangasemu.ee\/fi\/#website","url":"https:\/\/kangasemu.ee\/fi\/","name":"Kangasemu","description":"Rozalen O\u00dc","publisher":{"@id":"https:\/\/kangasemu.ee\/fi\/#organization"},"potentialAction":[{"@type":"SearchAction","target":{"@type":"EntryPoint","urlTemplate":"https:\/\/kangasemu.ee\/fi\/?s={search_term_string}"},"query-input":{"@type":"PropertyValueSpecification","valueRequired":true,"valueName":"search_term_string"}}],"inLanguage":"fi"},{"@type":"Organization","@id":"https:\/\/kangasemu.ee\/fi\/#organization","name":"Rozalen O\u00fc","url":"https:\/\/kangasemu.ee\/fi\/","logo":{"@type":"ImageObject","inLanguage":"fi","@id":"https:\/\/kangasemu.ee\/fi\/#\/schema\/logo\/image\/","url":"https:\/\/kangasemu.ee\/wp-content\/uploads\/2020\/11\/logodark-2.png","contentUrl":"https:\/\/kangasemu.ee\/wp-content\/uploads\/2020\/11\/logodark-2.png","width":850,"height":384,"caption":"Rozalen O\u00fc"},"image":{"@id":"https:\/\/kangasemu.ee\/fi\/#\/schema\/logo\/image\/"},"sameAs":["https:\/\/www.facebook.com\/kangasemueesti","https:\/\/www.instagram.com\/kangasemu\/"]}]}},"_links":{"self":[{"href":"https:\/\/kangasemu.ee\/fi\/wp-json\/wp\/v2\/product\/30401","targetHints":{"allow":["GET"]}}],"collection":[{"href":"https:\/\/kangasemu.ee\/fi\/wp-json\/wp\/v2\/product"}],"about":[{"href":"https:\/\/kangasemu.ee\/fi\/wp-json\/wp\/v2\/types\/product"}],"replies":[{"embeddable":true,"href":"https:\/\/kangasemu.ee\/fi\/wp-json\/wp\/v2\/comments?post=30401"}],"version-history":[{"count":0,"href":"https:\/\/kangasemu.ee\/fi\/wp-json\/wp\/v2\/product\/30401\/revisions"}],"wp:featuredmedia":[{"embeddable":true,"href":"https:\/\/kangasemu.ee\/fi\/wp-json\/wp\/v2\/media\/29422"}],"wp:attachment":[{"href":"https:\/\/kangasemu.ee\/fi\/wp-json\/wp\/v2\/media?parent=30401"}],"wp:term":[{"taxonomy":"product_brand","embeddable":true,"href":"https:\/\/kangasemu.ee\/fi\/wp-json\/wp\/v2\/product_brand?post=30401"},{"taxonomy":"product_cat","embeddable":true,"href":"https:\/\/kangasemu.ee\/fi\/wp-json\/wp\/v2\/product_cat?post=30401"},{"taxonomy":"product_tag","embeddable":true,"href":"https:\/\/kangasemu.ee\/fi\/wp-json\/wp\/v2\/product_tag?post=30401"}],"curies":[{"name":"wp","href":"https:\/\/api.w.org\/{rel}","templated":true}]}}