{"id":30439,"date":"2023-04-24T18:15:52","date_gmt":"2023-07-21T10:53:41","guid":{"rendered":"https:\/\/kangasemu.ee\/toode\/vihrea-hilseileva-verho\/"},"modified":"2023-07-21T10:53:41","modified_gmt":"2023-07-21T10:53:41","slug":"vihrea-helkurnoor","status":"publish","type":"product","link":"https:\/\/kangasemu.ee\/fi\/toode\/vihrea-helkurnoor\/","title":{"rendered":"Vihre\u00e4 hilseilev\u00e4 verho"},"content":{"rendered":"","protected":false},"excerpt":{"rendered":"<p>Heijastavaa narua voidaan k\u00e4ytt\u00e4\u00e4 keng\u00e4nnauhoihin, housujen reunuksiin, huppuihin jne. &#8230;.<\/p>\n<ul>\n<li><span class=\"VIiyi\" lang=\"et\"><span class=\"JLqJ4b ChMk0b\" data-language-for-alternatives=\"et\" data-language-to-translate-into=\"en\" data-phrase-index=\"2\" data-number-of-phrases=\"9\">Paksuus 5 mm<\/span><\/span><\/li>\n<li><span class=\"VIiyi\" lang=\"et\"><span class=\"JLqJ4b ChMk0b\" data-language-for-alternatives=\"et\" data-language-to-translate-into=\"en\" data-phrase-index=\"2\" data-number-of-phrases=\"9\">Heijastava kangas<\/span><\/span><\/li>\n<li><span class=\"VIiyi\" lang=\"et\"><span class=\"JLqJ4b ChMk0b\" data-language-for-alternatives=\"et\" data-language-to-translate-into=\"en\" data-phrase-index=\"3\" data-number-of-phrases=\"9\">K\u00e4sinpesu max 40 astetta.<\/span><\/span><\/li>\n<li><span class=\"VIiyi\" lang=\"et\"><span class=\"JLqJ4b ChMk0b\" data-language-for-alternatives=\"et\" data-language-to-translate-into=\"en\" data-phrase-index=\"3\" data-number-of-phrases=\"9\">Ihanteellinen kaikenlaisiin k\u00e4sit\u00f6ihin<\/span><\/span><\/li>\n<li><span class=\"VIiyi\" lang=\"et\"><span class=\"JLqJ4b ChMk0b\" data-language-for-alternatives=\"et\" data-language-to-translate-into=\"en\" data-phrase-index=\"6\" data-number-of-phrases=\"9\">Tuote ei ole henkil\u00f6kohtainen suojavaruste (PPE).<\/span><\/span><\/li>\n<li><span class=\"VIiyi\" lang=\"et\"><span class=\"JLqJ4b ChMk0b\" data-language-for-alternatives=\"et\" data-language-to-translate-into=\"en\" data-phrase-index=\"7\" data-number-of-phrases=\"9\">K\u00e4yt\u00e4 pime\u00e4ss\u00e4 aina CE-merkitty\u00e4 heijastinta.<\/span><\/span><\/li>\n<\/ul>\n","protected":false},"featured_media":28988,"comment_status":"open","ping_status":"closed","template":"","meta":{"_lmt_disableupdate":"","_lmt_disable":""},"product_brand":[],"product_cat":[1721],"product_tag":[1722,1723,907,909,683],"class_list":{"0":"post-30439","1":"product","2":"type-product","3":"status-publish","4":"has-post-thumbnail","6":"product_cat-heijastimen-lisavarusteet","7":"product_tag-apua","8":"product_tag-helkurnoor-fi","9":"product_tag-kangas-fi","10":"product_tag-kankaat","11":"product_tag-vihrea","13":"first","14":"instock","15":"taxable","16":"shipping-taxable","17":"purchasable","18":"product-type-simple"},"yoast_head":"<!-- This site is optimized with the Yoast SEO plugin v27.2 - https:\/\/yoast.com\/product\/yoast-seo-wordpress\/ -->\n<title>Vihre\u00e4 hilseilev\u00e4 verho - Kangasemu<\/title>\n<meta name=\"description\" content=\"Vihre\u00e4 flare | Flare voidaan k\u00e4ytt\u00e4\u00e4 keng\u00e4nnauhoihin, housujen reunuksiin, huppariin jne.....\" \/>\n<meta name=\"robots\" content=\"index, follow, max-snippet:-1, max-image-preview:large, max-video-preview:-1\" \/>\n<link rel=\"canonical\" href=\"https:\/\/kangasemu.ee\/fi\/toode\/vihrea-helkurnoor\/\" \/>\n<meta property=\"og:locale\" content=\"fi_FI\" \/>\n<meta property=\"og:type\" content=\"article\" \/>\n<meta property=\"og:title\" content=\"Vihre\u00e4 hilseilev\u00e4 verho - Kangasemu\" \/>\n<meta property=\"og:description\" content=\"Vihre\u00e4 flare | Flare voidaan k\u00e4ytt\u00e4\u00e4 keng\u00e4nnauhoihin, housujen reunuksiin, huppariin jne.....\" \/>\n<meta property=\"og:url\" content=\"https:\/\/kangasemu.ee\/fi\/toode\/vihrea-helkurnoor\/\" \/>\n<meta property=\"og:site_name\" content=\"Kangasemu\" \/>\n<meta property=\"article:publisher\" content=\"https:\/\/www.facebook.com\/kangasemueesti\" \/>\n<meta property=\"og:image\" content=\"https:\/\/kangasemu.ee\/wp-content\/uploads\/2023\/04\/roheline-helkurnoor.png\" \/>\n\t<meta property=\"og:image:width\" content=\"720\" \/>\n\t<meta property=\"og:image:height\" content=\"720\" \/>\n\t<meta property=\"og:image:type\" content=\"image\/png\" \/>\n<meta name=\"twitter:card\" content=\"summary_large_image\" \/>\n<script type=\"application\/ld+json\" class=\"yoast-schema-graph\">{\"@context\":\"https:\/\/schema.org\",\"@graph\":[{\"@type\":\"WebPage\",\"@id\":\"https:\/\/kangasemu.ee\/fi\/toode\/vihrea-helkurnoor\/\",\"url\":\"https:\/\/kangasemu.ee\/fi\/toode\/vihrea-helkurnoor\/\",\"name\":\"Vihre\u00e4 hilseilev\u00e4 verho - Kangasemu\",\"isPartOf\":{\"@id\":\"https:\/\/kangasemu.ee\/fi\/#website\"},\"primaryImageOfPage\":{\"@id\":\"https:\/\/kangasemu.ee\/fi\/toode\/vihrea-helkurnoor\/#primaryimage\"},\"image\":{\"@id\":\"https:\/\/kangasemu.ee\/fi\/toode\/vihrea-helkurnoor\/#primaryimage\"},\"thumbnailUrl\":\"https:\/\/kangasemu.ee\/wp-content\/uploads\/2023\/04\/roheline-helkurnoor.png\",\"datePublished\":\"2023-07-21T10:53:41+00:00\",\"description\":\"Vihre\u00e4 flare | Flare voidaan k\u00e4ytt\u00e4\u00e4 keng\u00e4nnauhoihin, housujen reunuksiin, huppariin jne.....\",\"breadcrumb\":{\"@id\":\"https:\/\/kangasemu.ee\/fi\/toode\/vihrea-helkurnoor\/#breadcrumb\"},\"inLanguage\":\"fi\",\"potentialAction\":[{\"@type\":\"ReadAction\",\"target\":[\"https:\/\/kangasemu.ee\/fi\/toode\/vihrea-helkurnoor\/\"]}]},{\"@type\":\"ImageObject\",\"inLanguage\":\"fi\",\"@id\":\"https:\/\/kangasemu.ee\/fi\/toode\/vihrea-helkurnoor\/#primaryimage\",\"url\":\"https:\/\/kangasemu.ee\/wp-content\/uploads\/2023\/04\/roheline-helkurnoor.png\",\"contentUrl\":\"https:\/\/kangasemu.ee\/wp-content\/uploads\/2023\/04\/roheline-helkurnoor.png\",\"width\":720,\"height\":720,\"caption\":\"beadle\"},{\"@type\":\"BreadcrumbList\",\"@id\":\"https:\/\/kangasemu.ee\/fi\/toode\/vihrea-helkurnoor\/#breadcrumb\",\"itemListElement\":[{\"@type\":\"ListItem\",\"position\":1,\"name\":\"Home\",\"item\":\"https:\/\/kangasemu.ee\/fi\/\"},{\"@type\":\"ListItem\",\"position\":2,\"name\":\"Myym\u00e4l\u00e4\",\"item\":\"https:\/\/kangasemu.ee\/fi\/shop\/\"},{\"@type\":\"ListItem\",\"position\":3,\"name\":\"Vihre\u00e4 hilseilev\u00e4 verho\"}]},{\"@type\":\"WebSite\",\"@id\":\"https:\/\/kangasemu.ee\/fi\/#website\",\"url\":\"https:\/\/kangasemu.ee\/fi\/\",\"name\":\"Kangasemu\",\"description\":\"Rozalen O\u00dc\",\"publisher\":{\"@id\":\"https:\/\/kangasemu.ee\/fi\/#organization\"},\"potentialAction\":[{\"@type\":\"SearchAction\",\"target\":{\"@type\":\"EntryPoint\",\"urlTemplate\":\"https:\/\/kangasemu.ee\/fi\/?s={search_term_string}\"},\"query-input\":{\"@type\":\"PropertyValueSpecification\",\"valueRequired\":true,\"valueName\":\"search_term_string\"}}],\"inLanguage\":\"fi\"},{\"@type\":\"Organization\",\"@id\":\"https:\/\/kangasemu.ee\/fi\/#organization\",\"name\":\"Rozalen O\u00fc\",\"url\":\"https:\/\/kangasemu.ee\/fi\/\",\"logo\":{\"@type\":\"ImageObject\",\"inLanguage\":\"fi\",\"@id\":\"https:\/\/kangasemu.ee\/fi\/#\/schema\/logo\/image\/\",\"url\":\"https:\/\/kangasemu.ee\/wp-content\/uploads\/2020\/11\/logodark-2.png\",\"contentUrl\":\"https:\/\/kangasemu.ee\/wp-content\/uploads\/2020\/11\/logodark-2.png\",\"width\":850,\"height\":384,\"caption\":\"Rozalen O\u00fc\"},\"image\":{\"@id\":\"https:\/\/kangasemu.ee\/fi\/#\/schema\/logo\/image\/\"},\"sameAs\":[\"https:\/\/www.facebook.com\/kangasemueesti\",\"https:\/\/www.instagram.com\/kangasemu\/\"]}]}<\/script>\n<!-- \/ Yoast SEO plugin. -->","yoast_head_json":{"title":"Vihre\u00e4 hilseilev\u00e4 verho - Kangasemu","description":"Vihre\u00e4 flare | Flare voidaan k\u00e4ytt\u00e4\u00e4 keng\u00e4nnauhoihin, housujen reunuksiin, huppariin jne.....","robots":{"index":"index","follow":"follow","max-snippet":"max-snippet:-1","max-image-preview":"max-image-preview:large","max-video-preview":"max-video-preview:-1"},"canonical":"https:\/\/kangasemu.ee\/fi\/toode\/vihrea-helkurnoor\/","og_locale":"fi_FI","og_type":"article","og_title":"Vihre\u00e4 hilseilev\u00e4 verho - Kangasemu","og_description":"Vihre\u00e4 flare | Flare voidaan k\u00e4ytt\u00e4\u00e4 keng\u00e4nnauhoihin, housujen reunuksiin, huppariin jne.....","og_url":"https:\/\/kangasemu.ee\/fi\/toode\/vihrea-helkurnoor\/","og_site_name":"Kangasemu","article_publisher":"https:\/\/www.facebook.com\/kangasemueesti","og_image":[{"width":720,"height":720,"url":"https:\/\/kangasemu.ee\/wp-content\/uploads\/2023\/04\/roheline-helkurnoor.png","type":"image\/png"}],"twitter_card":"summary_large_image","schema":{"@context":"https:\/\/schema.org","@graph":[{"@type":"WebPage","@id":"https:\/\/kangasemu.ee\/fi\/toode\/vihrea-helkurnoor\/","url":"https:\/\/kangasemu.ee\/fi\/toode\/vihrea-helkurnoor\/","name":"Vihre\u00e4 hilseilev\u00e4 verho - Kangasemu","isPartOf":{"@id":"https:\/\/kangasemu.ee\/fi\/#website"},"primaryImageOfPage":{"@id":"https:\/\/kangasemu.ee\/fi\/toode\/vihrea-helkurnoor\/#primaryimage"},"image":{"@id":"https:\/\/kangasemu.ee\/fi\/toode\/vihrea-helkurnoor\/#primaryimage"},"thumbnailUrl":"https:\/\/kangasemu.ee\/wp-content\/uploads\/2023\/04\/roheline-helkurnoor.png","datePublished":"2023-07-21T10:53:41+00:00","description":"Vihre\u00e4 flare | Flare voidaan k\u00e4ytt\u00e4\u00e4 keng\u00e4nnauhoihin, housujen reunuksiin, huppariin jne.....","breadcrumb":{"@id":"https:\/\/kangasemu.ee\/fi\/toode\/vihrea-helkurnoor\/#breadcrumb"},"inLanguage":"fi","potentialAction":[{"@type":"ReadAction","target":["https:\/\/kangasemu.ee\/fi\/toode\/vihrea-helkurnoor\/"]}]},{"@type":"ImageObject","inLanguage":"fi","@id":"https:\/\/kangasemu.ee\/fi\/toode\/vihrea-helkurnoor\/#primaryimage","url":"https:\/\/kangasemu.ee\/wp-content\/uploads\/2023\/04\/roheline-helkurnoor.png","contentUrl":"https:\/\/kangasemu.ee\/wp-content\/uploads\/2023\/04\/roheline-helkurnoor.png","width":720,"height":720,"caption":"beadle"},{"@type":"BreadcrumbList","@id":"https:\/\/kangasemu.ee\/fi\/toode\/vihrea-helkurnoor\/#breadcrumb","itemListElement":[{"@type":"ListItem","position":1,"name":"Home","item":"https:\/\/kangasemu.ee\/fi\/"},{"@type":"ListItem","position":2,"name":"Myym\u00e4l\u00e4","item":"https:\/\/kangasemu.ee\/fi\/shop\/"},{"@type":"ListItem","position":3,"name":"Vihre\u00e4 hilseilev\u00e4 verho"}]},{"@type":"WebSite","@id":"https:\/\/kangasemu.ee\/fi\/#website","url":"https:\/\/kangasemu.ee\/fi\/","name":"Kangasemu","description":"Rozalen O\u00dc","publisher":{"@id":"https:\/\/kangasemu.ee\/fi\/#organization"},"potentialAction":[{"@type":"SearchAction","target":{"@type":"EntryPoint","urlTemplate":"https:\/\/kangasemu.ee\/fi\/?s={search_term_string}"},"query-input":{"@type":"PropertyValueSpecification","valueRequired":true,"valueName":"search_term_string"}}],"inLanguage":"fi"},{"@type":"Organization","@id":"https:\/\/kangasemu.ee\/fi\/#organization","name":"Rozalen O\u00fc","url":"https:\/\/kangasemu.ee\/fi\/","logo":{"@type":"ImageObject","inLanguage":"fi","@id":"https:\/\/kangasemu.ee\/fi\/#\/schema\/logo\/image\/","url":"https:\/\/kangasemu.ee\/wp-content\/uploads\/2020\/11\/logodark-2.png","contentUrl":"https:\/\/kangasemu.ee\/wp-content\/uploads\/2020\/11\/logodark-2.png","width":850,"height":384,"caption":"Rozalen O\u00fc"},"image":{"@id":"https:\/\/kangasemu.ee\/fi\/#\/schema\/logo\/image\/"},"sameAs":["https:\/\/www.facebook.com\/kangasemueesti","https:\/\/www.instagram.com\/kangasemu\/"]}]}},"_links":{"self":[{"href":"https:\/\/kangasemu.ee\/fi\/wp-json\/wp\/v2\/product\/30439","targetHints":{"allow":["GET"]}}],"collection":[{"href":"https:\/\/kangasemu.ee\/fi\/wp-json\/wp\/v2\/product"}],"about":[{"href":"https:\/\/kangasemu.ee\/fi\/wp-json\/wp\/v2\/types\/product"}],"replies":[{"embeddable":true,"href":"https:\/\/kangasemu.ee\/fi\/wp-json\/wp\/v2\/comments?post=30439"}],"version-history":[{"count":0,"href":"https:\/\/kangasemu.ee\/fi\/wp-json\/wp\/v2\/product\/30439\/revisions"}],"wp:featuredmedia":[{"embeddable":true,"href":"https:\/\/kangasemu.ee\/fi\/wp-json\/wp\/v2\/media\/28988"}],"wp:attachment":[{"href":"https:\/\/kangasemu.ee\/fi\/wp-json\/wp\/v2\/media?parent=30439"}],"wp:term":[{"taxonomy":"product_brand","embeddable":true,"href":"https:\/\/kangasemu.ee\/fi\/wp-json\/wp\/v2\/product_brand?post=30439"},{"taxonomy":"product_cat","embeddable":true,"href":"https:\/\/kangasemu.ee\/fi\/wp-json\/wp\/v2\/product_cat?post=30439"},{"taxonomy":"product_tag","embeddable":true,"href":"https:\/\/kangasemu.ee\/fi\/wp-json\/wp\/v2\/product_tag?post=30439"}],"curies":[{"name":"wp","href":"https:\/\/api.w.org\/{rel}","templated":true}]}}