{"id":30721,"date":"2024-11-04T18:36:49","date_gmt":"2023-07-21T10:55:24","guid":{"rendered":"https:\/\/kangasemu.ee\/toode\/kiintea-trikoinen-vaaleanpunainen-jauhemainen-vaaleanpunainen-180cm-levea\/"},"modified":"2024-11-07T15:37:36","modified_gmt":"2024-11-07T13:37:36","slug":"uhevarviline-trikotaaz-puuteri-vaaleanpunainen","status":"publish","type":"product","link":"https:\/\/kangasemu.ee\/fi\/toode\/uhevarviline-trikotaaz-puuteri-vaaleanpunainen\/","title":{"rendered":"Kiinte\u00e4 trikoinen vaaleanpunainen jauhemainen vaaleanpunainen (180cm leve\u00e4)"},"content":{"rendered":"<p style=\"text-align: left;\">Huomioithan, ett\u00e4 valokuvaustekniikasta ja n\u00e4yt\u00f6n eroista johtuen kankaan v\u00e4ri ja kuvion mitat voivat poiketa todellisuudesta ! Sama p\u00e4tee my\u00f6s samankaltaisiin neuleisiin ja collegepaitoihin, sill\u00e4 jotkin kankaat ovat per\u00e4isin eri tehtailta. Kysy tarvittaessa lis\u00e4tietoja. Tummilla kankailla reunojen v\u00e4\u00e4r\u00e4lle puolelle voi tulla mustetahroja, mutta ne eiv\u00e4t vaikuta tulosteen laatuun.<br \/>\nNoudata kankaan pesussa ohjeita:<br \/>\n*Kankaat on pest\u00e4v\u00e4 30 asteessa valmistajan suositusten mukaisesti.<br \/>\n*Pese valmiit vaatteet nurinp\u00e4in.<br \/>\n* Kuivausrumpu ja valkaisu eiv\u00e4t ole sallittuja.<br \/>\n*Kun tummia ja vaaleita kankaita ommellaan yhteen, tummempi kangas (esim. kylkikangas) voi v\u00e4rj\u00e4t\u00e4 vaalean kankaan pesussa. (Suosittelemme v\u00e4riloukkujen k\u00e4ytt\u00f6\u00e4)<br \/>\n*Rautaa tuotteet keskil\u00e4mm\u00f6ll\u00e4 (130-150 astetta).<br \/>\n*Oman kokemukseni perusteella kankaan v\u00e4rin s\u00e4ilyvyys on parempi, jos k\u00e4yt\u00e4t pesuainetta eik\u00e4 jauhetta ja jos tummia v\u00e4rej\u00e4 pest\u00e4\u00e4n tummalla pesuaineella ja vaaleampia v\u00e4rej\u00e4 vaalealla pesuaineella.<\/p>\n<p><span style=\"text-decoration: underline;\"><strong><a href=\"https:\/\/kangasemu.ee\/wp-content\/uploads\/2020\/11\/pilt.jpg\" data-rel=\"penci-gallery-image-content\" ><img decoding=\"async\" class=\"alignnone size-full wp-image-7826\" src=\"https:\/\/kangasemu.ee\/wp-content\/uploads\/2020\/11\/pilt.jpg\" alt=\"\" width=\"178\" height=\"56\"><\/a><\/strong><\/span><\/p>\n<p><a href=\"https:\/\/kangasemu.ee\/wp-content\/uploads\/2020\/11\/Oko-Tex100.jpg\" data-rel=\"penci-gallery-image-content\" ><img fetchpriority=\"high\" decoding=\"async\" class=\"alignnone size-medium wp-image-8167\" src=\"https:\/\/kangasemu.ee\/wp-content\/uploads\/2020\/11\/Oko-Tex100-330x330.jpg\" alt=\"\" width=\"330\" height=\"330\" srcset=\"https:\/\/kangasemu.ee\/wp-content\/uploads\/2020\/11\/Oko-Tex100-330x330.jpg 330w, https:\/\/kangasemu.ee\/wp-content\/uploads\/2020\/11\/Oko-Tex100-465x465.jpg 465w, https:\/\/kangasemu.ee\/wp-content\/uploads\/2020\/11\/Oko-Tex100-100x100.jpg 100w, https:\/\/kangasemu.ee\/wp-content\/uploads\/2020\/11\/Oko-Tex100-600x600.jpg 600w, https:\/\/kangasemu.ee\/wp-content\/uploads\/2020\/11\/Oko-Tex100-440x440.jpg 440w, https:\/\/kangasemu.ee\/wp-content\/uploads\/2020\/11\/Oko-Tex100-768x768.jpg 768w, https:\/\/kangasemu.ee\/wp-content\/uploads\/2020\/11\/Oko-Tex100.jpg 1200w\" sizes=\"(max-width: 330px) 100vw, 330px\" \/><\/a><\/p>\n","protected":false},"excerpt":{"rendered":"<p>Ohuempi trikoo on ihanteellinen t-paitojen, mekkojen, villapaitojen, vauvan nappien jne. ompeluun.<br \/>\n220g\/m2, 180 cm<br \/>\n95% puuvillaa, 5% elastaania<br \/>\n\u00d6ko-Tex100<\/p>\n<p>Hinta on metrilt\u00e4. 0,1 m:n lis\u00e4ys 0,5 m:st\u00e4 0,1 m:iin.<\/p>\n<p><span style=\"color: #999999;\">T\u00e4m\u00e4n tuotteen kanssa yhteensopivat tuotteet:<\/span><\/p>\n<p><span style=\"color: #ffcc99;\"><a style=\"color: #ffcc99;\" href=\"https:\/\/kangasemu.ee\/toode\/dressikangas-puudriroosa-180-cm-lai\/\">joustocollege villakoira vaaleanpunainen (180 cm leve\u00e4)<\/a><\/span><\/p>\n<p><span style=\"color: #ffcc99;\"><a style=\"color: #ffcc99;\" href=\"https:\/\/kangasemu.ee\/toode\/torusoonik-1x1-puudriroosa-2x85-cm\/\">Torus vaaleanpunainen jauhe vaaleanpunainen (2&#215;85 cm)<\/a><\/span><\/p>\n<p>&nbsp;<\/p>\n","protected":false},"featured_media":21798,"comment_status":"open","ping_status":"closed","template":"","meta":{"_lmt_disableupdate":"","_lmt_disable":""},"product_brand":[],"product_cat":[467],"product_tag":[1703,907,909,535,694,1649,516,492,695,538],"class_list":{"0":"post-30721","1":"product","2":"type-product","3":"status-publish","4":"has-post-thumbnail","6":"product_cat-yksivarinen-trikoo","7":"product_tag-beebiroosa-fi","8":"product_tag-kangas-fi","9":"product_tag-kankaat","10":"product_tag-okotex100-fi","11":"product_tag-pinkki","12":"product_tag-puuterin-vaaleanpunainen","13":"product_tag-trikoo-fi","14":"product_tag-trikoo","15":"product_tag-vaalea-pinkki","16":"product_tag-yksivarinen","17":"pa_kanga-laius-160-fi","18":"pa_kanga-laius-180-fi","19":"pa_kanga-tihedus-220g-m2-fi","20":"pa_kangatuup-trikoo","21":"pa_koostis-95-puuvilla-5-elastaani","22":"pa_varv-pinkki","23":"pa_varv-vaalea-pinkki","25":"first","26":"instock","27":"taxable","28":"shipping-taxable","29":"purchasable","30":"product-type-simple"},"yoast_head":"<!-- This site is optimized with the Yoast SEO plugin v27.2 - https:\/\/yoast.com\/product\/yoast-seo-wordpress\/ -->\n<title>Kiinte\u00e4 trikoinen vaaleanpunainen jauhemainen vaaleanpunainen (180cm leve\u00e4)% % -% Kangasemu - Kuvioitu trikootakki<\/title>\n<meta name=\"description\" content=\"Tavallinen trikoopyyhe jauhemaista vaaleanpunaista | Ohuempi trikoopyyhe sopii t\u00e4ydellisesti t-paitojen, mekkojen, k\u00e4silaukkujen, vauvan nappien jne. ompeluun.\" \/>\n<meta name=\"robots\" content=\"index, follow, max-snippet:-1, max-image-preview:large, max-video-preview:-1\" \/>\n<link rel=\"canonical\" href=\"https:\/\/kangasemu.ee\/toode\/uhevarviline-trikotaaz-puudriroosa\/\" \/>\n<meta property=\"og:locale\" content=\"fi_FI\" \/>\n<meta property=\"og:type\" content=\"article\" \/>\n<meta property=\"og:title\" content=\"Kiinte\u00e4 trikoinen vaaleanpunainen jauhemainen vaaleanpunainen (180cm leve\u00e4)% % -% Kangasemu - Kuvioitu trikootakki\" \/>\n<meta property=\"og:description\" content=\"Tavallinen trikoopyyhe jauhemaista vaaleanpunaista | Ohuempi trikoopyyhe sopii t\u00e4ydellisesti t-paitojen, mekkojen, k\u00e4silaukkujen, vauvan nappien jne. ompeluun.\" \/>\n<meta property=\"og:url\" content=\"https:\/\/kangasemu.ee\/toode\/uhevarviline-trikotaaz-puudriroosa\/\" \/>\n<meta property=\"og:site_name\" content=\"Kangasemu\" \/>\n<meta property=\"article:publisher\" content=\"https:\/\/www.facebook.com\/kangasemueesti\" \/>\n<meta property=\"article:modified_time\" content=\"2024-11-07T13:37:36+00:00\" \/>\n<meta property=\"og:image\" content=\"https:\/\/kangasemu.ee\/wp-content\/uploads\/2022\/04\/277821879_695223491898632_8149779670213996003_n.jpg\" \/>\n\t<meta property=\"og:image:width\" content=\"720\" \/>\n\t<meta property=\"og:image:height\" content=\"720\" \/>\n\t<meta property=\"og:image:type\" content=\"image\/jpeg\" \/>\n<meta name=\"twitter:card\" content=\"summary_large_image\" \/>\n<meta name=\"twitter:label1\" content=\"Arvioitu lukuaika\" \/>\n\t<meta name=\"twitter:data1\" content=\"1 minuutti\" \/>\n<script type=\"application\/ld+json\" class=\"yoast-schema-graph\">{\"@context\":\"https:\/\/schema.org\",\"@graph\":[{\"@type\":\"WebPage\",\"@id\":\"https:\/\/kangasemu.ee\/toode\/uhevarviline-trikotaaz-puudriroosa\/\",\"url\":\"https:\/\/kangasemu.ee\/toode\/uhevarviline-trikotaaz-puudriroosa\/\",\"name\":\"Kiinte\u00e4 trikoinen vaaleanpunainen jauhemainen vaaleanpunainen (180cm leve\u00e4)% % -% Kangasemu - Kuvioitu trikootakki\",\"isPartOf\":{\"@id\":\"https:\/\/kangasemu.ee\/fi\/#website\"},\"primaryImageOfPage\":{\"@id\":\"https:\/\/kangasemu.ee\/toode\/uhevarviline-trikotaaz-puudriroosa\/#primaryimage\"},\"image\":{\"@id\":\"https:\/\/kangasemu.ee\/toode\/uhevarviline-trikotaaz-puudriroosa\/#primaryimage\"},\"thumbnailUrl\":\"https:\/\/kangasemu.ee\/wp-content\/uploads\/2022\/04\/277821879_695223491898632_8149779670213996003_n.jpg\",\"datePublished\":\"2023-07-21T10:55:24+00:00\",\"dateModified\":\"2024-11-07T13:37:36+00:00\",\"description\":\"Tavallinen trikoopyyhe jauhemaista vaaleanpunaista | Ohuempi trikoopyyhe sopii t\u00e4ydellisesti t-paitojen, mekkojen, k\u00e4silaukkujen, vauvan nappien jne. ompeluun.\",\"breadcrumb\":{\"@id\":\"https:\/\/kangasemu.ee\/toode\/uhevarviline-trikotaaz-puudriroosa\/#breadcrumb\"},\"inLanguage\":\"fi\",\"potentialAction\":[{\"@type\":\"ReadAction\",\"target\":[\"https:\/\/kangasemu.ee\/toode\/uhevarviline-trikotaaz-puudriroosa\/\"]}]},{\"@type\":\"ImageObject\",\"inLanguage\":\"fi\",\"@id\":\"https:\/\/kangasemu.ee\/toode\/uhevarviline-trikotaaz-puudriroosa\/#primaryimage\",\"url\":\"https:\/\/kangasemu.ee\/wp-content\/uploads\/2022\/04\/277821879_695223491898632_8149779670213996003_n.jpg\",\"contentUrl\":\"https:\/\/kangasemu.ee\/wp-content\/uploads\/2022\/04\/277821879_695223491898632_8149779670213996003_n.jpg\",\"width\":720,\"height\":720},{\"@type\":\"BreadcrumbList\",\"@id\":\"https:\/\/kangasemu.ee\/toode\/uhevarviline-trikotaaz-puudriroosa\/#breadcrumb\",\"itemListElement\":[{\"@type\":\"ListItem\",\"position\":1,\"name\":\"Home\",\"item\":\"https:\/\/kangasemu.ee\/fi\/\"},{\"@type\":\"ListItem\",\"position\":2,\"name\":\"Myym\u00e4l\u00e4\",\"item\":\"https:\/\/kangasemu.ee\/fi\/shop\/\"},{\"@type\":\"ListItem\",\"position\":3,\"name\":\"Kiinte\u00e4 trikoinen vaaleanpunainen jauhemainen vaaleanpunainen (180cm leve\u00e4)\"}]},{\"@type\":\"WebSite\",\"@id\":\"https:\/\/kangasemu.ee\/fi\/#website\",\"url\":\"https:\/\/kangasemu.ee\/fi\/\",\"name\":\"Kangasemu\",\"description\":\"Rozalen O\u00dc\",\"publisher\":{\"@id\":\"https:\/\/kangasemu.ee\/fi\/#organization\"},\"potentialAction\":[{\"@type\":\"SearchAction\",\"target\":{\"@type\":\"EntryPoint\",\"urlTemplate\":\"https:\/\/kangasemu.ee\/fi\/?s={search_term_string}\"},\"query-input\":{\"@type\":\"PropertyValueSpecification\",\"valueRequired\":true,\"valueName\":\"search_term_string\"}}],\"inLanguage\":\"fi\"},{\"@type\":\"Organization\",\"@id\":\"https:\/\/kangasemu.ee\/fi\/#organization\",\"name\":\"Rozalen O\u00fc\",\"url\":\"https:\/\/kangasemu.ee\/fi\/\",\"logo\":{\"@type\":\"ImageObject\",\"inLanguage\":\"fi\",\"@id\":\"https:\/\/kangasemu.ee\/fi\/#\/schema\/logo\/image\/\",\"url\":\"https:\/\/kangasemu.ee\/wp-content\/uploads\/2020\/11\/logodark-2.png\",\"contentUrl\":\"https:\/\/kangasemu.ee\/wp-content\/uploads\/2020\/11\/logodark-2.png\",\"width\":850,\"height\":384,\"caption\":\"Rozalen O\u00fc\"},\"image\":{\"@id\":\"https:\/\/kangasemu.ee\/fi\/#\/schema\/logo\/image\/\"},\"sameAs\":[\"https:\/\/www.facebook.com\/kangasemueesti\",\"https:\/\/www.instagram.com\/kangasemu\/\"]}]}<\/script>\n<!-- \/ Yoast SEO plugin. -->","yoast_head_json":{"title":"Kiinte\u00e4 trikoinen vaaleanpunainen jauhemainen vaaleanpunainen (180cm leve\u00e4)% % -% Kangasemu - Kuvioitu trikootakki","description":"Tavallinen trikoopyyhe jauhemaista vaaleanpunaista | Ohuempi trikoopyyhe sopii t\u00e4ydellisesti t-paitojen, mekkojen, k\u00e4silaukkujen, vauvan nappien jne. ompeluun.","robots":{"index":"index","follow":"follow","max-snippet":"max-snippet:-1","max-image-preview":"max-image-preview:large","max-video-preview":"max-video-preview:-1"},"canonical":"https:\/\/kangasemu.ee\/toode\/uhevarviline-trikotaaz-puudriroosa\/","og_locale":"fi_FI","og_type":"article","og_title":"Kiinte\u00e4 trikoinen vaaleanpunainen jauhemainen vaaleanpunainen (180cm leve\u00e4)% % -% Kangasemu - Kuvioitu trikootakki","og_description":"Tavallinen trikoopyyhe jauhemaista vaaleanpunaista | Ohuempi trikoopyyhe sopii t\u00e4ydellisesti t-paitojen, mekkojen, k\u00e4silaukkujen, vauvan nappien jne. ompeluun.","og_url":"https:\/\/kangasemu.ee\/toode\/uhevarviline-trikotaaz-puudriroosa\/","og_site_name":"Kangasemu","article_publisher":"https:\/\/www.facebook.com\/kangasemueesti","article_modified_time":"2024-11-07T13:37:36+00:00","og_image":[{"width":720,"height":720,"url":"https:\/\/kangasemu.ee\/wp-content\/uploads\/2022\/04\/277821879_695223491898632_8149779670213996003_n.jpg","type":"image\/jpeg"}],"twitter_card":"summary_large_image","twitter_misc":{"Arvioitu lukuaika":"1 minuutti"},"schema":{"@context":"https:\/\/schema.org","@graph":[{"@type":"WebPage","@id":"https:\/\/kangasemu.ee\/toode\/uhevarviline-trikotaaz-puudriroosa\/","url":"https:\/\/kangasemu.ee\/toode\/uhevarviline-trikotaaz-puudriroosa\/","name":"Kiinte\u00e4 trikoinen vaaleanpunainen jauhemainen vaaleanpunainen (180cm leve\u00e4)% % -% Kangasemu - Kuvioitu trikootakki","isPartOf":{"@id":"https:\/\/kangasemu.ee\/fi\/#website"},"primaryImageOfPage":{"@id":"https:\/\/kangasemu.ee\/toode\/uhevarviline-trikotaaz-puudriroosa\/#primaryimage"},"image":{"@id":"https:\/\/kangasemu.ee\/toode\/uhevarviline-trikotaaz-puudriroosa\/#primaryimage"},"thumbnailUrl":"https:\/\/kangasemu.ee\/wp-content\/uploads\/2022\/04\/277821879_695223491898632_8149779670213996003_n.jpg","datePublished":"2023-07-21T10:55:24+00:00","dateModified":"2024-11-07T13:37:36+00:00","description":"Tavallinen trikoopyyhe jauhemaista vaaleanpunaista | Ohuempi trikoopyyhe sopii t\u00e4ydellisesti t-paitojen, mekkojen, k\u00e4silaukkujen, vauvan nappien jne. ompeluun.","breadcrumb":{"@id":"https:\/\/kangasemu.ee\/toode\/uhevarviline-trikotaaz-puudriroosa\/#breadcrumb"},"inLanguage":"fi","potentialAction":[{"@type":"ReadAction","target":["https:\/\/kangasemu.ee\/toode\/uhevarviline-trikotaaz-puudriroosa\/"]}]},{"@type":"ImageObject","inLanguage":"fi","@id":"https:\/\/kangasemu.ee\/toode\/uhevarviline-trikotaaz-puudriroosa\/#primaryimage","url":"https:\/\/kangasemu.ee\/wp-content\/uploads\/2022\/04\/277821879_695223491898632_8149779670213996003_n.jpg","contentUrl":"https:\/\/kangasemu.ee\/wp-content\/uploads\/2022\/04\/277821879_695223491898632_8149779670213996003_n.jpg","width":720,"height":720},{"@type":"BreadcrumbList","@id":"https:\/\/kangasemu.ee\/toode\/uhevarviline-trikotaaz-puudriroosa\/#breadcrumb","itemListElement":[{"@type":"ListItem","position":1,"name":"Home","item":"https:\/\/kangasemu.ee\/fi\/"},{"@type":"ListItem","position":2,"name":"Myym\u00e4l\u00e4","item":"https:\/\/kangasemu.ee\/fi\/shop\/"},{"@type":"ListItem","position":3,"name":"Kiinte\u00e4 trikoinen vaaleanpunainen jauhemainen vaaleanpunainen (180cm leve\u00e4)"}]},{"@type":"WebSite","@id":"https:\/\/kangasemu.ee\/fi\/#website","url":"https:\/\/kangasemu.ee\/fi\/","name":"Kangasemu","description":"Rozalen O\u00dc","publisher":{"@id":"https:\/\/kangasemu.ee\/fi\/#organization"},"potentialAction":[{"@type":"SearchAction","target":{"@type":"EntryPoint","urlTemplate":"https:\/\/kangasemu.ee\/fi\/?s={search_term_string}"},"query-input":{"@type":"PropertyValueSpecification","valueRequired":true,"valueName":"search_term_string"}}],"inLanguage":"fi"},{"@type":"Organization","@id":"https:\/\/kangasemu.ee\/fi\/#organization","name":"Rozalen O\u00fc","url":"https:\/\/kangasemu.ee\/fi\/","logo":{"@type":"ImageObject","inLanguage":"fi","@id":"https:\/\/kangasemu.ee\/fi\/#\/schema\/logo\/image\/","url":"https:\/\/kangasemu.ee\/wp-content\/uploads\/2020\/11\/logodark-2.png","contentUrl":"https:\/\/kangasemu.ee\/wp-content\/uploads\/2020\/11\/logodark-2.png","width":850,"height":384,"caption":"Rozalen O\u00fc"},"image":{"@id":"https:\/\/kangasemu.ee\/fi\/#\/schema\/logo\/image\/"},"sameAs":["https:\/\/www.facebook.com\/kangasemueesti","https:\/\/www.instagram.com\/kangasemu\/"]}]}},"_links":{"self":[{"href":"https:\/\/kangasemu.ee\/fi\/wp-json\/wp\/v2\/product\/30721","targetHints":{"allow":["GET"]}}],"collection":[{"href":"https:\/\/kangasemu.ee\/fi\/wp-json\/wp\/v2\/product"}],"about":[{"href":"https:\/\/kangasemu.ee\/fi\/wp-json\/wp\/v2\/types\/product"}],"replies":[{"embeddable":true,"href":"https:\/\/kangasemu.ee\/fi\/wp-json\/wp\/v2\/comments?post=30721"}],"version-history":[{"count":0,"href":"https:\/\/kangasemu.ee\/fi\/wp-json\/wp\/v2\/product\/30721\/revisions"}],"wp:featuredmedia":[{"embeddable":true,"href":"https:\/\/kangasemu.ee\/fi\/wp-json\/wp\/v2\/media\/21798"}],"wp:attachment":[{"href":"https:\/\/kangasemu.ee\/fi\/wp-json\/wp\/v2\/media?parent=30721"}],"wp:term":[{"taxonomy":"product_brand","embeddable":true,"href":"https:\/\/kangasemu.ee\/fi\/wp-json\/wp\/v2\/product_brand?post=30721"},{"taxonomy":"product_cat","embeddable":true,"href":"https:\/\/kangasemu.ee\/fi\/wp-json\/wp\/v2\/product_cat?post=30721"},{"taxonomy":"product_tag","embeddable":true,"href":"https:\/\/kangasemu.ee\/fi\/wp-json\/wp\/v2\/product_tag?post=30721"}],"curies":[{"name":"wp","href":"https:\/\/api.w.org\/{rel}","templated":true}]}}