{"id":30797,"date":"2020-12-07T16:13:09","date_gmt":"2020-12-07T14:13:09","guid":{"rendered":"https:\/\/kangasemu.ee\/toode\/merino-interlock-musta\/"},"modified":"2024-10-17T13:48:47","modified_gmt":"2024-10-17T11:48:47","slug":"merino-interlock-musta","status":"publish","type":"product","link":"https:\/\/kangasemu.ee\/fi\/toode\/merino-interlock-musta\/","title":{"rendered":"Merino interlock musta"},"content":{"rendered":"<p>Huomioithan, ett\u00e4 valokuvaustekniikasta ja n\u00e4yt\u00f6n eroista johtuen kankaan v\u00e4ri ja kuvion mitat voivat poiketa todellisuudesta ! Sama p\u00e4tee my\u00f6s samankaltaisiin neuleisiin ja collegepaitoihin, sill\u00e4 jotkin kankaat ovat per\u00e4isin eri tehtailta. Kysy tarvittaessa lis\u00e4tietoja. Tummilla kankailla reunojen v\u00e4\u00e4r\u00e4lle puolelle voi tulla mustetahroja, mutta ne eiv\u00e4t vaikuta tulosteen laatuun.<br \/>\nNoudata kankaan pesussa ohjeita:<br \/>\n* Kangas tulee pest\u00e4 villapesuohjelmalla, jossa on villapesuainetta ja enint\u00e4\u00e4n 40 astetta.<br \/>\n*Pese valmiit vaatteet nurinp\u00e4in.<br \/>\n* Kuivausrumpu ja valkaisu eiv\u00e4t ole sallittuja.<br \/>\n*Kun tummia ja vaaleita kankaita ommellaan yhteen, tummempi kangas (esim. kylkikangas) voi v\u00e4rj\u00e4t\u00e4 vaalean kankaan pesussa. (Suosittelemme v\u00e4riloukkujen k\u00e4ytt\u00f6\u00e4)<br \/>\n*Rautaa tuotteet keskil\u00e4mm\u00f6ll\u00e4 (130-150 astetta).<br \/>\n*Oman kokemukseni perusteella kankaan v\u00e4rin s\u00e4ilyvyys on parempi, jos k\u00e4yt\u00e4t pesuainetta eik\u00e4 jauhetta ja jos tummia v\u00e4rej\u00e4 pest\u00e4\u00e4n tummalla pesuaineella ja vaaleampia v\u00e4rej\u00e4 vaalealla pesuaineella.<\/p>\n<p><span style=\"text-decoration: underline;\"><strong><a href=\"https:\/\/kangasemu.ee\/wp-content\/uploads\/2020\/11\/pilt.jpg\" data-rel=\"penci-gallery-image-content\" ><img decoding=\"async\" class=\"alignnone size-full wp-image-7826\" src=\"https:\/\/kangasemu.ee\/wp-content\/uploads\/2020\/11\/pilt.jpg\" alt=\"\" width=\"178\" height=\"56\"><\/a><\/strong><\/span><br \/>\n<a href=\"https:\/\/kangasemu.ee\/wp-content\/uploads\/2020\/11\/Oko-Tex100.jpg\" data-rel=\"penci-gallery-image-content\" ><img fetchpriority=\"high\" decoding=\"async\" class=\"alignnone size-medium wp-image-8167\" src=\"https:\/\/kangasemu.ee\/wp-content\/uploads\/2020\/11\/Oko-Tex100-330x330.jpg\" alt=\"\" width=\"330\" height=\"330\" srcset=\"https:\/\/kangasemu.ee\/wp-content\/uploads\/2020\/11\/Oko-Tex100-330x330.jpg 330w, https:\/\/kangasemu.ee\/wp-content\/uploads\/2020\/11\/Oko-Tex100-465x465.jpg 465w, https:\/\/kangasemu.ee\/wp-content\/uploads\/2020\/11\/Oko-Tex100-100x100.jpg 100w, https:\/\/kangasemu.ee\/wp-content\/uploads\/2020\/11\/Oko-Tex100-600x600.jpg 600w, https:\/\/kangasemu.ee\/wp-content\/uploads\/2020\/11\/Oko-Tex100-440x440.jpg 440w, https:\/\/kangasemu.ee\/wp-content\/uploads\/2020\/11\/Oko-Tex100-768x768.jpg 768w, https:\/\/kangasemu.ee\/wp-content\/uploads\/2020\/11\/Oko-Tex100.jpg 1200w\" sizes=\"(max-width: 330px) 100vw, 330px\" \/><\/a><\/p>\n<p>&nbsp;<\/p>\n<p>&nbsp;<\/p>\n","protected":false},"excerpt":{"rendered":"<p>Merinovillakangas on mukavaa ja pehme\u00e4\u00e4. Merinon hyvien ominaisuuksien ansiosta se auttaa pit\u00e4m\u00e4\u00e4n l\u00e4mpim\u00e4n\u00e4 viilent\u00e4en. Kankaalla on my\u00f6s antibakteerisia ominaisuuksia. Ihanteellinen lasten vaatteiden ja l\u00e4mpimien alusvaatteiden ompelemiseen sek\u00e4 hatun, huivin ja customin vuoraukseen.<\/p>\n<p>250 g \/ m2, 130 cm<\/p>\n<p>100% merinoa<\/p>\n<p>Mulesing ilmainen<\/p>\n<p>Hinta on metrilt\u00e4. 0,1 m:n lis\u00e4ys 0,5 m:st\u00e4 0,1 m:iin.<\/p>\n<p>&nbsp;<\/p>\n<p>&nbsp;<\/p>\n","protected":false},"featured_media":16956,"comment_status":"open","ping_status":"closed","template":"","meta":{"_lmt_disableupdate":"","_lmt_disable":""},"product_brand":[],"product_cat":[458],"product_tag":[499],"class_list":{"0":"post-30797","1":"product","2":"type-product","3":"status-publish","4":"has-post-thumbnail","6":"product_cat-merinovillaa","7":"product_tag-merinovillaa","8":"pa_kanga-laius-125cm-fi","9":"pa_kanga-tihedus-250g-m2-fi","10":"pa_kangatuup-merino","11":"pa_koostis-100-meriinovilla","12":"pa_varv-luonnonvalkoinen","14":"first","15":"instock","16":"taxable","17":"shipping-taxable","18":"purchasable","19":"product-type-simple"},"yoast_head":"<!-- This site is optimized with the Yoast SEO plugin v27.2 - https:\/\/yoast.com\/product\/yoast-seo-wordpress\/ -->\n<title>Merino interlock musta - Kangasemu Merino interlock<\/title>\n<meta name=\"description\" content=\"Merino interlock musta | Merinovillakangas on mukavaa ja pehme\u00e4\u00e4. Merinon hyvien ominaisuuksien ansiosta se auttaa pit\u00e4m\u00e4\u00e4n l\u00e4mpim\u00e4n\u00e4 ja samalla ...\" \/>\n<meta name=\"robots\" content=\"index, follow, max-snippet:-1, max-image-preview:large, max-video-preview:-1\" \/>\n<link rel=\"canonical\" href=\"https:\/\/kangasemu.ee\/toode\/meriino-interlock-must\/\" \/>\n<meta property=\"og:locale\" content=\"fi_FI\" \/>\n<meta property=\"og:type\" content=\"article\" \/>\n<meta property=\"og:title\" content=\"Merino interlock musta - Kangasemu Merino interlock\" \/>\n<meta property=\"og:description\" content=\"Merino interlock musta | Merinovillakangas on mukavaa ja pehme\u00e4\u00e4. Merinon hyvien ominaisuuksien ansiosta se auttaa pit\u00e4m\u00e4\u00e4n l\u00e4mpim\u00e4n\u00e4 ja samalla ...\" \/>\n<meta property=\"og:url\" content=\"https:\/\/kangasemu.ee\/toode\/meriino-interlock-must\/\" \/>\n<meta property=\"og:site_name\" content=\"Kangasemu\" \/>\n<meta property=\"article:publisher\" content=\"https:\/\/www.facebook.com\/kangasemueesti\" \/>\n<meta property=\"article:modified_time\" content=\"2024-10-17T11:48:47+00:00\" \/>\n<meta property=\"og:image\" content=\"https:\/\/kangasemu.ee\/wp-content\/uploads\/2020\/12\/Meriino-must.jpg\" \/>\n\t<meta property=\"og:image:width\" content=\"720\" \/>\n\t<meta property=\"og:image:height\" content=\"720\" \/>\n\t<meta property=\"og:image:type\" content=\"image\/jpeg\" \/>\n<meta name=\"twitter:card\" content=\"summary_large_image\" \/>\n<meta name=\"twitter:label1\" content=\"Arvioitu lukuaika\" \/>\n\t<meta name=\"twitter:data1\" content=\"1 minuutti\" \/>\n<script type=\"application\/ld+json\" class=\"yoast-schema-graph\">{\"@context\":\"https:\/\/schema.org\",\"@graph\":[{\"@type\":\"WebPage\",\"@id\":\"https:\/\/kangasemu.ee\/toode\/meriino-interlock-must\/\",\"url\":\"https:\/\/kangasemu.ee\/toode\/meriino-interlock-must\/\",\"name\":\"Merino interlock musta - Kangasemu Merino interlock\",\"isPartOf\":{\"@id\":\"https:\/\/kangasemu.ee\/fi\/#website\"},\"primaryImageOfPage\":{\"@id\":\"https:\/\/kangasemu.ee\/toode\/meriino-interlock-must\/#primaryimage\"},\"image\":{\"@id\":\"https:\/\/kangasemu.ee\/toode\/meriino-interlock-must\/#primaryimage\"},\"thumbnailUrl\":\"https:\/\/kangasemu.ee\/wp-content\/uploads\/2020\/12\/Meriino-must.jpg\",\"datePublished\":\"2020-12-07T14:13:09+00:00\",\"dateModified\":\"2024-10-17T11:48:47+00:00\",\"description\":\"Merino interlock musta | Merinovillakangas on mukavaa ja pehme\u00e4\u00e4. Merinon hyvien ominaisuuksien ansiosta se auttaa pit\u00e4m\u00e4\u00e4n l\u00e4mpim\u00e4n\u00e4 ja samalla ...\",\"breadcrumb\":{\"@id\":\"https:\/\/kangasemu.ee\/toode\/meriino-interlock-must\/#breadcrumb\"},\"inLanguage\":\"fi\",\"potentialAction\":[{\"@type\":\"ReadAction\",\"target\":[\"https:\/\/kangasemu.ee\/toode\/meriino-interlock-must\/\"]}]},{\"@type\":\"ImageObject\",\"inLanguage\":\"fi\",\"@id\":\"https:\/\/kangasemu.ee\/toode\/meriino-interlock-must\/#primaryimage\",\"url\":\"https:\/\/kangasemu.ee\/wp-content\/uploads\/2020\/12\/Meriino-must.jpg\",\"contentUrl\":\"https:\/\/kangasemu.ee\/wp-content\/uploads\/2020\/12\/Meriino-must.jpg\",\"width\":720,\"height\":720},{\"@type\":\"BreadcrumbList\",\"@id\":\"https:\/\/kangasemu.ee\/toode\/meriino-interlock-must\/#breadcrumb\",\"itemListElement\":[{\"@type\":\"ListItem\",\"position\":1,\"name\":\"Home\",\"item\":\"https:\/\/kangasemu.ee\/fi\/\"},{\"@type\":\"ListItem\",\"position\":2,\"name\":\"Myym\u00e4l\u00e4\",\"item\":\"https:\/\/kangasemu.ee\/fi\/shop\/\"},{\"@type\":\"ListItem\",\"position\":3,\"name\":\"Merino interlock musta\"}]},{\"@type\":\"WebSite\",\"@id\":\"https:\/\/kangasemu.ee\/fi\/#website\",\"url\":\"https:\/\/kangasemu.ee\/fi\/\",\"name\":\"Kangasemu\",\"description\":\"Rozalen O\u00dc\",\"publisher\":{\"@id\":\"https:\/\/kangasemu.ee\/fi\/#organization\"},\"potentialAction\":[{\"@type\":\"SearchAction\",\"target\":{\"@type\":\"EntryPoint\",\"urlTemplate\":\"https:\/\/kangasemu.ee\/fi\/?s={search_term_string}\"},\"query-input\":{\"@type\":\"PropertyValueSpecification\",\"valueRequired\":true,\"valueName\":\"search_term_string\"}}],\"inLanguage\":\"fi\"},{\"@type\":\"Organization\",\"@id\":\"https:\/\/kangasemu.ee\/fi\/#organization\",\"name\":\"Rozalen O\u00fc\",\"url\":\"https:\/\/kangasemu.ee\/fi\/\",\"logo\":{\"@type\":\"ImageObject\",\"inLanguage\":\"fi\",\"@id\":\"https:\/\/kangasemu.ee\/fi\/#\/schema\/logo\/image\/\",\"url\":\"https:\/\/kangasemu.ee\/wp-content\/uploads\/2020\/11\/logodark-2.png\",\"contentUrl\":\"https:\/\/kangasemu.ee\/wp-content\/uploads\/2020\/11\/logodark-2.png\",\"width\":850,\"height\":384,\"caption\":\"Rozalen O\u00fc\"},\"image\":{\"@id\":\"https:\/\/kangasemu.ee\/fi\/#\/schema\/logo\/image\/\"},\"sameAs\":[\"https:\/\/www.facebook.com\/kangasemueesti\",\"https:\/\/www.instagram.com\/kangasemu\/\"]}]}<\/script>\n<!-- \/ Yoast SEO plugin. -->","yoast_head_json":{"title":"Merino interlock musta - Kangasemu Merino interlock","description":"Merino interlock musta | Merinovillakangas on mukavaa ja pehme\u00e4\u00e4. Merinon hyvien ominaisuuksien ansiosta se auttaa pit\u00e4m\u00e4\u00e4n l\u00e4mpim\u00e4n\u00e4 ja samalla ...","robots":{"index":"index","follow":"follow","max-snippet":"max-snippet:-1","max-image-preview":"max-image-preview:large","max-video-preview":"max-video-preview:-1"},"canonical":"https:\/\/kangasemu.ee\/toode\/meriino-interlock-must\/","og_locale":"fi_FI","og_type":"article","og_title":"Merino interlock musta - Kangasemu Merino interlock","og_description":"Merino interlock musta | Merinovillakangas on mukavaa ja pehme\u00e4\u00e4. Merinon hyvien ominaisuuksien ansiosta se auttaa pit\u00e4m\u00e4\u00e4n l\u00e4mpim\u00e4n\u00e4 ja samalla ...","og_url":"https:\/\/kangasemu.ee\/toode\/meriino-interlock-must\/","og_site_name":"Kangasemu","article_publisher":"https:\/\/www.facebook.com\/kangasemueesti","article_modified_time":"2024-10-17T11:48:47+00:00","og_image":[{"width":720,"height":720,"url":"https:\/\/kangasemu.ee\/wp-content\/uploads\/2020\/12\/Meriino-must.jpg","type":"image\/jpeg"}],"twitter_card":"summary_large_image","twitter_misc":{"Arvioitu lukuaika":"1 minuutti"},"schema":{"@context":"https:\/\/schema.org","@graph":[{"@type":"WebPage","@id":"https:\/\/kangasemu.ee\/toode\/meriino-interlock-must\/","url":"https:\/\/kangasemu.ee\/toode\/meriino-interlock-must\/","name":"Merino interlock musta - Kangasemu Merino interlock","isPartOf":{"@id":"https:\/\/kangasemu.ee\/fi\/#website"},"primaryImageOfPage":{"@id":"https:\/\/kangasemu.ee\/toode\/meriino-interlock-must\/#primaryimage"},"image":{"@id":"https:\/\/kangasemu.ee\/toode\/meriino-interlock-must\/#primaryimage"},"thumbnailUrl":"https:\/\/kangasemu.ee\/wp-content\/uploads\/2020\/12\/Meriino-must.jpg","datePublished":"2020-12-07T14:13:09+00:00","dateModified":"2024-10-17T11:48:47+00:00","description":"Merino interlock musta | Merinovillakangas on mukavaa ja pehme\u00e4\u00e4. Merinon hyvien ominaisuuksien ansiosta se auttaa pit\u00e4m\u00e4\u00e4n l\u00e4mpim\u00e4n\u00e4 ja samalla ...","breadcrumb":{"@id":"https:\/\/kangasemu.ee\/toode\/meriino-interlock-must\/#breadcrumb"},"inLanguage":"fi","potentialAction":[{"@type":"ReadAction","target":["https:\/\/kangasemu.ee\/toode\/meriino-interlock-must\/"]}]},{"@type":"ImageObject","inLanguage":"fi","@id":"https:\/\/kangasemu.ee\/toode\/meriino-interlock-must\/#primaryimage","url":"https:\/\/kangasemu.ee\/wp-content\/uploads\/2020\/12\/Meriino-must.jpg","contentUrl":"https:\/\/kangasemu.ee\/wp-content\/uploads\/2020\/12\/Meriino-must.jpg","width":720,"height":720},{"@type":"BreadcrumbList","@id":"https:\/\/kangasemu.ee\/toode\/meriino-interlock-must\/#breadcrumb","itemListElement":[{"@type":"ListItem","position":1,"name":"Home","item":"https:\/\/kangasemu.ee\/fi\/"},{"@type":"ListItem","position":2,"name":"Myym\u00e4l\u00e4","item":"https:\/\/kangasemu.ee\/fi\/shop\/"},{"@type":"ListItem","position":3,"name":"Merino interlock musta"}]},{"@type":"WebSite","@id":"https:\/\/kangasemu.ee\/fi\/#website","url":"https:\/\/kangasemu.ee\/fi\/","name":"Kangasemu","description":"Rozalen O\u00dc","publisher":{"@id":"https:\/\/kangasemu.ee\/fi\/#organization"},"potentialAction":[{"@type":"SearchAction","target":{"@type":"EntryPoint","urlTemplate":"https:\/\/kangasemu.ee\/fi\/?s={search_term_string}"},"query-input":{"@type":"PropertyValueSpecification","valueRequired":true,"valueName":"search_term_string"}}],"inLanguage":"fi"},{"@type":"Organization","@id":"https:\/\/kangasemu.ee\/fi\/#organization","name":"Rozalen O\u00fc","url":"https:\/\/kangasemu.ee\/fi\/","logo":{"@type":"ImageObject","inLanguage":"fi","@id":"https:\/\/kangasemu.ee\/fi\/#\/schema\/logo\/image\/","url":"https:\/\/kangasemu.ee\/wp-content\/uploads\/2020\/11\/logodark-2.png","contentUrl":"https:\/\/kangasemu.ee\/wp-content\/uploads\/2020\/11\/logodark-2.png","width":850,"height":384,"caption":"Rozalen O\u00fc"},"image":{"@id":"https:\/\/kangasemu.ee\/fi\/#\/schema\/logo\/image\/"},"sameAs":["https:\/\/www.facebook.com\/kangasemueesti","https:\/\/www.instagram.com\/kangasemu\/"]}]}},"_links":{"self":[{"href":"https:\/\/kangasemu.ee\/fi\/wp-json\/wp\/v2\/product\/30797","targetHints":{"allow":["GET"]}}],"collection":[{"href":"https:\/\/kangasemu.ee\/fi\/wp-json\/wp\/v2\/product"}],"about":[{"href":"https:\/\/kangasemu.ee\/fi\/wp-json\/wp\/v2\/types\/product"}],"replies":[{"embeddable":true,"href":"https:\/\/kangasemu.ee\/fi\/wp-json\/wp\/v2\/comments?post=30797"}],"version-history":[{"count":0,"href":"https:\/\/kangasemu.ee\/fi\/wp-json\/wp\/v2\/product\/30797\/revisions"}],"wp:featuredmedia":[{"embeddable":true,"href":"https:\/\/kangasemu.ee\/fi\/wp-json\/wp\/v2\/media\/16956"}],"wp:attachment":[{"href":"https:\/\/kangasemu.ee\/fi\/wp-json\/wp\/v2\/media?parent=30797"}],"wp:term":[{"taxonomy":"product_brand","embeddable":true,"href":"https:\/\/kangasemu.ee\/fi\/wp-json\/wp\/v2\/product_brand?post=30797"},{"taxonomy":"product_cat","embeddable":true,"href":"https:\/\/kangasemu.ee\/fi\/wp-json\/wp\/v2\/product_cat?post=30797"},{"taxonomy":"product_tag","embeddable":true,"href":"https:\/\/kangasemu.ee\/fi\/wp-json\/wp\/v2\/product_tag?post=30797"}],"curies":[{"name":"wp","href":"https:\/\/api.w.org\/{rel}","templated":true}]}}