{"id":30916,"date":"2022-02-18T10:59:22","date_gmt":"2023-07-21T10:57:02","guid":{"rendered":"https:\/\/kangasemu.ee\/toode\/overloki-niitti-aruba-sininen-5000m\/"},"modified":"2023-07-21T10:57:02","modified_gmt":"2023-07-21T10:57:02","slug":"overlok-niit-aruba-sininen-5000m","status":"publish","type":"product","link":"https:\/\/kangasemu.ee\/fi\/toode\/overlok-niit-aruba-sininen-5000m\/","title":{"rendered":"Overloki niitti Aruba sininen 5000m"},"content":{"rendered":"<p>Huomioithan, ett\u00e4 valokuvaustekniikasta ja n\u00e4yt\u00f6n eroista johtuen kankaan v\u00e4ri ja kuvion mitat voivat poiketa todellisuudesta ! Sama p\u00e4tee my\u00f6s samankaltaisiin neuleisiin ja collegepaitoihin, sill\u00e4 jotkin kankaat ovat per\u00e4isin eri tehtailta. Kysy tarvittaessa lis\u00e4tietoja. Tummilla kankailla reunojen v\u00e4\u00e4r\u00e4lle puolelle voi tulla mustetahroja, mutta ne eiv\u00e4t vaikuta tulosteen laatuun.<br \/>\nNoudata kankaan pesussa ohjeita:<br \/>\n*Kankaat on pest\u00e4v\u00e4 30 asteessa valmistajan suositusten mukaisesti.<br \/>\n*Pese valmiit vaatteet nurinp\u00e4in.<br \/>\n* Kuivausrumpu ja valkaisu eiv\u00e4t ole sallittuja.<br \/>\n*Kun tummia ja vaaleita kankaita ommellaan yhteen, tummempi kangas (esim. kylkikangas) voi v\u00e4rj\u00e4t\u00e4 vaalean kankaan pesussa. (Suosittelemme v\u00e4riloukkujen k\u00e4ytt\u00f6\u00e4)<br \/>\n*Rautaa tuotteet keskil\u00e4mm\u00f6ll\u00e4 (130-150 astetta).<br \/>\n*Oman kokemukseni perusteella kankaan v\u00e4rin s\u00e4ilyvyys on parempi, jos k\u00e4yt\u00e4t pesuainetta eik\u00e4 jauhetta ja jos tummia v\u00e4rej\u00e4 pest\u00e4\u00e4n tummalla pesuaineella ja vaaleampia v\u00e4rej\u00e4 vaalealla pesuaineella.<\/p>\n<p>&nbsp;<\/p>\n","protected":false},"excerpt":{"rendered":"<p>100% polyesteri\u00e4<\/p>\n<p>5000m<\/p>\n<p>Koko 140<\/p>\n<p>100 g\/m\u00b2<\/p>\n","protected":false},"featured_media":22298,"comment_status":"open","ping_status":"closed","template":"","meta":{"_lmt_disableupdate":"","_lmt_disable":""},"product_brand":[],"product_cat":[1694],"product_tag":[1695,1979,501,504,531,760],"class_list":{"0":"post-30916","1":"product","2":"type-product","3":"status-publish","4":"has-post-thumbnail","6":"product_cat-overlock-langat","7":"product_tag-5000m-fi","8":"product_tag-aruban-sininen","9":"product_tag-kierteet","10":"product_tag-kierteet-fi","11":"product_tag-overlock-lanka","12":"product_tag-sinenen","13":"pa_koostis-100-polyesteri","14":"pa_varv-sininen","16":"first","17":"instock","18":"taxable","19":"shipping-taxable","20":"purchasable","21":"product-type-simple"},"yoast_head":"<!-- This site is optimized with the Yoast SEO plugin v27.2 - https:\/\/yoast.com\/product\/yoast-seo-wordpress\/ -->\n<title>Overloki niitti Aruba sininen 5000m - Kangasemu<\/title>\n<meta name=\"description\" content=\"Overloki niit Aruba Blue 5000m.\" \/>\n<meta name=\"robots\" content=\"index, follow, max-snippet:-1, max-image-preview:large, max-video-preview:-1\" \/>\n<link rel=\"canonical\" href=\"https:\/\/kangasemu.ee\/fi\/toode\/overlok-niit-aruba-sininen-5000m\/\" \/>\n<meta property=\"og:locale\" content=\"fi_FI\" \/>\n<meta property=\"og:type\" content=\"article\" \/>\n<meta property=\"og:title\" content=\"Overloki niitti Aruba sininen 5000m - Kangasemu\" \/>\n<meta property=\"og:description\" content=\"Overloki niit Aruba Blue 5000m.\" \/>\n<meta property=\"og:url\" content=\"https:\/\/kangasemu.ee\/fi\/toode\/overlok-niit-aruba-sininen-5000m\/\" \/>\n<meta property=\"og:site_name\" content=\"Kangasemu\" \/>\n<meta property=\"article:publisher\" content=\"https:\/\/www.facebook.com\/kangasemueesti\" \/>\n<meta property=\"og:image\" content=\"https:\/\/kangasemu.ee\/wp-content\/uploads\/2022\/02\/I-N50-50-135313.jpg\" \/>\n\t<meta property=\"og:image:width\" content=\"720\" \/>\n\t<meta property=\"og:image:height\" content=\"720\" \/>\n\t<meta property=\"og:image:type\" content=\"image\/jpeg\" \/>\n<meta name=\"twitter:card\" content=\"summary_large_image\" \/>\n<meta name=\"twitter:label1\" content=\"Arvioitu lukuaika\" \/>\n\t<meta name=\"twitter:data1\" content=\"1 minuutti\" \/>\n<script type=\"application\/ld+json\" class=\"yoast-schema-graph\">{\"@context\":\"https:\/\/schema.org\",\"@graph\":[{\"@type\":\"WebPage\",\"@id\":\"https:\/\/kangasemu.ee\/fi\/toode\/overlok-niit-aruba-sininen-5000m\/\",\"url\":\"https:\/\/kangasemu.ee\/fi\/toode\/overlok-niit-aruba-sininen-5000m\/\",\"name\":\"Overloki niitti Aruba sininen 5000m - Kangasemu\",\"isPartOf\":{\"@id\":\"https:\/\/kangasemu.ee\/fi\/#website\"},\"primaryImageOfPage\":{\"@id\":\"https:\/\/kangasemu.ee\/fi\/toode\/overlok-niit-aruba-sininen-5000m\/#primaryimage\"},\"image\":{\"@id\":\"https:\/\/kangasemu.ee\/fi\/toode\/overlok-niit-aruba-sininen-5000m\/#primaryimage\"},\"thumbnailUrl\":\"https:\/\/kangasemu.ee\/wp-content\/uploads\/2022\/02\/I-N50-50-135313.jpg\",\"datePublished\":\"2023-07-21T10:57:02+00:00\",\"description\":\"Overloki niit Aruba Blue 5000m.\",\"breadcrumb\":{\"@id\":\"https:\/\/kangasemu.ee\/fi\/toode\/overlok-niit-aruba-sininen-5000m\/#breadcrumb\"},\"inLanguage\":\"fi\",\"potentialAction\":[{\"@type\":\"ReadAction\",\"target\":[\"https:\/\/kangasemu.ee\/fi\/toode\/overlok-niit-aruba-sininen-5000m\/\"]}]},{\"@type\":\"ImageObject\",\"inLanguage\":\"fi\",\"@id\":\"https:\/\/kangasemu.ee\/fi\/toode\/overlok-niit-aruba-sininen-5000m\/#primaryimage\",\"url\":\"https:\/\/kangasemu.ee\/wp-content\/uploads\/2022\/02\/I-N50-50-135313.jpg\",\"contentUrl\":\"https:\/\/kangasemu.ee\/wp-content\/uploads\/2022\/02\/I-N50-50-135313.jpg\",\"width\":720,\"height\":720},{\"@type\":\"BreadcrumbList\",\"@id\":\"https:\/\/kangasemu.ee\/fi\/toode\/overlok-niit-aruba-sininen-5000m\/#breadcrumb\",\"itemListElement\":[{\"@type\":\"ListItem\",\"position\":1,\"name\":\"Home\",\"item\":\"https:\/\/kangasemu.ee\/fi\/\"},{\"@type\":\"ListItem\",\"position\":2,\"name\":\"Myym\u00e4l\u00e4\",\"item\":\"https:\/\/kangasemu.ee\/fi\/shop\/\"},{\"@type\":\"ListItem\",\"position\":3,\"name\":\"Overloki niitti Aruba sininen 5000m\"}]},{\"@type\":\"WebSite\",\"@id\":\"https:\/\/kangasemu.ee\/fi\/#website\",\"url\":\"https:\/\/kangasemu.ee\/fi\/\",\"name\":\"Kangasemu\",\"description\":\"Rozalen O\u00dc\",\"publisher\":{\"@id\":\"https:\/\/kangasemu.ee\/fi\/#organization\"},\"potentialAction\":[{\"@type\":\"SearchAction\",\"target\":{\"@type\":\"EntryPoint\",\"urlTemplate\":\"https:\/\/kangasemu.ee\/fi\/?s={search_term_string}\"},\"query-input\":{\"@type\":\"PropertyValueSpecification\",\"valueRequired\":true,\"valueName\":\"search_term_string\"}}],\"inLanguage\":\"fi\"},{\"@type\":\"Organization\",\"@id\":\"https:\/\/kangasemu.ee\/fi\/#organization\",\"name\":\"Rozalen O\u00fc\",\"url\":\"https:\/\/kangasemu.ee\/fi\/\",\"logo\":{\"@type\":\"ImageObject\",\"inLanguage\":\"fi\",\"@id\":\"https:\/\/kangasemu.ee\/fi\/#\/schema\/logo\/image\/\",\"url\":\"https:\/\/kangasemu.ee\/wp-content\/uploads\/2020\/11\/logodark-2.png\",\"contentUrl\":\"https:\/\/kangasemu.ee\/wp-content\/uploads\/2020\/11\/logodark-2.png\",\"width\":850,\"height\":384,\"caption\":\"Rozalen O\u00fc\"},\"image\":{\"@id\":\"https:\/\/kangasemu.ee\/fi\/#\/schema\/logo\/image\/\"},\"sameAs\":[\"https:\/\/www.facebook.com\/kangasemueesti\",\"https:\/\/www.instagram.com\/kangasemu\/\"]}]}<\/script>\n<!-- \/ Yoast SEO plugin. -->","yoast_head_json":{"title":"Overloki niitti Aruba sininen 5000m - Kangasemu","description":"Overloki niit Aruba Blue 5000m.","robots":{"index":"index","follow":"follow","max-snippet":"max-snippet:-1","max-image-preview":"max-image-preview:large","max-video-preview":"max-video-preview:-1"},"canonical":"https:\/\/kangasemu.ee\/fi\/toode\/overlok-niit-aruba-sininen-5000m\/","og_locale":"fi_FI","og_type":"article","og_title":"Overloki niitti Aruba sininen 5000m - Kangasemu","og_description":"Overloki niit Aruba Blue 5000m.","og_url":"https:\/\/kangasemu.ee\/fi\/toode\/overlok-niit-aruba-sininen-5000m\/","og_site_name":"Kangasemu","article_publisher":"https:\/\/www.facebook.com\/kangasemueesti","og_image":[{"width":720,"height":720,"url":"https:\/\/kangasemu.ee\/wp-content\/uploads\/2022\/02\/I-N50-50-135313.jpg","type":"image\/jpeg"}],"twitter_card":"summary_large_image","twitter_misc":{"Arvioitu lukuaika":"1 minuutti"},"schema":{"@context":"https:\/\/schema.org","@graph":[{"@type":"WebPage","@id":"https:\/\/kangasemu.ee\/fi\/toode\/overlok-niit-aruba-sininen-5000m\/","url":"https:\/\/kangasemu.ee\/fi\/toode\/overlok-niit-aruba-sininen-5000m\/","name":"Overloki niitti Aruba sininen 5000m - Kangasemu","isPartOf":{"@id":"https:\/\/kangasemu.ee\/fi\/#website"},"primaryImageOfPage":{"@id":"https:\/\/kangasemu.ee\/fi\/toode\/overlok-niit-aruba-sininen-5000m\/#primaryimage"},"image":{"@id":"https:\/\/kangasemu.ee\/fi\/toode\/overlok-niit-aruba-sininen-5000m\/#primaryimage"},"thumbnailUrl":"https:\/\/kangasemu.ee\/wp-content\/uploads\/2022\/02\/I-N50-50-135313.jpg","datePublished":"2023-07-21T10:57:02+00:00","description":"Overloki niit Aruba Blue 5000m.","breadcrumb":{"@id":"https:\/\/kangasemu.ee\/fi\/toode\/overlok-niit-aruba-sininen-5000m\/#breadcrumb"},"inLanguage":"fi","potentialAction":[{"@type":"ReadAction","target":["https:\/\/kangasemu.ee\/fi\/toode\/overlok-niit-aruba-sininen-5000m\/"]}]},{"@type":"ImageObject","inLanguage":"fi","@id":"https:\/\/kangasemu.ee\/fi\/toode\/overlok-niit-aruba-sininen-5000m\/#primaryimage","url":"https:\/\/kangasemu.ee\/wp-content\/uploads\/2022\/02\/I-N50-50-135313.jpg","contentUrl":"https:\/\/kangasemu.ee\/wp-content\/uploads\/2022\/02\/I-N50-50-135313.jpg","width":720,"height":720},{"@type":"BreadcrumbList","@id":"https:\/\/kangasemu.ee\/fi\/toode\/overlok-niit-aruba-sininen-5000m\/#breadcrumb","itemListElement":[{"@type":"ListItem","position":1,"name":"Home","item":"https:\/\/kangasemu.ee\/fi\/"},{"@type":"ListItem","position":2,"name":"Myym\u00e4l\u00e4","item":"https:\/\/kangasemu.ee\/fi\/shop\/"},{"@type":"ListItem","position":3,"name":"Overloki niitti Aruba sininen 5000m"}]},{"@type":"WebSite","@id":"https:\/\/kangasemu.ee\/fi\/#website","url":"https:\/\/kangasemu.ee\/fi\/","name":"Kangasemu","description":"Rozalen O\u00dc","publisher":{"@id":"https:\/\/kangasemu.ee\/fi\/#organization"},"potentialAction":[{"@type":"SearchAction","target":{"@type":"EntryPoint","urlTemplate":"https:\/\/kangasemu.ee\/fi\/?s={search_term_string}"},"query-input":{"@type":"PropertyValueSpecification","valueRequired":true,"valueName":"search_term_string"}}],"inLanguage":"fi"},{"@type":"Organization","@id":"https:\/\/kangasemu.ee\/fi\/#organization","name":"Rozalen O\u00fc","url":"https:\/\/kangasemu.ee\/fi\/","logo":{"@type":"ImageObject","inLanguage":"fi","@id":"https:\/\/kangasemu.ee\/fi\/#\/schema\/logo\/image\/","url":"https:\/\/kangasemu.ee\/wp-content\/uploads\/2020\/11\/logodark-2.png","contentUrl":"https:\/\/kangasemu.ee\/wp-content\/uploads\/2020\/11\/logodark-2.png","width":850,"height":384,"caption":"Rozalen O\u00fc"},"image":{"@id":"https:\/\/kangasemu.ee\/fi\/#\/schema\/logo\/image\/"},"sameAs":["https:\/\/www.facebook.com\/kangasemueesti","https:\/\/www.instagram.com\/kangasemu\/"]}]}},"_links":{"self":[{"href":"https:\/\/kangasemu.ee\/fi\/wp-json\/wp\/v2\/product\/30916","targetHints":{"allow":["GET"]}}],"collection":[{"href":"https:\/\/kangasemu.ee\/fi\/wp-json\/wp\/v2\/product"}],"about":[{"href":"https:\/\/kangasemu.ee\/fi\/wp-json\/wp\/v2\/types\/product"}],"replies":[{"embeddable":true,"href":"https:\/\/kangasemu.ee\/fi\/wp-json\/wp\/v2\/comments?post=30916"}],"version-history":[{"count":0,"href":"https:\/\/kangasemu.ee\/fi\/wp-json\/wp\/v2\/product\/30916\/revisions"}],"wp:featuredmedia":[{"embeddable":true,"href":"https:\/\/kangasemu.ee\/fi\/wp-json\/wp\/v2\/media\/22298"}],"wp:attachment":[{"href":"https:\/\/kangasemu.ee\/fi\/wp-json\/wp\/v2\/media?parent=30916"}],"wp:term":[{"taxonomy":"product_brand","embeddable":true,"href":"https:\/\/kangasemu.ee\/fi\/wp-json\/wp\/v2\/product_brand?post=30916"},{"taxonomy":"product_cat","embeddable":true,"href":"https:\/\/kangasemu.ee\/fi\/wp-json\/wp\/v2\/product_cat?post=30916"},{"taxonomy":"product_tag","embeddable":true,"href":"https:\/\/kangasemu.ee\/fi\/wp-json\/wp\/v2\/product_tag?post=30916"}],"curies":[{"name":"wp","href":"https:\/\/api.w.org\/{rel}","templated":true}]}}