{"id":31007,"date":"2021-04-29T05:19:00","date_gmt":"2021-04-29T05:19:00","guid":{"rendered":"https:\/\/kangasemu.ee\/toode\/kangasemun-lahjakortti-fyysinen\/"},"modified":"2023-07-21T10:57:39","modified_gmt":"2023-07-21T10:57:39","slug":"kangas-asemu-lahjakortti-suljettava","status":"publish","type":"product","link":"https:\/\/kangasemu.ee\/fi\/toode\/kangas-asemu-lahjakortti-suljettava\/","title":{"rendered":"Kangasemun lahjakortti (fyysinen)"},"content":{"rendered":"<p>Kangasemun lahjakortti on t\u00e4ydellinen lahja kangasta rakastavalle yst\u00e4v\u00e4llesi.<\/p>\n<p>PS! Tilaa t\u00e4m\u00e4 lahjakortti, jos haluat tilata fyysisen lahjakortin kotiin tai l\u00e4hett\u00e4\u00e4 sen suoraan vastaanottajan kotiin tai pakettiautomaattiin.<br \/>\nJos haluat mieluummin digitaalisen lahjakortin, jonka voit ladata tai l\u00e4hett\u00e4\u00e4 s\u00e4hk\u00f6postitse, valitse <a href=\"https:\/\/kangasemu.ee\/toode\/kangasemu-kinkekaart-digitaalne\/\">digitaalinen lahjakortti<\/a>.<\/p>\n","protected":false},"excerpt":{"rendered":"<p>Kangasemun lahjakortti on t\u00e4ydellinen lahja kangasta rakastavalle yst\u00e4v\u00e4llesi. PS! Tilaa t\u00e4m\u00e4 lahjakortti, jos haluat tilata fyysisen lahjakortin kotiin tai l\u00e4hett\u00e4\u00e4 sen suoraan vastaanottajan kotiin tai pakettiautomaattiin. Jos haluat mieluummin digitaalisen&hellip;<\/p>\n","protected":false},"featured_media":30983,"comment_status":"open","ping_status":"closed","template":"","meta":{"_lmt_disableupdate":"","_lmt_disable":""},"product_brand":[],"product_cat":[457],"product_tag":[],"class_list":{"0":"post-31007","1":"product","2":"type-product","3":"status-publish","4":"has-post-thumbnail","6":"product_cat-lahjakortti","8":"first","9":"outofstock","10":"taxable","11":"shipping-taxable","12":"purchasable","13":"product-type-pw-gift-card"},"yoast_head":"<!-- This site is optimized with the Yoast SEO plugin v27.4 - https:\/\/yoast.com\/product\/yoast-seo-wordpress\/ -->\n<title>Kangasemun lahjakortti (fyysinen) - Kangasemu<\/title>\n<meta name=\"robots\" content=\"index, follow, max-snippet:-1, max-image-preview:large, max-video-preview:-1\" \/>\n<link rel=\"canonical\" href=\"https:\/\/kangasemu.ee\/toode\/kangasemu-kinkekaart-fuusiline\/\" \/>\n<meta property=\"og:locale\" content=\"fi_FI\" \/>\n<meta property=\"og:type\" content=\"article\" \/>\n<meta property=\"og:title\" content=\"Kangasemun lahjakortti (fyysinen) - Kangasemu\" \/>\n<meta property=\"og:description\" content=\"Kangasemun lahjakortti on t\u00e4ydellinen lahja kangasta rakastavalle yst\u00e4v\u00e4llesi. PS! Tilaa t\u00e4m\u00e4 lahjakortti, jos haluat tilata fyysisen lahjakortin kotiin tai l\u00e4hett\u00e4\u00e4 sen suoraan vastaanottajan kotiin tai pakettiautomaattiin. Jos haluat mieluummin digitaalisen&hellip;\" \/>\n<meta property=\"og:url\" content=\"https:\/\/kangasemu.ee\/toode\/kangasemu-kinkekaart-fuusiline\/\" \/>\n<meta property=\"og:site_name\" content=\"Kangasemu\" \/>\n<meta property=\"article:publisher\" content=\"https:\/\/www.facebook.com\/kangasemueesti\" \/>\n<meta property=\"article:modified_time\" content=\"2023-07-21T10:57:39+00:00\" \/>\n<meta property=\"og:image\" content=\"https:\/\/kangasemu.ee\/wp-content\/uploads\/2021\/04\/182674160_308873640647819_7937098793869340844_n.png\" \/>\n\t<meta property=\"og:image:width\" content=\"582\" \/>\n\t<meta property=\"og:image:height\" content=\"415\" \/>\n\t<meta property=\"og:image:type\" content=\"image\/png\" \/>\n<meta name=\"twitter:card\" content=\"summary_large_image\" \/>\n<script type=\"application\/ld+json\" class=\"yoast-schema-graph\">{\"@context\":\"https:\\\/\\\/schema.org\",\"@graph\":[{\"@type\":\"WebPage\",\"@id\":\"https:\\\/\\\/kangasemu.ee\\\/toode\\\/kangasemu-kinkekaart-fuusiline\\\/\",\"url\":\"https:\\\/\\\/kangasemu.ee\\\/toode\\\/kangasemu-kinkekaart-fuusiline\\\/\",\"name\":\"Kangasemun lahjakortti (fyysinen) - Kangasemu\",\"isPartOf\":{\"@id\":\"https:\\\/\\\/kangasemu.ee\\\/fi\\\/#website\"},\"primaryImageOfPage\":{\"@id\":\"https:\\\/\\\/kangasemu.ee\\\/toode\\\/kangasemu-kinkekaart-fuusiline\\\/#primaryimage\"},\"image\":{\"@id\":\"https:\\\/\\\/kangasemu.ee\\\/toode\\\/kangasemu-kinkekaart-fuusiline\\\/#primaryimage\"},\"thumbnailUrl\":\"https:\\\/\\\/kangasemu.ee\\\/wp-content\\\/uploads\\\/2021\\\/04\\\/182674160_308873640647819_7937098793869340844_n.png\",\"datePublished\":\"2021-04-29T05:19:00+00:00\",\"dateModified\":\"2023-07-21T10:57:39+00:00\",\"breadcrumb\":{\"@id\":\"https:\\\/\\\/kangasemu.ee\\\/toode\\\/kangasemu-kinkekaart-fuusiline\\\/#breadcrumb\"},\"inLanguage\":\"fi\",\"potentialAction\":[{\"@type\":\"ReadAction\",\"target\":[\"https:\\\/\\\/kangasemu.ee\\\/toode\\\/kangasemu-kinkekaart-fuusiline\\\/\"]}]},{\"@type\":\"ImageObject\",\"inLanguage\":\"fi\",\"@id\":\"https:\\\/\\\/kangasemu.ee\\\/toode\\\/kangasemu-kinkekaart-fuusiline\\\/#primaryimage\",\"url\":\"https:\\\/\\\/kangasemu.ee\\\/wp-content\\\/uploads\\\/2021\\\/04\\\/182674160_308873640647819_7937098793869340844_n.png\",\"contentUrl\":\"https:\\\/\\\/kangasemu.ee\\\/wp-content\\\/uploads\\\/2021\\\/04\\\/182674160_308873640647819_7937098793869340844_n.png\",\"width\":582,\"height\":415,\"caption\":\"Kangasemun lahjakortti\"},{\"@type\":\"BreadcrumbList\",\"@id\":\"https:\\\/\\\/kangasemu.ee\\\/toode\\\/kangasemu-kinkekaart-fuusiline\\\/#breadcrumb\",\"itemListElement\":[{\"@type\":\"ListItem\",\"position\":1,\"name\":\"Home\",\"item\":\"https:\\\/\\\/kangasemu.ee\\\/fi\\\/\"},{\"@type\":\"ListItem\",\"position\":2,\"name\":\"Myym\u00e4l\u00e4\",\"item\":\"https:\\\/\\\/kangasemu.ee\\\/fi\\\/shop\\\/\"},{\"@type\":\"ListItem\",\"position\":3,\"name\":\"Kangasemun lahjakortti (fyysinen)\"}]},{\"@type\":\"WebSite\",\"@id\":\"https:\\\/\\\/kangasemu.ee\\\/fi\\\/#website\",\"url\":\"https:\\\/\\\/kangasemu.ee\\\/fi\\\/\",\"name\":\"Kangasemu\",\"description\":\"Rozalen O\u00dc\",\"publisher\":{\"@id\":\"https:\\\/\\\/kangasemu.ee\\\/fi\\\/#organization\"},\"potentialAction\":[{\"@type\":\"SearchAction\",\"target\":{\"@type\":\"EntryPoint\",\"urlTemplate\":\"https:\\\/\\\/kangasemu.ee\\\/fi\\\/?s={search_term_string}\"},\"query-input\":{\"@type\":\"PropertyValueSpecification\",\"valueRequired\":true,\"valueName\":\"search_term_string\"}}],\"inLanguage\":\"fi\"},{\"@type\":\"Organization\",\"@id\":\"https:\\\/\\\/kangasemu.ee\\\/fi\\\/#organization\",\"name\":\"Rozalen O\u00fc\",\"url\":\"https:\\\/\\\/kangasemu.ee\\\/fi\\\/\",\"logo\":{\"@type\":\"ImageObject\",\"inLanguage\":\"fi\",\"@id\":\"https:\\\/\\\/kangasemu.ee\\\/fi\\\/#\\\/schema\\\/logo\\\/image\\\/\",\"url\":\"https:\\\/\\\/kangasemu.ee\\\/wp-content\\\/uploads\\\/2020\\\/11\\\/logodark-2.png\",\"contentUrl\":\"https:\\\/\\\/kangasemu.ee\\\/wp-content\\\/uploads\\\/2020\\\/11\\\/logodark-2.png\",\"width\":850,\"height\":384,\"caption\":\"Rozalen O\u00fc\"},\"image\":{\"@id\":\"https:\\\/\\\/kangasemu.ee\\\/fi\\\/#\\\/schema\\\/logo\\\/image\\\/\"},\"sameAs\":[\"https:\\\/\\\/www.facebook.com\\\/kangasemueesti\",\"https:\\\/\\\/www.instagram.com\\\/kangasemu\\\/\"]}]}<\/script>\n<!-- \/ Yoast SEO plugin. -->","yoast_head_json":{"title":"Kangasemun lahjakortti (fyysinen) - Kangasemu","robots":{"index":"index","follow":"follow","max-snippet":"max-snippet:-1","max-image-preview":"max-image-preview:large","max-video-preview":"max-video-preview:-1"},"canonical":"https:\/\/kangasemu.ee\/toode\/kangasemu-kinkekaart-fuusiline\/","og_locale":"fi_FI","og_type":"article","og_title":"Kangasemun lahjakortti (fyysinen) - Kangasemu","og_description":"Kangasemun lahjakortti on t\u00e4ydellinen lahja kangasta rakastavalle yst\u00e4v\u00e4llesi. PS! Tilaa t\u00e4m\u00e4 lahjakortti, jos haluat tilata fyysisen lahjakortin kotiin tai l\u00e4hett\u00e4\u00e4 sen suoraan vastaanottajan kotiin tai pakettiautomaattiin. Jos haluat mieluummin digitaalisen&hellip;","og_url":"https:\/\/kangasemu.ee\/toode\/kangasemu-kinkekaart-fuusiline\/","og_site_name":"Kangasemu","article_publisher":"https:\/\/www.facebook.com\/kangasemueesti","article_modified_time":"2023-07-21T10:57:39+00:00","og_image":[{"width":582,"height":415,"url":"https:\/\/kangasemu.ee\/wp-content\/uploads\/2021\/04\/182674160_308873640647819_7937098793869340844_n.png","type":"image\/png"}],"twitter_card":"summary_large_image","schema":{"@context":"https:\/\/schema.org","@graph":[{"@type":"WebPage","@id":"https:\/\/kangasemu.ee\/toode\/kangasemu-kinkekaart-fuusiline\/","url":"https:\/\/kangasemu.ee\/toode\/kangasemu-kinkekaart-fuusiline\/","name":"Kangasemun lahjakortti (fyysinen) - Kangasemu","isPartOf":{"@id":"https:\/\/kangasemu.ee\/fi\/#website"},"primaryImageOfPage":{"@id":"https:\/\/kangasemu.ee\/toode\/kangasemu-kinkekaart-fuusiline\/#primaryimage"},"image":{"@id":"https:\/\/kangasemu.ee\/toode\/kangasemu-kinkekaart-fuusiline\/#primaryimage"},"thumbnailUrl":"https:\/\/kangasemu.ee\/wp-content\/uploads\/2021\/04\/182674160_308873640647819_7937098793869340844_n.png","datePublished":"2021-04-29T05:19:00+00:00","dateModified":"2023-07-21T10:57:39+00:00","breadcrumb":{"@id":"https:\/\/kangasemu.ee\/toode\/kangasemu-kinkekaart-fuusiline\/#breadcrumb"},"inLanguage":"fi","potentialAction":[{"@type":"ReadAction","target":["https:\/\/kangasemu.ee\/toode\/kangasemu-kinkekaart-fuusiline\/"]}]},{"@type":"ImageObject","inLanguage":"fi","@id":"https:\/\/kangasemu.ee\/toode\/kangasemu-kinkekaart-fuusiline\/#primaryimage","url":"https:\/\/kangasemu.ee\/wp-content\/uploads\/2021\/04\/182674160_308873640647819_7937098793869340844_n.png","contentUrl":"https:\/\/kangasemu.ee\/wp-content\/uploads\/2021\/04\/182674160_308873640647819_7937098793869340844_n.png","width":582,"height":415,"caption":"Kangasemun lahjakortti"},{"@type":"BreadcrumbList","@id":"https:\/\/kangasemu.ee\/toode\/kangasemu-kinkekaart-fuusiline\/#breadcrumb","itemListElement":[{"@type":"ListItem","position":1,"name":"Home","item":"https:\/\/kangasemu.ee\/fi\/"},{"@type":"ListItem","position":2,"name":"Myym\u00e4l\u00e4","item":"https:\/\/kangasemu.ee\/fi\/shop\/"},{"@type":"ListItem","position":3,"name":"Kangasemun lahjakortti (fyysinen)"}]},{"@type":"WebSite","@id":"https:\/\/kangasemu.ee\/fi\/#website","url":"https:\/\/kangasemu.ee\/fi\/","name":"Kangasemu","description":"Rozalen O\u00dc","publisher":{"@id":"https:\/\/kangasemu.ee\/fi\/#organization"},"potentialAction":[{"@type":"SearchAction","target":{"@type":"EntryPoint","urlTemplate":"https:\/\/kangasemu.ee\/fi\/?s={search_term_string}"},"query-input":{"@type":"PropertyValueSpecification","valueRequired":true,"valueName":"search_term_string"}}],"inLanguage":"fi"},{"@type":"Organization","@id":"https:\/\/kangasemu.ee\/fi\/#organization","name":"Rozalen O\u00fc","url":"https:\/\/kangasemu.ee\/fi\/","logo":{"@type":"ImageObject","inLanguage":"fi","@id":"https:\/\/kangasemu.ee\/fi\/#\/schema\/logo\/image\/","url":"https:\/\/kangasemu.ee\/wp-content\/uploads\/2020\/11\/logodark-2.png","contentUrl":"https:\/\/kangasemu.ee\/wp-content\/uploads\/2020\/11\/logodark-2.png","width":850,"height":384,"caption":"Rozalen O\u00fc"},"image":{"@id":"https:\/\/kangasemu.ee\/fi\/#\/schema\/logo\/image\/"},"sameAs":["https:\/\/www.facebook.com\/kangasemueesti","https:\/\/www.instagram.com\/kangasemu\/"]}]}},"_links":{"self":[{"href":"https:\/\/kangasemu.ee\/fi\/wp-json\/wp\/v2\/product\/31007","targetHints":{"allow":["GET"]}}],"collection":[{"href":"https:\/\/kangasemu.ee\/fi\/wp-json\/wp\/v2\/product"}],"about":[{"href":"https:\/\/kangasemu.ee\/fi\/wp-json\/wp\/v2\/types\/product"}],"replies":[{"embeddable":true,"href":"https:\/\/kangasemu.ee\/fi\/wp-json\/wp\/v2\/comments?post=31007"}],"version-history":[{"count":0,"href":"https:\/\/kangasemu.ee\/fi\/wp-json\/wp\/v2\/product\/31007\/revisions"}],"wp:featuredmedia":[{"embeddable":true,"href":"https:\/\/kangasemu.ee\/fi\/wp-json\/wp\/v2\/media\/30983"}],"wp:attachment":[{"href":"https:\/\/kangasemu.ee\/fi\/wp-json\/wp\/v2\/media?parent=31007"}],"wp:term":[{"taxonomy":"product_brand","embeddable":true,"href":"https:\/\/kangasemu.ee\/fi\/wp-json\/wp\/v2\/product_brand?post=31007"},{"taxonomy":"product_cat","embeddable":true,"href":"https:\/\/kangasemu.ee\/fi\/wp-json\/wp\/v2\/product_cat?post=31007"},{"taxonomy":"product_tag","embeddable":true,"href":"https:\/\/kangasemu.ee\/fi\/wp-json\/wp\/v2\/product_tag?post=31007"}],"curies":[{"name":"wp","href":"https:\/\/api.w.org\/{rel}","templated":true}]}}