{"id":31729,"date":"2023-08-31T20:44:10","date_gmt":"2023-08-31T20:44:10","guid":{"rendered":"https:\/\/kangasemu.ee\/?post_type=product&#038;p=31729"},"modified":"2026-03-19T19:15:14","modified_gmt":"2026-03-19T17:15:14","slug":"dressikangas-vanaroosa-180-cm-lai","status":"publish","type":"product","link":"https:\/\/kangasemu.ee\/fi\/toode\/dressikangas-vanaroosa-180-cm-lai\/","title":{"rendered":"Dressikangas vanaroosa (180 cm lai)"},"content":{"rendered":"<p>Palume p\u00f6\u00f6rata t\u00e4helepanu sellele, et fototehniliselt ning ekraanide erinevuse t\u00f5ttu v\u00f5ib kanga v\u00e4rv ja mustri m\u00f5\u00f5dustik erineda tegelikkusest ! Sama kehtib ka \u00fchesuguse mustriga trikotaazi ja dressikanga puhul, kuna m\u00f5ned kangad tulevad erinevatest tehastest. Palun vajadusel k\u00fcsida lisainformatsiooni. Tumedate kangaste puhul v\u00f5ivad esineda pahemapoolsetes \u00e4\u00e4rtes kohati m\u00f5ned kanga v\u00e4rvimisel tekkinud tindilekked, kuid need ei m\u00f5juta prindi kvaliteeti.<br \/>\nPalun j\u00e4lgi kanga pesemisel teatuid juhiseid:<br \/>\n*Kangaid tuleb pesta 30 kraadiga nagu on tootja poolt ette n\u00e4htud.<br \/>\n*Pesta valmisriideid pahempidi p\u00f6\u00f6ratult.<br \/>\n*Trummelkuivatus ja valgendamine pole lubatud.<br \/>\n*Tumedate ja heledate kangaste omavahelisel kokku\u00f5mblemisel v\u00f5ib tumedam kangas ( nt. soonik) pesus heledale kangale v\u00e4rvi anda. (Soovitame kasutada v\u00e4rvip\u00fc\u00fcdjaid)<br \/>\n*Triikida tooteid keskmise kuumusega (130-150 kraadi).<br \/>\n*Toetudes enda kogemusele, s\u00e4ilib kanga v\u00e4rvi eluiga paremini, kui kasutada pesemiseks pesugeeli, mitte pulbrit ning pesta tumedaid tumeda pesuga ning heledaid heledatega<\/p>\n<p><span style=\"text-decoration: underline;\"><strong><a href=\"https:\/\/kangasemu.ee\/wp-content\/uploads\/2020\/11\/pilt.jpg\" data-rel=\"penci-gallery-image-content\" ><img decoding=\"async\" class=\"alignnone size-full wp-image-7826\" src=\"https:\/\/kangasemu.ee\/wp-content\/uploads\/2020\/11\/pilt.jpg\" alt=\"\" width=\"178\" height=\"56\" \/><\/a><\/strong><\/span><br \/>\n<a href=\"https:\/\/kangasemu.ee\/wp-content\/uploads\/2020\/11\/Oko-Tex100.jpg\" data-rel=\"penci-gallery-image-content\" ><img fetchpriority=\"high\" decoding=\"async\" class=\"alignnone size-medium wp-image-8167\" src=\"https:\/\/kangasemu.ee\/wp-content\/uploads\/2020\/11\/Oko-Tex100-330x330.jpg\" alt=\"\" width=\"330\" height=\"330\" srcset=\"https:\/\/kangasemu.ee\/wp-content\/uploads\/2020\/11\/Oko-Tex100-330x330.jpg 330w, https:\/\/kangasemu.ee\/wp-content\/uploads\/2020\/11\/Oko-Tex100-465x465.jpg 465w, https:\/\/kangasemu.ee\/wp-content\/uploads\/2020\/11\/Oko-Tex100-100x100.jpg 100w, https:\/\/kangasemu.ee\/wp-content\/uploads\/2020\/11\/Oko-Tex100-600x600.jpg 600w, https:\/\/kangasemu.ee\/wp-content\/uploads\/2020\/11\/Oko-Tex100-440x440.jpg 440w, https:\/\/kangasemu.ee\/wp-content\/uploads\/2020\/11\/Oko-Tex100-768x768.jpg 768w, https:\/\/kangasemu.ee\/wp-content\/uploads\/2020\/11\/Oko-Tex100.jpg 1200w\" sizes=\"(max-width: 330px) 100vw, 330px\" \/><\/a><\/p>\n<p>&nbsp;<\/p>\n<p>&nbsp;<\/p>\n","protected":false},"excerpt":{"rendered":"<p>Dressikangas on paremalt poolt sileda pinnaga ning seest m\u00f5nusalt pehme ning sobib ideaalselt dresside \u00f5mblemiseks.<\/p>\n<p>240g\/m2, 180 cm<\/p>\n<p>95% puuvill, 5% elastaan<\/p>\n<p>\u00d6ko-Tex100<\/p>\n<p>Hind on antud \u00fche meetri kohta. Ostusamm 0,1 m alates 0,5 m.<\/p>\n<p><span style=\"color: #999999;\">Selle tootega kokku sobivad tooted:<\/span><\/p>\n<p><span style=\"color: #ffcc99;\"><a style=\"color: #ffcc99;\" href=\"https:\/\/kangasemu.ee\/toode\/uhevarviline-trikotaaz-vanaroosa-180cm-lai\/\">\u00dchev\u00e4rviline trikotaa\u017e vanaroosa (180cm lai)<\/a><\/span><\/p>\n<p><span style=\"color: #ffcc99;\"><a style=\"color: #ffcc99;\" href=\"https:\/\/kangasemu.ee\/toode\/torusoonik-1x1-vanaroosa-2x85-cm\/\">Torusoonik 1&#215;1 vanaroosa (2&#215;85 cm)<\/a><\/span><\/p>\n","protected":false},"featured_media":9338,"comment_status":"open","ping_status":"closed","template":"","meta":{"_lmt_disableupdate":"","_lmt_disable":""},"product_brand":[],"product_cat":[151],"product_tag":[471,122,263,649,472,482,768,275],"class_list":{"0":"post-31729","1":"product","2":"type-product","3":"status-publish","4":"has-post-thumbnail","6":"product_cat-uhevarviline-dressikangas","7":"product_tag-french","8":"product_tag-dressikangas","9":"product_tag-french-terry","10":"product_tag-roosa","11":"product_tag-terry","12":"product_tag-uhevarviline","13":"product_tag-uhevarviline-dressikangas","14":"product_tag-vanaroosa","15":"pa_kanga-laius-149","16":"pa_kanga-tihedus-240g-m2","17":"pa_kangatuup-dressikangas","18":"pa_koostis-95-puuvill-5-elastaan","19":"pa_varv-roosa","20":"pa_varv-vanaroosa","22":"first","23":"instock","24":"taxable","25":"shipping-taxable","26":"purchasable","27":"product-type-simple"},"yoast_head":"<!-- This site is optimized with the Yoast SEO plugin v27.2 - https:\/\/yoast.com\/product\/yoast-seo-wordpress\/ -->\n<title>Dressikangas vanaroosa (180 cm lai) - Kangasemu Dressikangas<\/title>\n<meta name=\"description\" content=\"Dressikangas vanaroosa (180 cm lai) | Aasaline ehk Loop back French Terry sobib ideaalselt dresside \u00f5mblemiseks. \u00d5hema tihedusega..\" \/>\n<meta name=\"robots\" content=\"index, follow, max-snippet:-1, max-image-preview:large, max-video-preview:-1\" \/>\n<link rel=\"canonical\" href=\"https:\/\/kangasemu.ee\/toode\/dressikangas-vanaroosa-180-cm-lai\/\" \/>\n<meta property=\"og:locale\" content=\"fi_FI\" \/>\n<meta property=\"og:type\" content=\"article\" \/>\n<meta property=\"og:title\" content=\"Dressikangas vanaroosa (180 cm lai) - Kangasemu Dressikangas\" \/>\n<meta property=\"og:description\" content=\"Dressikangas vanaroosa (180 cm lai) | Aasaline ehk Loop back French Terry sobib ideaalselt dresside \u00f5mblemiseks. \u00d5hema tihedusega..\" \/>\n<meta property=\"og:url\" content=\"https:\/\/kangasemu.ee\/toode\/dressikangas-vanaroosa-180-cm-lai\/\" \/>\n<meta property=\"og:site_name\" content=\"Kangasemu\" \/>\n<meta property=\"article:publisher\" content=\"https:\/\/www.facebook.com\/kangasemueesti\" \/>\n<meta property=\"article:modified_time\" content=\"2026-03-19T17:15:14+00:00\" \/>\n<meta property=\"og:image\" content=\"https:\/\/kangasemu.ee\/wp-content\/uploads\/2021\/01\/dressikangas-vanaroosa.jpg\" \/>\n\t<meta property=\"og:image:width\" content=\"720\" \/>\n\t<meta property=\"og:image:height\" content=\"720\" \/>\n\t<meta property=\"og:image:type\" content=\"image\/jpeg\" \/>\n<meta name=\"twitter:card\" content=\"summary_large_image\" \/>\n<meta name=\"twitter:label1\" content=\"Arvioitu lukuaika\" \/>\n\t<meta name=\"twitter:data1\" content=\"2 minuuttia\" \/>\n<script type=\"application\/ld+json\" class=\"yoast-schema-graph\">{\"@context\":\"https:\/\/schema.org\",\"@graph\":[{\"@type\":\"WebPage\",\"@id\":\"https:\/\/kangasemu.ee\/toode\/dressikangas-vanaroosa-180-cm-lai\/\",\"url\":\"https:\/\/kangasemu.ee\/toode\/dressikangas-vanaroosa-180-cm-lai\/\",\"name\":\"Dressikangas vanaroosa (180 cm lai) - Kangasemu Dressikangas\",\"isPartOf\":{\"@id\":\"https:\/\/kangasemu.ee\/fi\/#website\"},\"primaryImageOfPage\":{\"@id\":\"https:\/\/kangasemu.ee\/toode\/dressikangas-vanaroosa-180-cm-lai\/#primaryimage\"},\"image\":{\"@id\":\"https:\/\/kangasemu.ee\/toode\/dressikangas-vanaroosa-180-cm-lai\/#primaryimage\"},\"thumbnailUrl\":\"https:\/\/kangasemu.ee\/wp-content\/uploads\/2021\/01\/dressikangas-vanaroosa.jpg\",\"datePublished\":\"2023-08-31T20:44:10+00:00\",\"dateModified\":\"2026-03-19T17:15:14+00:00\",\"description\":\"Dressikangas vanaroosa (180 cm lai) | Aasaline ehk Loop back French Terry sobib ideaalselt dresside \u00f5mblemiseks. \u00d5hema tihedusega..\",\"breadcrumb\":{\"@id\":\"https:\/\/kangasemu.ee\/toode\/dressikangas-vanaroosa-180-cm-lai\/#breadcrumb\"},\"inLanguage\":\"fi\",\"potentialAction\":[{\"@type\":\"ReadAction\",\"target\":[\"https:\/\/kangasemu.ee\/toode\/dressikangas-vanaroosa-180-cm-lai\/\"]}]},{\"@type\":\"ImageObject\",\"inLanguage\":\"fi\",\"@id\":\"https:\/\/kangasemu.ee\/toode\/dressikangas-vanaroosa-180-cm-lai\/#primaryimage\",\"url\":\"https:\/\/kangasemu.ee\/wp-content\/uploads\/2021\/01\/dressikangas-vanaroosa.jpg\",\"contentUrl\":\"https:\/\/kangasemu.ee\/wp-content\/uploads\/2021\/01\/dressikangas-vanaroosa.jpg\",\"width\":720,\"height\":720},{\"@type\":\"BreadcrumbList\",\"@id\":\"https:\/\/kangasemu.ee\/toode\/dressikangas-vanaroosa-180-cm-lai\/#breadcrumb\",\"itemListElement\":[{\"@type\":\"ListItem\",\"position\":1,\"name\":\"Home\",\"item\":\"https:\/\/kangasemu.ee\/fi\/\"},{\"@type\":\"ListItem\",\"position\":2,\"name\":\"Myym\u00e4l\u00e4\",\"item\":\"https:\/\/kangasemu.ee\/fi\/shop\/\"},{\"@type\":\"ListItem\",\"position\":3,\"name\":\"Dressikangas vanaroosa (180 cm lai)\"}]},{\"@type\":\"WebSite\",\"@id\":\"https:\/\/kangasemu.ee\/fi\/#website\",\"url\":\"https:\/\/kangasemu.ee\/fi\/\",\"name\":\"Kangasemu\",\"description\":\"Rozalen O\u00dc\",\"publisher\":{\"@id\":\"https:\/\/kangasemu.ee\/fi\/#organization\"},\"potentialAction\":[{\"@type\":\"SearchAction\",\"target\":{\"@type\":\"EntryPoint\",\"urlTemplate\":\"https:\/\/kangasemu.ee\/fi\/?s={search_term_string}\"},\"query-input\":{\"@type\":\"PropertyValueSpecification\",\"valueRequired\":true,\"valueName\":\"search_term_string\"}}],\"inLanguage\":\"fi\"},{\"@type\":\"Organization\",\"@id\":\"https:\/\/kangasemu.ee\/fi\/#organization\",\"name\":\"Rozalen O\u00fc\",\"url\":\"https:\/\/kangasemu.ee\/fi\/\",\"logo\":{\"@type\":\"ImageObject\",\"inLanguage\":\"fi\",\"@id\":\"https:\/\/kangasemu.ee\/fi\/#\/schema\/logo\/image\/\",\"url\":\"https:\/\/kangasemu.ee\/wp-content\/uploads\/2020\/11\/logodark-2.png\",\"contentUrl\":\"https:\/\/kangasemu.ee\/wp-content\/uploads\/2020\/11\/logodark-2.png\",\"width\":850,\"height\":384,\"caption\":\"Rozalen O\u00fc\"},\"image\":{\"@id\":\"https:\/\/kangasemu.ee\/fi\/#\/schema\/logo\/image\/\"},\"sameAs\":[\"https:\/\/www.facebook.com\/kangasemueesti\",\"https:\/\/www.instagram.com\/kangasemu\/\"]}]}<\/script>\n<!-- \/ Yoast SEO plugin. -->","yoast_head_json":{"title":"Dressikangas vanaroosa (180 cm lai) - Kangasemu Dressikangas","description":"Dressikangas vanaroosa (180 cm lai) | Aasaline ehk Loop back French Terry sobib ideaalselt dresside \u00f5mblemiseks. \u00d5hema tihedusega..","robots":{"index":"index","follow":"follow","max-snippet":"max-snippet:-1","max-image-preview":"max-image-preview:large","max-video-preview":"max-video-preview:-1"},"canonical":"https:\/\/kangasemu.ee\/toode\/dressikangas-vanaroosa-180-cm-lai\/","og_locale":"fi_FI","og_type":"article","og_title":"Dressikangas vanaroosa (180 cm lai) - Kangasemu Dressikangas","og_description":"Dressikangas vanaroosa (180 cm lai) | Aasaline ehk Loop back French Terry sobib ideaalselt dresside \u00f5mblemiseks. \u00d5hema tihedusega..","og_url":"https:\/\/kangasemu.ee\/toode\/dressikangas-vanaroosa-180-cm-lai\/","og_site_name":"Kangasemu","article_publisher":"https:\/\/www.facebook.com\/kangasemueesti","article_modified_time":"2026-03-19T17:15:14+00:00","og_image":[{"width":720,"height":720,"url":"https:\/\/kangasemu.ee\/wp-content\/uploads\/2021\/01\/dressikangas-vanaroosa.jpg","type":"image\/jpeg"}],"twitter_card":"summary_large_image","twitter_misc":{"Arvioitu lukuaika":"2 minuuttia"},"schema":{"@context":"https:\/\/schema.org","@graph":[{"@type":"WebPage","@id":"https:\/\/kangasemu.ee\/toode\/dressikangas-vanaroosa-180-cm-lai\/","url":"https:\/\/kangasemu.ee\/toode\/dressikangas-vanaroosa-180-cm-lai\/","name":"Dressikangas vanaroosa (180 cm lai) - Kangasemu Dressikangas","isPartOf":{"@id":"https:\/\/kangasemu.ee\/fi\/#website"},"primaryImageOfPage":{"@id":"https:\/\/kangasemu.ee\/toode\/dressikangas-vanaroosa-180-cm-lai\/#primaryimage"},"image":{"@id":"https:\/\/kangasemu.ee\/toode\/dressikangas-vanaroosa-180-cm-lai\/#primaryimage"},"thumbnailUrl":"https:\/\/kangasemu.ee\/wp-content\/uploads\/2021\/01\/dressikangas-vanaroosa.jpg","datePublished":"2023-08-31T20:44:10+00:00","dateModified":"2026-03-19T17:15:14+00:00","description":"Dressikangas vanaroosa (180 cm lai) | Aasaline ehk Loop back French Terry sobib ideaalselt dresside \u00f5mblemiseks. \u00d5hema tihedusega..","breadcrumb":{"@id":"https:\/\/kangasemu.ee\/toode\/dressikangas-vanaroosa-180-cm-lai\/#breadcrumb"},"inLanguage":"fi","potentialAction":[{"@type":"ReadAction","target":["https:\/\/kangasemu.ee\/toode\/dressikangas-vanaroosa-180-cm-lai\/"]}]},{"@type":"ImageObject","inLanguage":"fi","@id":"https:\/\/kangasemu.ee\/toode\/dressikangas-vanaroosa-180-cm-lai\/#primaryimage","url":"https:\/\/kangasemu.ee\/wp-content\/uploads\/2021\/01\/dressikangas-vanaroosa.jpg","contentUrl":"https:\/\/kangasemu.ee\/wp-content\/uploads\/2021\/01\/dressikangas-vanaroosa.jpg","width":720,"height":720},{"@type":"BreadcrumbList","@id":"https:\/\/kangasemu.ee\/toode\/dressikangas-vanaroosa-180-cm-lai\/#breadcrumb","itemListElement":[{"@type":"ListItem","position":1,"name":"Home","item":"https:\/\/kangasemu.ee\/fi\/"},{"@type":"ListItem","position":2,"name":"Myym\u00e4l\u00e4","item":"https:\/\/kangasemu.ee\/fi\/shop\/"},{"@type":"ListItem","position":3,"name":"Dressikangas vanaroosa (180 cm lai)"}]},{"@type":"WebSite","@id":"https:\/\/kangasemu.ee\/fi\/#website","url":"https:\/\/kangasemu.ee\/fi\/","name":"Kangasemu","description":"Rozalen O\u00dc","publisher":{"@id":"https:\/\/kangasemu.ee\/fi\/#organization"},"potentialAction":[{"@type":"SearchAction","target":{"@type":"EntryPoint","urlTemplate":"https:\/\/kangasemu.ee\/fi\/?s={search_term_string}"},"query-input":{"@type":"PropertyValueSpecification","valueRequired":true,"valueName":"search_term_string"}}],"inLanguage":"fi"},{"@type":"Organization","@id":"https:\/\/kangasemu.ee\/fi\/#organization","name":"Rozalen O\u00fc","url":"https:\/\/kangasemu.ee\/fi\/","logo":{"@type":"ImageObject","inLanguage":"fi","@id":"https:\/\/kangasemu.ee\/fi\/#\/schema\/logo\/image\/","url":"https:\/\/kangasemu.ee\/wp-content\/uploads\/2020\/11\/logodark-2.png","contentUrl":"https:\/\/kangasemu.ee\/wp-content\/uploads\/2020\/11\/logodark-2.png","width":850,"height":384,"caption":"Rozalen O\u00fc"},"image":{"@id":"https:\/\/kangasemu.ee\/fi\/#\/schema\/logo\/image\/"},"sameAs":["https:\/\/www.facebook.com\/kangasemueesti","https:\/\/www.instagram.com\/kangasemu\/"]}]}},"_links":{"self":[{"href":"https:\/\/kangasemu.ee\/fi\/wp-json\/wp\/v2\/product\/31729","targetHints":{"allow":["GET"]}}],"collection":[{"href":"https:\/\/kangasemu.ee\/fi\/wp-json\/wp\/v2\/product"}],"about":[{"href":"https:\/\/kangasemu.ee\/fi\/wp-json\/wp\/v2\/types\/product"}],"replies":[{"embeddable":true,"href":"https:\/\/kangasemu.ee\/fi\/wp-json\/wp\/v2\/comments?post=31729"}],"version-history":[{"count":1,"href":"https:\/\/kangasemu.ee\/fi\/wp-json\/wp\/v2\/product\/31729\/revisions"}],"predecessor-version":[{"id":36339,"href":"https:\/\/kangasemu.ee\/fi\/wp-json\/wp\/v2\/product\/31729\/revisions\/36339"}],"wp:featuredmedia":[{"embeddable":true,"href":"https:\/\/kangasemu.ee\/fi\/wp-json\/wp\/v2\/media\/9338"}],"wp:attachment":[{"href":"https:\/\/kangasemu.ee\/fi\/wp-json\/wp\/v2\/media?parent=31729"}],"wp:term":[{"taxonomy":"product_brand","embeddable":true,"href":"https:\/\/kangasemu.ee\/fi\/wp-json\/wp\/v2\/product_brand?post=31729"},{"taxonomy":"product_cat","embeddable":true,"href":"https:\/\/kangasemu.ee\/fi\/wp-json\/wp\/v2\/product_cat?post=31729"},{"taxonomy":"product_tag","embeddable":true,"href":"https:\/\/kangasemu.ee\/fi\/wp-json\/wp\/v2\/product_tag?post=31729"}],"curies":[{"name":"wp","href":"https:\/\/api.w.org\/{rel}","templated":true}]}}