{"id":32389,"date":"2023-10-10T13:21:58","date_gmt":"2023-10-10T11:21:58","guid":{"rendered":"https:\/\/kangasemu.ee\/?post_type=product&#038;p=32389"},"modified":"2025-10-08T16:48:07","modified_gmt":"2025-10-08T14:48:07","slug":"meriino-interlock-lavendlililla","status":"publish","type":"product","link":"https:\/\/kangasemu.ee\/fi\/toode\/meriino-interlock-lavendlililla\/","title":{"rendered":"Meriino interlock lavendlililla"},"content":{"rendered":"<p>Palume p\u00f6\u00f6rata t\u00e4helepanu sellele, et fototehniliselt ning ekraanide erinevuse t\u00f5ttu v\u00f5ib kanga v\u00e4rv ja mustri m\u00f5\u00f5dustik erineda tegelikkusest ! Sama kehtib ka \u00fchesuguse mustriga trikotaazi ja dressikanga puhul, kuna m\u00f5ned kangad tulevad erinevatest tehastest. Palun vajadusel k\u00fcsida lisainformatsiooni. Tumedate kangaste puhul v\u00f5ivad esineda pahemapoolsetes \u00e4\u00e4rtes kohati m\u00f5ned kanga v\u00e4rvimisel tekkinud tindilekked, kuid need ei m\u00f5juta prindi kvaliteeti.<br \/>\nPalun j\u00e4lgi kanga pesemisel teatuid juhiseid:<br \/>\n*Kangast tuleks pesta villapesu programmiga koos villapesuvahendiga ning mitte \u00fcle 40 kraadi.<br \/>\n*Pesta valmisriideid pahempidi p\u00f6\u00f6ratult.<br \/>\n*Trummelkuivatus ja valgendamine pole lubatud.<br \/>\n*Tumedate ja heledate kangaste omavahelisel kokku\u00f5mblemisel v\u00f5ib tumedam kangas ( nt. soonik) pesus heledale kangale v\u00e4rvi anda. (Soovitame kasutada v\u00e4rvip\u00fc\u00fcdjaid)<br \/>\n*Triikida tooteid keskmise kuumusega (130-150 kraadi).<br \/>\n*Toetudes enda kogemusele, s\u00e4ilib kanga v\u00e4rvi eluiga paremini, kui kasutada pesemiseks pesugeeli, mitte pulbrit ning pesta tumedaid tumeda pesuga ning heledaid heledatega<\/p>\n<p><span style=\"text-decoration: underline;\"><strong><a href=\"https:\/\/kangasemu.ee\/wp-content\/uploads\/2020\/11\/pilt.jpg\" data-rel=\"penci-gallery-image-content\" ><img decoding=\"async\" class=\"alignnone size-full wp-image-7826\" src=\"https:\/\/kangasemu.ee\/wp-content\/uploads\/2020\/11\/pilt.jpg\" alt=\"\" width=\"178\" height=\"56\" \/><\/a><\/strong><\/span><br \/>\n<a href=\"https:\/\/kangasemu.ee\/wp-content\/uploads\/2020\/11\/Oko-Tex100.jpg\" data-rel=\"penci-gallery-image-content\" ><img fetchpriority=\"high\" decoding=\"async\" class=\"alignnone size-medium wp-image-8167\" src=\"https:\/\/kangasemu.ee\/wp-content\/uploads\/2020\/11\/Oko-Tex100-330x330.jpg\" alt=\"\" width=\"330\" height=\"330\" srcset=\"https:\/\/kangasemu.ee\/wp-content\/uploads\/2020\/11\/Oko-Tex100-330x330.jpg 330w, https:\/\/kangasemu.ee\/wp-content\/uploads\/2020\/11\/Oko-Tex100-465x465.jpg 465w, https:\/\/kangasemu.ee\/wp-content\/uploads\/2020\/11\/Oko-Tex100-100x100.jpg 100w, https:\/\/kangasemu.ee\/wp-content\/uploads\/2020\/11\/Oko-Tex100-600x600.jpg 600w, https:\/\/kangasemu.ee\/wp-content\/uploads\/2020\/11\/Oko-Tex100-440x440.jpg 440w, https:\/\/kangasemu.ee\/wp-content\/uploads\/2020\/11\/Oko-Tex100-768x768.jpg 768w, https:\/\/kangasemu.ee\/wp-content\/uploads\/2020\/11\/Oko-Tex100.jpg 1200w\" sizes=\"(max-width: 330px) 100vw, 330px\" \/><\/a><\/p>\n<p>&nbsp;<\/p>\n<p>&nbsp;<\/p>\n","protected":false},"excerpt":{"rendered":"<blockquote><p>Meriinovillane kangas on m\u00f5nus ja pehme. Meriino heade omaduste t\u00f5ttu aitab see hoida sooja ning samas jahutada. Kangal on ka antibakteriaalne omadus. Sobib ideaalselt lasteriiete ja sooja pesu \u00f5mblemiseks ning m\u00fctsi, salli ja kombe voodriks.<\/p><\/blockquote>\n<p>250g\/m2, 125 cm<\/p>\n<p>100% meriino<\/p>\n<p>Mulesing free<\/p>\n<p>Hind on antud \u00fche meetri kohta. Ostusamm 0,1 m alates 0,5 m.<\/p>\n<p>&nbsp;<\/p>\n<p>&nbsp;<\/p>\n","protected":false},"featured_media":32391,"comment_status":"open","ping_status":"closed","template":"","meta":{"_lmt_disableupdate":"","_lmt_disable":""},"product_brand":[],"product_cat":[157],"product_tag":[1189,896,894,1081,775,224,481],"class_list":{"0":"post-32389","1":"product","2":"type-product","3":"status-publish","4":"has-post-thumbnail","6":"product_cat-meriino","7":"product_tag-interlock","8":"product_tag-kangad","9":"product_tag-kangas","10":"product_tag-lavendlililla","11":"product_tag-lilla","12":"product_tag-meriino","13":"product_tag-okotex100","14":"pa_kanga-laius-125cm","15":"pa_kanga-tihedus-250g-m2","16":"pa_kangatuup-meriino","17":"pa_koostis-100-meriino","18":"pa_varv-lavendlililla","19":"pa_varv-lilla","21":"first","22":"instock","23":"taxable","24":"shipping-taxable","25":"purchasable","26":"product-type-simple"},"yoast_head":"<!-- This site is optimized with the Yoast SEO plugin v27.2 - https:\/\/yoast.com\/product\/yoast-seo-wordpress\/ -->\n<title>Meriino interlock lavendlililla - Kangasemu Meriino interlock<\/title>\n<meta name=\"description\" content=\"Meriino interlock lavendlililla | Meriinovillane kangas on m\u00f5nus ja pehme. Meriino heade omaduste t\u00f5ttu aitab see hoida sooja ning samas...\" \/>\n<meta name=\"robots\" content=\"index, follow, max-snippet:-1, max-image-preview:large, max-video-preview:-1\" \/>\n<link rel=\"canonical\" href=\"https:\/\/kangasemu.ee\/toode\/meriino-interlock-lavendlililla\/\" \/>\n<meta property=\"og:locale\" content=\"fi_FI\" \/>\n<meta property=\"og:type\" content=\"article\" \/>\n<meta property=\"og:title\" content=\"Meriino interlock lavendlililla - Kangasemu Meriino interlock\" \/>\n<meta property=\"og:description\" content=\"Meriino interlock lavendlililla | Meriinovillane kangas on m\u00f5nus ja pehme. Meriino heade omaduste t\u00f5ttu aitab see hoida sooja ning samas...\" \/>\n<meta property=\"og:url\" content=\"https:\/\/kangasemu.ee\/toode\/meriino-interlock-lavendlililla\/\" \/>\n<meta property=\"og:site_name\" content=\"Kangasemu\" \/>\n<meta property=\"article:publisher\" content=\"https:\/\/www.facebook.com\/kangasemueesti\" \/>\n<meta property=\"article:modified_time\" content=\"2025-10-08T14:48:07+00:00\" \/>\n<meta property=\"og:image\" content=\"https:\/\/kangasemu.ee\/wp-content\/uploads\/2023\/10\/IMG_1732.jpeg\" \/>\n\t<meta property=\"og:image:width\" content=\"720\" \/>\n\t<meta property=\"og:image:height\" content=\"648\" \/>\n\t<meta property=\"og:image:type\" content=\"image\/jpeg\" \/>\n<meta name=\"twitter:card\" content=\"summary_large_image\" \/>\n<meta name=\"twitter:label1\" content=\"Arvioitu lukuaika\" \/>\n\t<meta name=\"twitter:data1\" content=\"2 minuuttia\" \/>\n<script type=\"application\/ld+json\" class=\"yoast-schema-graph\">{\"@context\":\"https:\/\/schema.org\",\"@graph\":[{\"@type\":\"WebPage\",\"@id\":\"https:\/\/kangasemu.ee\/toode\/meriino-interlock-lavendlililla\/\",\"url\":\"https:\/\/kangasemu.ee\/toode\/meriino-interlock-lavendlililla\/\",\"name\":\"Meriino interlock lavendlililla - Kangasemu Meriino interlock\",\"isPartOf\":{\"@id\":\"https:\/\/kangasemu.ee\/fi\/#website\"},\"primaryImageOfPage\":{\"@id\":\"https:\/\/kangasemu.ee\/toode\/meriino-interlock-lavendlililla\/#primaryimage\"},\"image\":{\"@id\":\"https:\/\/kangasemu.ee\/toode\/meriino-interlock-lavendlililla\/#primaryimage\"},\"thumbnailUrl\":\"https:\/\/kangasemu.ee\/wp-content\/uploads\/2023\/10\/IMG_1732.jpeg\",\"datePublished\":\"2023-10-10T11:21:58+00:00\",\"dateModified\":\"2025-10-08T14:48:07+00:00\",\"description\":\"Meriino interlock lavendlililla | Meriinovillane kangas on m\u00f5nus ja pehme. Meriino heade omaduste t\u00f5ttu aitab see hoida sooja ning samas...\",\"breadcrumb\":{\"@id\":\"https:\/\/kangasemu.ee\/toode\/meriino-interlock-lavendlililla\/#breadcrumb\"},\"inLanguage\":\"fi\",\"potentialAction\":[{\"@type\":\"ReadAction\",\"target\":[\"https:\/\/kangasemu.ee\/toode\/meriino-interlock-lavendlililla\/\"]}]},{\"@type\":\"ImageObject\",\"inLanguage\":\"fi\",\"@id\":\"https:\/\/kangasemu.ee\/toode\/meriino-interlock-lavendlililla\/#primaryimage\",\"url\":\"https:\/\/kangasemu.ee\/wp-content\/uploads\/2023\/10\/IMG_1732.jpeg\",\"contentUrl\":\"https:\/\/kangasemu.ee\/wp-content\/uploads\/2023\/10\/IMG_1732.jpeg\",\"width\":720,\"height\":648},{\"@type\":\"BreadcrumbList\",\"@id\":\"https:\/\/kangasemu.ee\/toode\/meriino-interlock-lavendlililla\/#breadcrumb\",\"itemListElement\":[{\"@type\":\"ListItem\",\"position\":1,\"name\":\"Home\",\"item\":\"https:\/\/kangasemu.ee\/fi\/\"},{\"@type\":\"ListItem\",\"position\":2,\"name\":\"Myym\u00e4l\u00e4\",\"item\":\"https:\/\/kangasemu.ee\/fi\/shop\/\"},{\"@type\":\"ListItem\",\"position\":3,\"name\":\"Meriino interlock lavendlililla\"}]},{\"@type\":\"WebSite\",\"@id\":\"https:\/\/kangasemu.ee\/fi\/#website\",\"url\":\"https:\/\/kangasemu.ee\/fi\/\",\"name\":\"Kangasemu\",\"description\":\"Rozalen O\u00dc\",\"publisher\":{\"@id\":\"https:\/\/kangasemu.ee\/fi\/#organization\"},\"potentialAction\":[{\"@type\":\"SearchAction\",\"target\":{\"@type\":\"EntryPoint\",\"urlTemplate\":\"https:\/\/kangasemu.ee\/fi\/?s={search_term_string}\"},\"query-input\":{\"@type\":\"PropertyValueSpecification\",\"valueRequired\":true,\"valueName\":\"search_term_string\"}}],\"inLanguage\":\"fi\"},{\"@type\":\"Organization\",\"@id\":\"https:\/\/kangasemu.ee\/fi\/#organization\",\"name\":\"Rozalen O\u00fc\",\"url\":\"https:\/\/kangasemu.ee\/fi\/\",\"logo\":{\"@type\":\"ImageObject\",\"inLanguage\":\"fi\",\"@id\":\"https:\/\/kangasemu.ee\/fi\/#\/schema\/logo\/image\/\",\"url\":\"https:\/\/kangasemu.ee\/wp-content\/uploads\/2020\/11\/logodark-2.png\",\"contentUrl\":\"https:\/\/kangasemu.ee\/wp-content\/uploads\/2020\/11\/logodark-2.png\",\"width\":850,\"height\":384,\"caption\":\"Rozalen O\u00fc\"},\"image\":{\"@id\":\"https:\/\/kangasemu.ee\/fi\/#\/schema\/logo\/image\/\"},\"sameAs\":[\"https:\/\/www.facebook.com\/kangasemueesti\",\"https:\/\/www.instagram.com\/kangasemu\/\"]}]}<\/script>\n<!-- \/ Yoast SEO plugin. -->","yoast_head_json":{"title":"Meriino interlock lavendlililla - Kangasemu Meriino interlock","description":"Meriino interlock lavendlililla | Meriinovillane kangas on m\u00f5nus ja pehme. Meriino heade omaduste t\u00f5ttu aitab see hoida sooja ning samas...","robots":{"index":"index","follow":"follow","max-snippet":"max-snippet:-1","max-image-preview":"max-image-preview:large","max-video-preview":"max-video-preview:-1"},"canonical":"https:\/\/kangasemu.ee\/toode\/meriino-interlock-lavendlililla\/","og_locale":"fi_FI","og_type":"article","og_title":"Meriino interlock lavendlililla - Kangasemu Meriino interlock","og_description":"Meriino interlock lavendlililla | Meriinovillane kangas on m\u00f5nus ja pehme. Meriino heade omaduste t\u00f5ttu aitab see hoida sooja ning samas...","og_url":"https:\/\/kangasemu.ee\/toode\/meriino-interlock-lavendlililla\/","og_site_name":"Kangasemu","article_publisher":"https:\/\/www.facebook.com\/kangasemueesti","article_modified_time":"2025-10-08T14:48:07+00:00","og_image":[{"width":720,"height":648,"url":"https:\/\/kangasemu.ee\/wp-content\/uploads\/2023\/10\/IMG_1732.jpeg","type":"image\/jpeg"}],"twitter_card":"summary_large_image","twitter_misc":{"Arvioitu lukuaika":"2 minuuttia"},"schema":{"@context":"https:\/\/schema.org","@graph":[{"@type":"WebPage","@id":"https:\/\/kangasemu.ee\/toode\/meriino-interlock-lavendlililla\/","url":"https:\/\/kangasemu.ee\/toode\/meriino-interlock-lavendlililla\/","name":"Meriino interlock lavendlililla - Kangasemu Meriino interlock","isPartOf":{"@id":"https:\/\/kangasemu.ee\/fi\/#website"},"primaryImageOfPage":{"@id":"https:\/\/kangasemu.ee\/toode\/meriino-interlock-lavendlililla\/#primaryimage"},"image":{"@id":"https:\/\/kangasemu.ee\/toode\/meriino-interlock-lavendlililla\/#primaryimage"},"thumbnailUrl":"https:\/\/kangasemu.ee\/wp-content\/uploads\/2023\/10\/IMG_1732.jpeg","datePublished":"2023-10-10T11:21:58+00:00","dateModified":"2025-10-08T14:48:07+00:00","description":"Meriino interlock lavendlililla | Meriinovillane kangas on m\u00f5nus ja pehme. Meriino heade omaduste t\u00f5ttu aitab see hoida sooja ning samas...","breadcrumb":{"@id":"https:\/\/kangasemu.ee\/toode\/meriino-interlock-lavendlililla\/#breadcrumb"},"inLanguage":"fi","potentialAction":[{"@type":"ReadAction","target":["https:\/\/kangasemu.ee\/toode\/meriino-interlock-lavendlililla\/"]}]},{"@type":"ImageObject","inLanguage":"fi","@id":"https:\/\/kangasemu.ee\/toode\/meriino-interlock-lavendlililla\/#primaryimage","url":"https:\/\/kangasemu.ee\/wp-content\/uploads\/2023\/10\/IMG_1732.jpeg","contentUrl":"https:\/\/kangasemu.ee\/wp-content\/uploads\/2023\/10\/IMG_1732.jpeg","width":720,"height":648},{"@type":"BreadcrumbList","@id":"https:\/\/kangasemu.ee\/toode\/meriino-interlock-lavendlililla\/#breadcrumb","itemListElement":[{"@type":"ListItem","position":1,"name":"Home","item":"https:\/\/kangasemu.ee\/fi\/"},{"@type":"ListItem","position":2,"name":"Myym\u00e4l\u00e4","item":"https:\/\/kangasemu.ee\/fi\/shop\/"},{"@type":"ListItem","position":3,"name":"Meriino interlock lavendlililla"}]},{"@type":"WebSite","@id":"https:\/\/kangasemu.ee\/fi\/#website","url":"https:\/\/kangasemu.ee\/fi\/","name":"Kangasemu","description":"Rozalen O\u00dc","publisher":{"@id":"https:\/\/kangasemu.ee\/fi\/#organization"},"potentialAction":[{"@type":"SearchAction","target":{"@type":"EntryPoint","urlTemplate":"https:\/\/kangasemu.ee\/fi\/?s={search_term_string}"},"query-input":{"@type":"PropertyValueSpecification","valueRequired":true,"valueName":"search_term_string"}}],"inLanguage":"fi"},{"@type":"Organization","@id":"https:\/\/kangasemu.ee\/fi\/#organization","name":"Rozalen O\u00fc","url":"https:\/\/kangasemu.ee\/fi\/","logo":{"@type":"ImageObject","inLanguage":"fi","@id":"https:\/\/kangasemu.ee\/fi\/#\/schema\/logo\/image\/","url":"https:\/\/kangasemu.ee\/wp-content\/uploads\/2020\/11\/logodark-2.png","contentUrl":"https:\/\/kangasemu.ee\/wp-content\/uploads\/2020\/11\/logodark-2.png","width":850,"height":384,"caption":"Rozalen O\u00fc"},"image":{"@id":"https:\/\/kangasemu.ee\/fi\/#\/schema\/logo\/image\/"},"sameAs":["https:\/\/www.facebook.com\/kangasemueesti","https:\/\/www.instagram.com\/kangasemu\/"]}]}},"_links":{"self":[{"href":"https:\/\/kangasemu.ee\/fi\/wp-json\/wp\/v2\/product\/32389","targetHints":{"allow":["GET"]}}],"collection":[{"href":"https:\/\/kangasemu.ee\/fi\/wp-json\/wp\/v2\/product"}],"about":[{"href":"https:\/\/kangasemu.ee\/fi\/wp-json\/wp\/v2\/types\/product"}],"replies":[{"embeddable":true,"href":"https:\/\/kangasemu.ee\/fi\/wp-json\/wp\/v2\/comments?post=32389"}],"version-history":[{"count":1,"href":"https:\/\/kangasemu.ee\/fi\/wp-json\/wp\/v2\/product\/32389\/revisions"}],"predecessor-version":[{"id":38964,"href":"https:\/\/kangasemu.ee\/fi\/wp-json\/wp\/v2\/product\/32389\/revisions\/38964"}],"wp:featuredmedia":[{"embeddable":true,"href":"https:\/\/kangasemu.ee\/fi\/wp-json\/wp\/v2\/media\/32391"}],"wp:attachment":[{"href":"https:\/\/kangasemu.ee\/fi\/wp-json\/wp\/v2\/media?parent=32389"}],"wp:term":[{"taxonomy":"product_brand","embeddable":true,"href":"https:\/\/kangasemu.ee\/fi\/wp-json\/wp\/v2\/product_brand?post=32389"},{"taxonomy":"product_cat","embeddable":true,"href":"https:\/\/kangasemu.ee\/fi\/wp-json\/wp\/v2\/product_cat?post=32389"},{"taxonomy":"product_tag","embeddable":true,"href":"https:\/\/kangasemu.ee\/fi\/wp-json\/wp\/v2\/product_tag?post=32389"}],"curies":[{"name":"wp","href":"https:\/\/api.w.org\/{rel}","templated":true}]}}