{"id":32493,"date":"2023-10-19T16:33:24","date_gmt":"2023-10-19T16:33:24","guid":{"rendered":"https:\/\/kangasemu.ee\/?post_type=product&#038;p=32493"},"modified":"2025-11-09T21:10:17","modified_gmt":"2025-11-09T19:10:17","slug":"ribiline-torusoonik-2x1-tume-loheroosa-2x65-cm","status":"publish","type":"product","link":"https:\/\/kangasemu.ee\/fi\/toode\/ribiline-torusoonik-2x1-tume-loheroosa-2x65-cm\/","title":{"rendered":"Ribiline torusoonik 2X1 tume l\u00f5heroosa (2&#215;65 cm)"},"content":{"rendered":"<p>Palume p\u00f6\u00f6rata t\u00e4helepanu sellele, et fototehniliselt ning ekraanide erinevuse t\u00f5ttu v\u00f5ib kanga v\u00e4rv erineda tegelikkusest !<\/p>\n<ul>\n<li>Kangaid tuleb pesta 30 kraadiga nagu on tootja poolt ette n\u00e4htud.<\/li>\n<li>Pesta valmisriideid pahempidi p\u00f6\u00f6ratult.<\/li>\n<li>Trummelkuivatus ja valgendamine pole lubatud.<\/li>\n<li>Tumedate ja heledate kangaste omavahelisel kokku\u00f5mblemisel v\u00f5ib tumedam kangas ( nt. soonik) pesus heledale kangale v\u00e4rvi anda. (Soovitame kasutada v\u00e4rvip\u00fc\u00fcdjaid)<\/li>\n<li>Triikida tooteid keskmise kuumusega (130-150 kraadi).<\/li>\n<li>Toetudes enda kogemusele, s\u00e4ilib kanga v\u00e4rvi eluiga paremini, kui kasutada pesemiseks pesugeeli, mitte pulbrit ning pesta tumedaid tumeda pesuga ning heledaid heledatega<\/li>\n<\/ul>\n<p><a href=\"https:\/\/kangasemu.ee\/wp-content\/uploads\/2020\/11\/Oko-Tex100.jpg\" data-rel=\"penci-gallery-image-content\" ><img fetchpriority=\"high\" decoding=\"async\" class=\"alignnone size-medium wp-image-8167\" src=\"https:\/\/kangasemu.ee\/wp-content\/uploads\/2020\/11\/Oko-Tex100-330x330.jpg\" alt=\"\" width=\"330\" height=\"330\" srcset=\"https:\/\/kangasemu.ee\/wp-content\/uploads\/2020\/11\/Oko-Tex100-330x330.jpg 330w, https:\/\/kangasemu.ee\/wp-content\/uploads\/2020\/11\/Oko-Tex100-465x465.jpg 465w, https:\/\/kangasemu.ee\/wp-content\/uploads\/2020\/11\/Oko-Tex100-100x100.jpg 100w, https:\/\/kangasemu.ee\/wp-content\/uploads\/2020\/11\/Oko-Tex100-600x600.jpg 600w, https:\/\/kangasemu.ee\/wp-content\/uploads\/2020\/11\/Oko-Tex100-440x440.jpg 440w, https:\/\/kangasemu.ee\/wp-content\/uploads\/2020\/11\/Oko-Tex100-768x768.jpg 768w, https:\/\/kangasemu.ee\/wp-content\/uploads\/2020\/11\/Oko-Tex100.jpg 1200w\" sizes=\"(max-width: 330px) 100vw, 330px\" \/><\/a><\/p>\n","protected":false},"excerpt":{"rendered":"<p>2X1 ehk ribiline soonik sobib pigem keskmise ja paksema kanga varrukaotstesse ning \u00a0all\u00e4\u00e4rde<\/p>\n<p>2&#215;1 ribiline torusoonik<br \/>\n320g, ca 2&#215;65 cm<br \/>\n95% puuvill, 5% elastaan<br \/>\n\u00d6ko-Tex100<\/p>\n<p>Hind on antud \u00fche meetri kohta. Ostusamm 0,1 m alates 0,5 m.<\/p>\n<p><span style=\"color: #999999;\">Selle tootega kokku sobivad tooted:<\/span><\/p>\n<p><span style=\"color: #ffcc99;\"><a style=\"color: #ffcc99;\" href=\"https:\/\/kangasemu.ee\/toode\/dressikangas-tumedam-loheroosa-180-cm-lai\/\">Dressikangas tumedam l\u00f5heroosa (180 cm lai)<\/a><\/span><\/p>\n<p><span style=\"color: #ffcc99;\"><a style=\"color: #ffcc99;\" href=\"https:\/\/kangasemu.ee\/toode\/uhevarviline-trikotaaz-tumedam-loheroosa-180cm-lai\/\">\u00dchev\u00e4rviline trikotaa\u017e tumedam l\u00f5heroosa (180cm lai)<\/a><\/span><\/p>\n<p><span style=\"color: #ffcc99;\"><a style=\"color: #ffcc99;\" href=\"https:\/\/kangasemu.ee\/toode\/torusoonik-1x1-tumedam-loheroosa-2x85-cm\/\">Torusoonik 1X1 tumedam l\u00f5heroosa (2X85 cm)<\/a><\/span><\/p>\n","protected":false},"featured_media":20676,"comment_status":"open","ping_status":"closed","template":"","meta":{"_lmt_disableupdate":"","_lmt_disable":""},"product_brand":[],"product_cat":[1563],"product_tag":[1565,896,894,661,481,125,2047],"class_list":{"0":"post-32493","1":"product","2":"type-product","3":"status-publish","4":"has-post-thumbnail","6":"product_cat-ribiline-torusoonik-ehk-2x1","7":"product_tag-2x1","8":"product_tag-kangad","9":"product_tag-kangas","10":"product_tag-loheroosa","11":"product_tag-okotex100","12":"product_tag-soonik","13":"product_tag-tumedam-loheroosa","14":"pa_kanga-laius-2x65","15":"pa_kanga-tihedus-320g-m2","16":"pa_kangatuup-soonik","17":"pa_koostis-95-puuvill-5-elastaan","18":"pa_varv-loheroosa","20":"first","21":"instock","22":"taxable","23":"shipping-taxable","24":"purchasable","25":"product-type-simple"},"yoast_head":"<!-- This site is optimized with the Yoast SEO plugin v27.2 - https:\/\/yoast.com\/product\/yoast-seo-wordpress\/ -->\n<title>Ribiline torusoonik 2X1 tume l\u00f5heroosa (2x65 cm) - Kangasemu<\/title>\n<meta name=\"description\" content=\"Torusoonik 2x1 tumedam l\u00f5heroosa (2x65 cm) | 2x1 ribiline torusoonik sobib ideaalselt riietele mansettide ja kaeluste \u00f5mblemiseks\" \/>\n<meta name=\"robots\" content=\"index, follow, max-snippet:-1, max-image-preview:large, max-video-preview:-1\" \/>\n<link rel=\"canonical\" href=\"https:\/\/kangasemu.ee\/toode\/ribiline-torusoonik-2x1-tume-loheroosa-2x65-cm\/\" \/>\n<meta property=\"og:locale\" content=\"fi_FI\" \/>\n<meta property=\"og:type\" content=\"article\" \/>\n<meta property=\"og:title\" content=\"Ribiline torusoonik 2X1 tume l\u00f5heroosa (2x65 cm) - Kangasemu\" \/>\n<meta property=\"og:description\" content=\"Torusoonik 2x1 tumedam l\u00f5heroosa (2x65 cm) | 2x1 ribiline torusoonik sobib ideaalselt riietele mansettide ja kaeluste \u00f5mblemiseks\" \/>\n<meta property=\"og:url\" content=\"https:\/\/kangasemu.ee\/toode\/ribiline-torusoonik-2x1-tume-loheroosa-2x65-cm\/\" \/>\n<meta property=\"og:site_name\" content=\"Kangasemu\" \/>\n<meta property=\"article:publisher\" content=\"https:\/\/www.facebook.com\/kangasemueesti\" \/>\n<meta property=\"article:modified_time\" content=\"2025-11-09T19:10:17+00:00\" \/>\n<meta property=\"og:image\" content=\"https:\/\/kangasemu.ee\/wp-content\/uploads\/2022\/02\/tumedam-loheroosa.jpg\" \/>\n\t<meta property=\"og:image:width\" content=\"720\" \/>\n\t<meta property=\"og:image:height\" content=\"720\" \/>\n\t<meta property=\"og:image:type\" content=\"image\/jpeg\" \/>\n<meta name=\"twitter:card\" content=\"summary_large_image\" \/>\n<meta name=\"twitter:label1\" content=\"Arvioitu lukuaika\" \/>\n\t<meta name=\"twitter:data1\" content=\"1 minuutti\" \/>\n<script type=\"application\/ld+json\" class=\"yoast-schema-graph\">{\"@context\":\"https:\/\/schema.org\",\"@graph\":[{\"@type\":\"WebPage\",\"@id\":\"https:\/\/kangasemu.ee\/toode\/ribiline-torusoonik-2x1-tume-loheroosa-2x65-cm\/\",\"url\":\"https:\/\/kangasemu.ee\/toode\/ribiline-torusoonik-2x1-tume-loheroosa-2x65-cm\/\",\"name\":\"Ribiline torusoonik 2X1 tume l\u00f5heroosa (2x65 cm) - Kangasemu\",\"isPartOf\":{\"@id\":\"https:\/\/kangasemu.ee\/fi\/#website\"},\"primaryImageOfPage\":{\"@id\":\"https:\/\/kangasemu.ee\/toode\/ribiline-torusoonik-2x1-tume-loheroosa-2x65-cm\/#primaryimage\"},\"image\":{\"@id\":\"https:\/\/kangasemu.ee\/toode\/ribiline-torusoonik-2x1-tume-loheroosa-2x65-cm\/#primaryimage\"},\"thumbnailUrl\":\"https:\/\/kangasemu.ee\/wp-content\/uploads\/2022\/02\/tumedam-loheroosa.jpg\",\"datePublished\":\"2023-10-19T16:33:24+00:00\",\"dateModified\":\"2025-11-09T19:10:17+00:00\",\"description\":\"Torusoonik 2x1 tumedam l\u00f5heroosa (2x65 cm) | 2x1 ribiline torusoonik sobib ideaalselt riietele mansettide ja kaeluste \u00f5mblemiseks\",\"breadcrumb\":{\"@id\":\"https:\/\/kangasemu.ee\/toode\/ribiline-torusoonik-2x1-tume-loheroosa-2x65-cm\/#breadcrumb\"},\"inLanguage\":\"fi\",\"potentialAction\":[{\"@type\":\"ReadAction\",\"target\":[\"https:\/\/kangasemu.ee\/toode\/ribiline-torusoonik-2x1-tume-loheroosa-2x65-cm\/\"]}]},{\"@type\":\"ImageObject\",\"inLanguage\":\"fi\",\"@id\":\"https:\/\/kangasemu.ee\/toode\/ribiline-torusoonik-2x1-tume-loheroosa-2x65-cm\/#primaryimage\",\"url\":\"https:\/\/kangasemu.ee\/wp-content\/uploads\/2022\/02\/tumedam-loheroosa.jpg\",\"contentUrl\":\"https:\/\/kangasemu.ee\/wp-content\/uploads\/2022\/02\/tumedam-loheroosa.jpg\",\"width\":720,\"height\":720,\"caption\":\"tumedam l\u00f5heroosa kangas kangad soonik trikotaaz jersey dressikangas kangasemu\"},{\"@type\":\"BreadcrumbList\",\"@id\":\"https:\/\/kangasemu.ee\/toode\/ribiline-torusoonik-2x1-tume-loheroosa-2x65-cm\/#breadcrumb\",\"itemListElement\":[{\"@type\":\"ListItem\",\"position\":1,\"name\":\"Home\",\"item\":\"https:\/\/kangasemu.ee\/fi\/\"},{\"@type\":\"ListItem\",\"position\":2,\"name\":\"Myym\u00e4l\u00e4\",\"item\":\"https:\/\/kangasemu.ee\/fi\/shop\/\"},{\"@type\":\"ListItem\",\"position\":3,\"name\":\"Ribiline torusoonik 2X1 tume l\u00f5heroosa (2&#215;65 cm)\"}]},{\"@type\":\"WebSite\",\"@id\":\"https:\/\/kangasemu.ee\/fi\/#website\",\"url\":\"https:\/\/kangasemu.ee\/fi\/\",\"name\":\"Kangasemu\",\"description\":\"Rozalen O\u00dc\",\"publisher\":{\"@id\":\"https:\/\/kangasemu.ee\/fi\/#organization\"},\"potentialAction\":[{\"@type\":\"SearchAction\",\"target\":{\"@type\":\"EntryPoint\",\"urlTemplate\":\"https:\/\/kangasemu.ee\/fi\/?s={search_term_string}\"},\"query-input\":{\"@type\":\"PropertyValueSpecification\",\"valueRequired\":true,\"valueName\":\"search_term_string\"}}],\"inLanguage\":\"fi\"},{\"@type\":\"Organization\",\"@id\":\"https:\/\/kangasemu.ee\/fi\/#organization\",\"name\":\"Rozalen O\u00fc\",\"url\":\"https:\/\/kangasemu.ee\/fi\/\",\"logo\":{\"@type\":\"ImageObject\",\"inLanguage\":\"fi\",\"@id\":\"https:\/\/kangasemu.ee\/fi\/#\/schema\/logo\/image\/\",\"url\":\"https:\/\/kangasemu.ee\/wp-content\/uploads\/2020\/11\/logodark-2.png\",\"contentUrl\":\"https:\/\/kangasemu.ee\/wp-content\/uploads\/2020\/11\/logodark-2.png\",\"width\":850,\"height\":384,\"caption\":\"Rozalen O\u00fc\"},\"image\":{\"@id\":\"https:\/\/kangasemu.ee\/fi\/#\/schema\/logo\/image\/\"},\"sameAs\":[\"https:\/\/www.facebook.com\/kangasemueesti\",\"https:\/\/www.instagram.com\/kangasemu\/\"]}]}<\/script>\n<!-- \/ Yoast SEO plugin. -->","yoast_head_json":{"title":"Ribiline torusoonik 2X1 tume l\u00f5heroosa (2x65 cm) - Kangasemu","description":"Torusoonik 2x1 tumedam l\u00f5heroosa (2x65 cm) | 2x1 ribiline torusoonik sobib ideaalselt riietele mansettide ja kaeluste \u00f5mblemiseks","robots":{"index":"index","follow":"follow","max-snippet":"max-snippet:-1","max-image-preview":"max-image-preview:large","max-video-preview":"max-video-preview:-1"},"canonical":"https:\/\/kangasemu.ee\/toode\/ribiline-torusoonik-2x1-tume-loheroosa-2x65-cm\/","og_locale":"fi_FI","og_type":"article","og_title":"Ribiline torusoonik 2X1 tume l\u00f5heroosa (2x65 cm) - Kangasemu","og_description":"Torusoonik 2x1 tumedam l\u00f5heroosa (2x65 cm) | 2x1 ribiline torusoonik sobib ideaalselt riietele mansettide ja kaeluste \u00f5mblemiseks","og_url":"https:\/\/kangasemu.ee\/toode\/ribiline-torusoonik-2x1-tume-loheroosa-2x65-cm\/","og_site_name":"Kangasemu","article_publisher":"https:\/\/www.facebook.com\/kangasemueesti","article_modified_time":"2025-11-09T19:10:17+00:00","og_image":[{"width":720,"height":720,"url":"https:\/\/kangasemu.ee\/wp-content\/uploads\/2022\/02\/tumedam-loheroosa.jpg","type":"image\/jpeg"}],"twitter_card":"summary_large_image","twitter_misc":{"Arvioitu lukuaika":"1 minuutti"},"schema":{"@context":"https:\/\/schema.org","@graph":[{"@type":"WebPage","@id":"https:\/\/kangasemu.ee\/toode\/ribiline-torusoonik-2x1-tume-loheroosa-2x65-cm\/","url":"https:\/\/kangasemu.ee\/toode\/ribiline-torusoonik-2x1-tume-loheroosa-2x65-cm\/","name":"Ribiline torusoonik 2X1 tume l\u00f5heroosa (2x65 cm) - Kangasemu","isPartOf":{"@id":"https:\/\/kangasemu.ee\/fi\/#website"},"primaryImageOfPage":{"@id":"https:\/\/kangasemu.ee\/toode\/ribiline-torusoonik-2x1-tume-loheroosa-2x65-cm\/#primaryimage"},"image":{"@id":"https:\/\/kangasemu.ee\/toode\/ribiline-torusoonik-2x1-tume-loheroosa-2x65-cm\/#primaryimage"},"thumbnailUrl":"https:\/\/kangasemu.ee\/wp-content\/uploads\/2022\/02\/tumedam-loheroosa.jpg","datePublished":"2023-10-19T16:33:24+00:00","dateModified":"2025-11-09T19:10:17+00:00","description":"Torusoonik 2x1 tumedam l\u00f5heroosa (2x65 cm) | 2x1 ribiline torusoonik sobib ideaalselt riietele mansettide ja kaeluste \u00f5mblemiseks","breadcrumb":{"@id":"https:\/\/kangasemu.ee\/toode\/ribiline-torusoonik-2x1-tume-loheroosa-2x65-cm\/#breadcrumb"},"inLanguage":"fi","potentialAction":[{"@type":"ReadAction","target":["https:\/\/kangasemu.ee\/toode\/ribiline-torusoonik-2x1-tume-loheroosa-2x65-cm\/"]}]},{"@type":"ImageObject","inLanguage":"fi","@id":"https:\/\/kangasemu.ee\/toode\/ribiline-torusoonik-2x1-tume-loheroosa-2x65-cm\/#primaryimage","url":"https:\/\/kangasemu.ee\/wp-content\/uploads\/2022\/02\/tumedam-loheroosa.jpg","contentUrl":"https:\/\/kangasemu.ee\/wp-content\/uploads\/2022\/02\/tumedam-loheroosa.jpg","width":720,"height":720,"caption":"tumedam l\u00f5heroosa kangas kangad soonik trikotaaz jersey dressikangas kangasemu"},{"@type":"BreadcrumbList","@id":"https:\/\/kangasemu.ee\/toode\/ribiline-torusoonik-2x1-tume-loheroosa-2x65-cm\/#breadcrumb","itemListElement":[{"@type":"ListItem","position":1,"name":"Home","item":"https:\/\/kangasemu.ee\/fi\/"},{"@type":"ListItem","position":2,"name":"Myym\u00e4l\u00e4","item":"https:\/\/kangasemu.ee\/fi\/shop\/"},{"@type":"ListItem","position":3,"name":"Ribiline torusoonik 2X1 tume l\u00f5heroosa (2&#215;65 cm)"}]},{"@type":"WebSite","@id":"https:\/\/kangasemu.ee\/fi\/#website","url":"https:\/\/kangasemu.ee\/fi\/","name":"Kangasemu","description":"Rozalen O\u00dc","publisher":{"@id":"https:\/\/kangasemu.ee\/fi\/#organization"},"potentialAction":[{"@type":"SearchAction","target":{"@type":"EntryPoint","urlTemplate":"https:\/\/kangasemu.ee\/fi\/?s={search_term_string}"},"query-input":{"@type":"PropertyValueSpecification","valueRequired":true,"valueName":"search_term_string"}}],"inLanguage":"fi"},{"@type":"Organization","@id":"https:\/\/kangasemu.ee\/fi\/#organization","name":"Rozalen O\u00fc","url":"https:\/\/kangasemu.ee\/fi\/","logo":{"@type":"ImageObject","inLanguage":"fi","@id":"https:\/\/kangasemu.ee\/fi\/#\/schema\/logo\/image\/","url":"https:\/\/kangasemu.ee\/wp-content\/uploads\/2020\/11\/logodark-2.png","contentUrl":"https:\/\/kangasemu.ee\/wp-content\/uploads\/2020\/11\/logodark-2.png","width":850,"height":384,"caption":"Rozalen O\u00fc"},"image":{"@id":"https:\/\/kangasemu.ee\/fi\/#\/schema\/logo\/image\/"},"sameAs":["https:\/\/www.facebook.com\/kangasemueesti","https:\/\/www.instagram.com\/kangasemu\/"]}]}},"_links":{"self":[{"href":"https:\/\/kangasemu.ee\/fi\/wp-json\/wp\/v2\/product\/32493","targetHints":{"allow":["GET"]}}],"collection":[{"href":"https:\/\/kangasemu.ee\/fi\/wp-json\/wp\/v2\/product"}],"about":[{"href":"https:\/\/kangasemu.ee\/fi\/wp-json\/wp\/v2\/types\/product"}],"replies":[{"embeddable":true,"href":"https:\/\/kangasemu.ee\/fi\/wp-json\/wp\/v2\/comments?post=32493"}],"version-history":[{"count":1,"href":"https:\/\/kangasemu.ee\/fi\/wp-json\/wp\/v2\/product\/32493\/revisions"}],"predecessor-version":[{"id":36572,"href":"https:\/\/kangasemu.ee\/fi\/wp-json\/wp\/v2\/product\/32493\/revisions\/36572"}],"wp:featuredmedia":[{"embeddable":true,"href":"https:\/\/kangasemu.ee\/fi\/wp-json\/wp\/v2\/media\/20676"}],"wp:attachment":[{"href":"https:\/\/kangasemu.ee\/fi\/wp-json\/wp\/v2\/media?parent=32493"}],"wp:term":[{"taxonomy":"product_brand","embeddable":true,"href":"https:\/\/kangasemu.ee\/fi\/wp-json\/wp\/v2\/product_brand?post=32493"},{"taxonomy":"product_cat","embeddable":true,"href":"https:\/\/kangasemu.ee\/fi\/wp-json\/wp\/v2\/product_cat?post=32493"},{"taxonomy":"product_tag","embeddable":true,"href":"https:\/\/kangasemu.ee\/fi\/wp-json\/wp\/v2\/product_tag?post=32493"}],"curies":[{"name":"wp","href":"https:\/\/api.w.org\/{rel}","templated":true}]}}