{"id":35285,"date":"2024-02-22T20:17:41","date_gmt":"2024-02-22T18:17:41","guid":{"rendered":"https:\/\/kangasemu.ee\/?post_type=product&#038;p=35285"},"modified":"2025-09-11T12:37:21","modified_gmt":"2025-09-11T10:37:21","slug":"kilest-turvaumbrik-3442-roheline-100tk","status":"publish","type":"product","link":"https:\/\/kangasemu.ee\/fi\/toode\/kilest-turvaumbrik-3442-roheline-100tk\/","title":{"rendered":"Kilest turva\u00fcmbrik 34*42 roheline 100TK"},"content":{"rendered":"","protected":false},"excerpt":{"rendered":"<p>NB ! Pakendite v\u00e4rvused v\u00f5ivad varieeruda s\u00f5ltuvalt partiist.<\/p>\n","protected":false},"featured_media":40769,"comment_status":"open","ping_status":"closed","template":"","meta":{"_lmt_disableupdate":"no","_lmt_disable":""},"product_brand":[],"product_cat":[2096],"product_tag":[2105,2101,2099,2102,649,2098],"class_list":{"0":"post-35285","1":"product","2":"type-product","3":"status-publish","4":"has-post-thumbnail","6":"product_cat-pakendid","7":"product_tag-2105","8":"product_tag-kilest-turvaumbrik","9":"product_tag-pakend","10":"product_tag-postipakk","11":"product_tag-roosa","12":"product_tag-turvaumbrik","14":"first","15":"instock","16":"taxable","17":"shipping-taxable","18":"purchasable","19":"product-type-simple"},"yoast_head":"<!-- This site is optimized with the Yoast SEO plugin v27.2 - https:\/\/yoast.com\/product\/yoast-seo-wordpress\/ -->\n<title>Kilest turva\u00fcmbrik 34*42 roheline 100TK - Kangasemu<\/title>\n<meta name=\"description\" content=\"Kilest turva\u00fcmbrik roheline 34*42\" \/>\n<meta name=\"robots\" content=\"index, follow, max-snippet:-1, max-image-preview:large, max-video-preview:-1\" \/>\n<link rel=\"canonical\" href=\"https:\/\/kangasemu.ee\/toode\/kilest-turvaumbrik-3442-roheline-100tk\/\" \/>\n<meta property=\"og:locale\" content=\"fi_FI\" \/>\n<meta property=\"og:type\" content=\"article\" \/>\n<meta property=\"og:title\" content=\"Kilest turva\u00fcmbrik 34*42 roheline 100TK - Kangasemu\" \/>\n<meta property=\"og:description\" content=\"Kilest turva\u00fcmbrik roheline 34*42\" \/>\n<meta property=\"og:url\" content=\"https:\/\/kangasemu.ee\/toode\/kilest-turvaumbrik-3442-roheline-100tk\/\" \/>\n<meta property=\"og:site_name\" content=\"Kangasemu\" \/>\n<meta property=\"article:publisher\" content=\"https:\/\/www.facebook.com\/kangasemueesti\" \/>\n<meta property=\"article:modified_time\" content=\"2025-09-11T10:37:21+00:00\" \/>\n<meta property=\"og:image\" content=\"https:\/\/kangasemu.ee\/wp-content\/uploads\/2024\/02\/475727102_1733784280531681_3241472635929230385_n-1.jpg\" \/>\n\t<meta property=\"og:image:width\" content=\"720\" \/>\n\t<meta property=\"og:image:height\" content=\"720\" \/>\n\t<meta property=\"og:image:type\" content=\"image\/jpeg\" \/>\n<meta name=\"twitter:card\" content=\"summary_large_image\" \/>\n<meta name=\"twitter:label1\" content=\"Arvioitu lukuaika\" \/>\n\t<meta name=\"twitter:data1\" content=\"1 minuutti\" \/>\n<script type=\"application\/ld+json\" class=\"yoast-schema-graph\">{\"@context\":\"https:\/\/schema.org\",\"@graph\":[{\"@type\":\"WebPage\",\"@id\":\"https:\/\/kangasemu.ee\/toode\/kilest-turvaumbrik-3442-roheline-100tk\/\",\"url\":\"https:\/\/kangasemu.ee\/toode\/kilest-turvaumbrik-3442-roheline-100tk\/\",\"name\":\"Kilest turva\u00fcmbrik 34*42 roheline 100TK - Kangasemu\",\"isPartOf\":{\"@id\":\"https:\/\/kangasemu.ee\/fi\/#website\"},\"primaryImageOfPage\":{\"@id\":\"https:\/\/kangasemu.ee\/toode\/kilest-turvaumbrik-3442-roheline-100tk\/#primaryimage\"},\"image\":{\"@id\":\"https:\/\/kangasemu.ee\/toode\/kilest-turvaumbrik-3442-roheline-100tk\/#primaryimage\"},\"thumbnailUrl\":\"https:\/\/kangasemu.ee\/wp-content\/uploads\/2024\/02\/475727102_1733784280531681_3241472635929230385_n-1.jpg\",\"datePublished\":\"2024-02-22T18:17:41+00:00\",\"dateModified\":\"2025-09-11T10:37:21+00:00\",\"description\":\"Kilest turva\u00fcmbrik roheline 34*42\",\"breadcrumb\":{\"@id\":\"https:\/\/kangasemu.ee\/toode\/kilest-turvaumbrik-3442-roheline-100tk\/#breadcrumb\"},\"inLanguage\":\"fi\",\"potentialAction\":[{\"@type\":\"ReadAction\",\"target\":[\"https:\/\/kangasemu.ee\/toode\/kilest-turvaumbrik-3442-roheline-100tk\/\"]}]},{\"@type\":\"ImageObject\",\"inLanguage\":\"fi\",\"@id\":\"https:\/\/kangasemu.ee\/toode\/kilest-turvaumbrik-3442-roheline-100tk\/#primaryimage\",\"url\":\"https:\/\/kangasemu.ee\/wp-content\/uploads\/2024\/02\/475727102_1733784280531681_3241472635929230385_n-1.jpg\",\"contentUrl\":\"https:\/\/kangasemu.ee\/wp-content\/uploads\/2024\/02\/475727102_1733784280531681_3241472635929230385_n-1.jpg\",\"width\":720,\"height\":720,\"caption\":\"kilest turva\u00fcmbrik, transpordipakend, kile\u00fcmbrik, kilepakend\"},{\"@type\":\"BreadcrumbList\",\"@id\":\"https:\/\/kangasemu.ee\/toode\/kilest-turvaumbrik-3442-roheline-100tk\/#breadcrumb\",\"itemListElement\":[{\"@type\":\"ListItem\",\"position\":1,\"name\":\"Home\",\"item\":\"https:\/\/kangasemu.ee\/fi\/\"},{\"@type\":\"ListItem\",\"position\":2,\"name\":\"Myym\u00e4l\u00e4\",\"item\":\"https:\/\/kangasemu.ee\/fi\/shop\/\"},{\"@type\":\"ListItem\",\"position\":3,\"name\":\"Kilest turva\u00fcmbrik 34*42 roheline 100TK\"}]},{\"@type\":\"WebSite\",\"@id\":\"https:\/\/kangasemu.ee\/fi\/#website\",\"url\":\"https:\/\/kangasemu.ee\/fi\/\",\"name\":\"Kangasemu\",\"description\":\"Rozalen O\u00dc\",\"publisher\":{\"@id\":\"https:\/\/kangasemu.ee\/fi\/#organization\"},\"potentialAction\":[{\"@type\":\"SearchAction\",\"target\":{\"@type\":\"EntryPoint\",\"urlTemplate\":\"https:\/\/kangasemu.ee\/fi\/?s={search_term_string}\"},\"query-input\":{\"@type\":\"PropertyValueSpecification\",\"valueRequired\":true,\"valueName\":\"search_term_string\"}}],\"inLanguage\":\"fi\"},{\"@type\":\"Organization\",\"@id\":\"https:\/\/kangasemu.ee\/fi\/#organization\",\"name\":\"Rozalen O\u00fc\",\"url\":\"https:\/\/kangasemu.ee\/fi\/\",\"logo\":{\"@type\":\"ImageObject\",\"inLanguage\":\"fi\",\"@id\":\"https:\/\/kangasemu.ee\/fi\/#\/schema\/logo\/image\/\",\"url\":\"https:\/\/kangasemu.ee\/wp-content\/uploads\/2020\/11\/logodark-2.png\",\"contentUrl\":\"https:\/\/kangasemu.ee\/wp-content\/uploads\/2020\/11\/logodark-2.png\",\"width\":850,\"height\":384,\"caption\":\"Rozalen O\u00fc\"},\"image\":{\"@id\":\"https:\/\/kangasemu.ee\/fi\/#\/schema\/logo\/image\/\"},\"sameAs\":[\"https:\/\/www.facebook.com\/kangasemueesti\",\"https:\/\/www.instagram.com\/kangasemu\/\"]}]}<\/script>\n<!-- \/ Yoast SEO plugin. -->","yoast_head_json":{"title":"Kilest turva\u00fcmbrik 34*42 roheline 100TK - Kangasemu","description":"Kilest turva\u00fcmbrik roheline 34*42","robots":{"index":"index","follow":"follow","max-snippet":"max-snippet:-1","max-image-preview":"max-image-preview:large","max-video-preview":"max-video-preview:-1"},"canonical":"https:\/\/kangasemu.ee\/toode\/kilest-turvaumbrik-3442-roheline-100tk\/","og_locale":"fi_FI","og_type":"article","og_title":"Kilest turva\u00fcmbrik 34*42 roheline 100TK - Kangasemu","og_description":"Kilest turva\u00fcmbrik roheline 34*42","og_url":"https:\/\/kangasemu.ee\/toode\/kilest-turvaumbrik-3442-roheline-100tk\/","og_site_name":"Kangasemu","article_publisher":"https:\/\/www.facebook.com\/kangasemueesti","article_modified_time":"2025-09-11T10:37:21+00:00","og_image":[{"width":720,"height":720,"url":"https:\/\/kangasemu.ee\/wp-content\/uploads\/2024\/02\/475727102_1733784280531681_3241472635929230385_n-1.jpg","type":"image\/jpeg"}],"twitter_card":"summary_large_image","twitter_misc":{"Arvioitu lukuaika":"1 minuutti"},"schema":{"@context":"https:\/\/schema.org","@graph":[{"@type":"WebPage","@id":"https:\/\/kangasemu.ee\/toode\/kilest-turvaumbrik-3442-roheline-100tk\/","url":"https:\/\/kangasemu.ee\/toode\/kilest-turvaumbrik-3442-roheline-100tk\/","name":"Kilest turva\u00fcmbrik 34*42 roheline 100TK - Kangasemu","isPartOf":{"@id":"https:\/\/kangasemu.ee\/fi\/#website"},"primaryImageOfPage":{"@id":"https:\/\/kangasemu.ee\/toode\/kilest-turvaumbrik-3442-roheline-100tk\/#primaryimage"},"image":{"@id":"https:\/\/kangasemu.ee\/toode\/kilest-turvaumbrik-3442-roheline-100tk\/#primaryimage"},"thumbnailUrl":"https:\/\/kangasemu.ee\/wp-content\/uploads\/2024\/02\/475727102_1733784280531681_3241472635929230385_n-1.jpg","datePublished":"2024-02-22T18:17:41+00:00","dateModified":"2025-09-11T10:37:21+00:00","description":"Kilest turva\u00fcmbrik roheline 34*42","breadcrumb":{"@id":"https:\/\/kangasemu.ee\/toode\/kilest-turvaumbrik-3442-roheline-100tk\/#breadcrumb"},"inLanguage":"fi","potentialAction":[{"@type":"ReadAction","target":["https:\/\/kangasemu.ee\/toode\/kilest-turvaumbrik-3442-roheline-100tk\/"]}]},{"@type":"ImageObject","inLanguage":"fi","@id":"https:\/\/kangasemu.ee\/toode\/kilest-turvaumbrik-3442-roheline-100tk\/#primaryimage","url":"https:\/\/kangasemu.ee\/wp-content\/uploads\/2024\/02\/475727102_1733784280531681_3241472635929230385_n-1.jpg","contentUrl":"https:\/\/kangasemu.ee\/wp-content\/uploads\/2024\/02\/475727102_1733784280531681_3241472635929230385_n-1.jpg","width":720,"height":720,"caption":"kilest turva\u00fcmbrik, transpordipakend, kile\u00fcmbrik, kilepakend"},{"@type":"BreadcrumbList","@id":"https:\/\/kangasemu.ee\/toode\/kilest-turvaumbrik-3442-roheline-100tk\/#breadcrumb","itemListElement":[{"@type":"ListItem","position":1,"name":"Home","item":"https:\/\/kangasemu.ee\/fi\/"},{"@type":"ListItem","position":2,"name":"Myym\u00e4l\u00e4","item":"https:\/\/kangasemu.ee\/fi\/shop\/"},{"@type":"ListItem","position":3,"name":"Kilest turva\u00fcmbrik 34*42 roheline 100TK"}]},{"@type":"WebSite","@id":"https:\/\/kangasemu.ee\/fi\/#website","url":"https:\/\/kangasemu.ee\/fi\/","name":"Kangasemu","description":"Rozalen O\u00dc","publisher":{"@id":"https:\/\/kangasemu.ee\/fi\/#organization"},"potentialAction":[{"@type":"SearchAction","target":{"@type":"EntryPoint","urlTemplate":"https:\/\/kangasemu.ee\/fi\/?s={search_term_string}"},"query-input":{"@type":"PropertyValueSpecification","valueRequired":true,"valueName":"search_term_string"}}],"inLanguage":"fi"},{"@type":"Organization","@id":"https:\/\/kangasemu.ee\/fi\/#organization","name":"Rozalen O\u00fc","url":"https:\/\/kangasemu.ee\/fi\/","logo":{"@type":"ImageObject","inLanguage":"fi","@id":"https:\/\/kangasemu.ee\/fi\/#\/schema\/logo\/image\/","url":"https:\/\/kangasemu.ee\/wp-content\/uploads\/2020\/11\/logodark-2.png","contentUrl":"https:\/\/kangasemu.ee\/wp-content\/uploads\/2020\/11\/logodark-2.png","width":850,"height":384,"caption":"Rozalen O\u00fc"},"image":{"@id":"https:\/\/kangasemu.ee\/fi\/#\/schema\/logo\/image\/"},"sameAs":["https:\/\/www.facebook.com\/kangasemueesti","https:\/\/www.instagram.com\/kangasemu\/"]}]}},"_links":{"self":[{"href":"https:\/\/kangasemu.ee\/fi\/wp-json\/wp\/v2\/product\/35285","targetHints":{"allow":["GET"]}}],"collection":[{"href":"https:\/\/kangasemu.ee\/fi\/wp-json\/wp\/v2\/product"}],"about":[{"href":"https:\/\/kangasemu.ee\/fi\/wp-json\/wp\/v2\/types\/product"}],"replies":[{"embeddable":true,"href":"https:\/\/kangasemu.ee\/fi\/wp-json\/wp\/v2\/comments?post=35285"}],"version-history":[{"count":2,"href":"https:\/\/kangasemu.ee\/fi\/wp-json\/wp\/v2\/product\/35285\/revisions"}],"predecessor-version":[{"id":40777,"href":"https:\/\/kangasemu.ee\/fi\/wp-json\/wp\/v2\/product\/35285\/revisions\/40777"}],"wp:featuredmedia":[{"embeddable":true,"href":"https:\/\/kangasemu.ee\/fi\/wp-json\/wp\/v2\/media\/40769"}],"wp:attachment":[{"href":"https:\/\/kangasemu.ee\/fi\/wp-json\/wp\/v2\/media?parent=35285"}],"wp:term":[{"taxonomy":"product_brand","embeddable":true,"href":"https:\/\/kangasemu.ee\/fi\/wp-json\/wp\/v2\/product_brand?post=35285"},{"taxonomy":"product_cat","embeddable":true,"href":"https:\/\/kangasemu.ee\/fi\/wp-json\/wp\/v2\/product_cat?post=35285"},{"taxonomy":"product_tag","embeddable":true,"href":"https:\/\/kangasemu.ee\/fi\/wp-json\/wp\/v2\/product_tag?post=35285"}],"curies":[{"name":"wp","href":"https:\/\/api.w.org\/{rel}","templated":true}]}}