{"id":35874,"date":"2024-03-23T14:45:59","date_gmt":"2024-03-23T12:45:59","guid":{"rendered":"https:\/\/kangasemu.ee\/?post_type=product&#038;p=35874"},"modified":"2024-03-23T14:48:23","modified_gmt":"2024-03-23T12:48:23","slug":"sinertavan-vaaleanpunainen-metsa-digitaalinen-printti-mekkokangas","status":"publish","type":"product","link":"https:\/\/kangasemu.ee\/fi\/toode\/sinertavan-vaaleanpunainen-metsa-digitaalinen-printti-mekkokangas\/","title":{"rendered":"Sinert\u00e4v\u00e4n vaaleanpunainen mets\u00e4 digitaalinen printti mekkokangas"},"content":{"rendered":"<p style=\"text-align: left;\">Huomioithan, ett\u00e4 valokuvaustekniikasta ja n\u00e4yt\u00f6n eroista johtuen kankaan v\u00e4ri ja kuvion mitat voivat poiketa todellisuudesta ! Sama p\u00e4tee my\u00f6s samankaltaisiin neuleisiin ja collegepaitoihin, sill\u00e4 jotkin kankaat ovat per\u00e4isin eri tehtailta. Kysy tarvittaessa lis\u00e4tietoja. Tummilla kankailla reunojen v\u00e4\u00e4r\u00e4lle puolelle voi tulla mustetahroja, mutta ne eiv\u00e4t vaikuta tulosteen laatuun.<br \/>\nNoudata kankaan pesussa ohjeita:<br \/>\n*Kankaat on pest\u00e4v\u00e4 30 asteessa valmistajan suositusten mukaisesti.<br \/>\n*Pese valmiit vaatteet nurinp\u00e4in.<br \/>\n* Kuivausrumpu ja valkaisu eiv\u00e4t ole sallittuja.<br \/>\n*Kun tummia ja vaaleita kankaita ommellaan yhteen, tummempi kangas (esim. kylkikangas) voi v\u00e4rj\u00e4t\u00e4 vaalean kankaan pesussa. (Suosittelemme v\u00e4riloukkujen k\u00e4ytt\u00f6\u00e4)<br \/>\n*Rautaa tuotteet keskil\u00e4mm\u00f6ll\u00e4 (130-150 astetta).<br \/>\n*Oman kokemukseni perusteella kankaan v\u00e4rin s\u00e4ilyvyys on parempi, jos k\u00e4yt\u00e4t pesuainetta eik\u00e4 jauhetta ja jos tummia v\u00e4rej\u00e4 pest\u00e4\u00e4n tummalla pesuaineella ja vaaleampia v\u00e4rej\u00e4 vaalealla pesuaineella.<\/p>\n<p><span style=\"text-decoration: underline;\"><strong><a href=\"https:\/\/kangasemu.ee\/wp-content\/uploads\/2020\/11\/pilt.jpg\" data-rel=\"penci-gallery-image-content\" ><img decoding=\"async\" class=\"alignnone size-full wp-image-7826\" src=\"https:\/\/kangasemu.ee\/wp-content\/uploads\/2020\/11\/pilt.jpg\" alt=\"\" width=\"178\" height=\"56\" \/><\/a><\/strong><\/span><br \/>\n<a href=\"https:\/\/kangasemu.ee\/wp-content\/uploads\/2020\/11\/Oko-Tex100.jpg\" data-rel=\"penci-gallery-image-content\" ><img fetchpriority=\"high\" decoding=\"async\" class=\"alignnone size-medium wp-image-8167\" src=\"https:\/\/kangasemu.ee\/wp-content\/uploads\/2020\/11\/Oko-Tex100-330x330.jpg\" alt=\"\" width=\"330\" height=\"330\" srcset=\"https:\/\/kangasemu.ee\/wp-content\/uploads\/2020\/11\/Oko-Tex100-330x330.jpg 330w, https:\/\/kangasemu.ee\/wp-content\/uploads\/2020\/11\/Oko-Tex100-465x465.jpg 465w, https:\/\/kangasemu.ee\/wp-content\/uploads\/2020\/11\/Oko-Tex100-100x100.jpg 100w, https:\/\/kangasemu.ee\/wp-content\/uploads\/2020\/11\/Oko-Tex100-600x600.jpg 600w, https:\/\/kangasemu.ee\/wp-content\/uploads\/2020\/11\/Oko-Tex100-440x440.jpg 440w, https:\/\/kangasemu.ee\/wp-content\/uploads\/2020\/11\/Oko-Tex100-768x768.jpg 768w, https:\/\/kangasemu.ee\/wp-content\/uploads\/2020\/11\/Oko-Tex100.jpg 1200w\" sizes=\"(max-width: 330px) 100vw, 330px\" \/><\/a><\/p>\n<p>&nbsp;<\/p>\n<p>&nbsp;<\/p>\n","protected":false},"excerpt":{"rendered":"<p>Loop back French Terry on ihanteellinen urhelipuku ompeluun. Ohuemmasta sideharsosta voidaan tehd\u00e4 my\u00f6s eritt\u00e4in hienoja l\u00e4mpimi\u00e4 k\u00e4silaukkuja.<\/p>\n<p>240g\/m2, 180 cm<\/p>\n<p>95% puuvillaa, 5% elastaania<\/p>\n<p>\u00d6ko-Tex100<\/p>\n<p>Hinta on metrilt\u00e4. 0,1 m:n lis\u00e4ys 0,5 m:st\u00e4 0,1 m:iin.<\/p>\n","protected":false},"featured_media":35848,"comment_status":"open","ping_status":"closed","template":"","meta":{"_lmt_disableupdate":"","_lmt_disable":""},"product_brand":[],"product_cat":[453],"product_tag":[483,719,488,907,2144,810,540,618,535,694,760,514,699,688,695,686,722,861,1696],"class_list":{"0":"post-35874","1":"product","2":"type-product","3":"status-publish","4":"has-post-thumbnail","6":"product_cat-kuviollinen-joustocollege","7":"product_tag-french-fi","8":"product_tag-fuksia-vaaleanpunainen","9":"product_tag-joustocollege-jc","10":"product_tag-kangas-fi","11":"product_tag-kankaat-fi","12":"product_tag-kultainen","13":"product_tag-kuviollinen","14":"product_tag-mets-fi","15":"product_tag-okotex100-fi","16":"product_tag-pinkki","17":"product_tag-sinenen","18":"product_tag-terry-fi","19":"product_tag-tummansininen","20":"product_tag-turkoosi","21":"product_tag-vaalea-pinkki","22":"product_tag-vaalean-harmaa","23":"product_tag-vaaleansininen","24":"product_tag-varvilinen","25":"product_tag-vuoret","27":"first","28":"instock","29":"taxable","30":"shipping-taxable","31":"purchasable","32":"product-type-simple"},"yoast_head":"<!-- This site is optimized with the Yoast SEO plugin v27.2 - https:\/\/yoast.com\/product\/yoast-seo-wordpress\/ -->\n<title>Sinert\u00e4v\u00e4n vaaleanpunainen mets\u00e4 digitaalinen printti mekkokangas - Kangasemu<\/title>\n<meta name=\"description\" content=\"Dressy kangas syd\u00e4met harmaa digitaalinen painatus | Loop takaisin Ranskan Terry on ihanteellinen ompelu mekkoja. Ohuempi tiheys mekko kangas...\" \/>\n<meta name=\"robots\" content=\"index, follow, max-snippet:-1, max-image-preview:large, max-video-preview:-1\" \/>\n<link rel=\"canonical\" href=\"https:\/\/kangasemu.ee\/fi\/toode\/sinertavan-vaaleanpunainen-metsa-digitaalinen-printti-mekkokangas\/\" \/>\n<meta property=\"og:locale\" content=\"fi_FI\" \/>\n<meta property=\"og:type\" content=\"article\" \/>\n<meta property=\"og:title\" content=\"Kangasemu % Sinert\u00e4v\u00e4n vaaleanpunainen mets\u00e4 digitaalinen printti mekkokangas - %\" \/>\n<meta property=\"og:description\" content=\"Dressy kangas syd\u00e4met harmaa digitaalinen painatus | Loop takaisin Ranskan Terry on ihanteellinen ompelu mekkoja. Ohuempi tiheys mekko kangas...\" \/>\n<meta property=\"og:url\" content=\"https:\/\/kangasemu.ee\/fi\/toode\/sinertavan-vaaleanpunainen-metsa-digitaalinen-printti-mekkokangas\/\" \/>\n<meta property=\"og:site_name\" content=\"Kangasemu\" \/>\n<meta property=\"article:publisher\" content=\"https:\/\/www.facebook.com\/kangasemueesti\" \/>\n<meta property=\"article:modified_time\" content=\"2024-03-23T12:48:23+00:00\" \/>\n<meta property=\"og:image\" content=\"https:\/\/kangasemu.ee\/wp-content\/uploads\/2024\/03\/Sinakasroosa-mets.png\" \/>\n\t<meta property=\"og:image:width\" content=\"720\" \/>\n\t<meta property=\"og:image:height\" content=\"720\" \/>\n\t<meta property=\"og:image:type\" content=\"image\/png\" \/>\n<meta name=\"twitter:card\" content=\"summary_large_image\" \/>\n<meta name=\"twitter:label1\" content=\"Arvioitu lukuaika\" \/>\n\t<meta name=\"twitter:data1\" content=\"2 minuuttia\" \/>\n<script type=\"application\/ld+json\" class=\"yoast-schema-graph\">{\"@context\":\"https:\/\/schema.org\",\"@graph\":[{\"@type\":\"WebPage\",\"@id\":\"https:\/\/kangasemu.ee\/fi\/toode\/sinertavan-vaaleanpunainen-metsa-digitaalinen-printti-mekkokangas\/\",\"url\":\"https:\/\/kangasemu.ee\/fi\/toode\/sinertavan-vaaleanpunainen-metsa-digitaalinen-printti-mekkokangas\/\",\"name\":\"Sinert\u00e4v\u00e4n vaaleanpunainen mets\u00e4 digitaalinen printti mekkokangas - Kangasemu\",\"isPartOf\":{\"@id\":\"https:\/\/kangasemu.ee\/fi\/#website\"},\"primaryImageOfPage\":{\"@id\":\"https:\/\/kangasemu.ee\/fi\/toode\/sinertavan-vaaleanpunainen-metsa-digitaalinen-printti-mekkokangas\/#primaryimage\"},\"image\":{\"@id\":\"https:\/\/kangasemu.ee\/fi\/toode\/sinertavan-vaaleanpunainen-metsa-digitaalinen-printti-mekkokangas\/#primaryimage\"},\"thumbnailUrl\":\"https:\/\/kangasemu.ee\/wp-content\/uploads\/2024\/03\/Sinakasroosa-mets.png\",\"datePublished\":\"2024-03-23T12:45:59+00:00\",\"dateModified\":\"2024-03-23T12:48:23+00:00\",\"description\":\"Dressy kangas syd\u00e4met harmaa digitaalinen painatus | Loop takaisin Ranskan Terry on ihanteellinen ompelu mekkoja. Ohuempi tiheys mekko kangas...\",\"breadcrumb\":{\"@id\":\"https:\/\/kangasemu.ee\/fi\/toode\/sinertavan-vaaleanpunainen-metsa-digitaalinen-printti-mekkokangas\/#breadcrumb\"},\"inLanguage\":\"fi\",\"potentialAction\":[{\"@type\":\"ReadAction\",\"target\":[\"https:\/\/kangasemu.ee\/fi\/toode\/sinertavan-vaaleanpunainen-metsa-digitaalinen-printti-mekkokangas\/\"]}]},{\"@type\":\"ImageObject\",\"inLanguage\":\"fi\",\"@id\":\"https:\/\/kangasemu.ee\/fi\/toode\/sinertavan-vaaleanpunainen-metsa-digitaalinen-printti-mekkokangas\/#primaryimage\",\"url\":\"https:\/\/kangasemu.ee\/wp-content\/uploads\/2024\/03\/Sinakasroosa-mets.png\",\"contentUrl\":\"https:\/\/kangasemu.ee\/wp-content\/uploads\/2024\/03\/Sinakasroosa-mets.png\",\"width\":720,\"height\":720,\"caption\":\"kangas kangad trikotaaz jersey dressikangas, french terry, kangasemu, aasaline, uhutud, kankaat\"},{\"@type\":\"BreadcrumbList\",\"@id\":\"https:\/\/kangasemu.ee\/fi\/toode\/sinertavan-vaaleanpunainen-metsa-digitaalinen-printti-mekkokangas\/#breadcrumb\",\"itemListElement\":[{\"@type\":\"ListItem\",\"position\":1,\"name\":\"Home\",\"item\":\"https:\/\/kangasemu.ee\/fi\/\"},{\"@type\":\"ListItem\",\"position\":2,\"name\":\"Myym\u00e4l\u00e4\",\"item\":\"https:\/\/kangasemu.ee\/fi\/shop\/\"},{\"@type\":\"ListItem\",\"position\":3,\"name\":\"Sinert\u00e4v\u00e4n vaaleanpunainen mets\u00e4 digitaalinen printti mekkokangas\"}]},{\"@type\":\"WebSite\",\"@id\":\"https:\/\/kangasemu.ee\/fi\/#website\",\"url\":\"https:\/\/kangasemu.ee\/fi\/\",\"name\":\"Kangasemu\",\"description\":\"Rozalen O\u00dc\",\"publisher\":{\"@id\":\"https:\/\/kangasemu.ee\/fi\/#organization\"},\"potentialAction\":[{\"@type\":\"SearchAction\",\"target\":{\"@type\":\"EntryPoint\",\"urlTemplate\":\"https:\/\/kangasemu.ee\/fi\/?s={search_term_string}\"},\"query-input\":{\"@type\":\"PropertyValueSpecification\",\"valueRequired\":true,\"valueName\":\"search_term_string\"}}],\"inLanguage\":\"fi\"},{\"@type\":\"Organization\",\"@id\":\"https:\/\/kangasemu.ee\/fi\/#organization\",\"name\":\"Rozalen O\u00fc\",\"url\":\"https:\/\/kangasemu.ee\/fi\/\",\"logo\":{\"@type\":\"ImageObject\",\"inLanguage\":\"fi\",\"@id\":\"https:\/\/kangasemu.ee\/fi\/#\/schema\/logo\/image\/\",\"url\":\"https:\/\/kangasemu.ee\/wp-content\/uploads\/2020\/11\/logodark-2.png\",\"contentUrl\":\"https:\/\/kangasemu.ee\/wp-content\/uploads\/2020\/11\/logodark-2.png\",\"width\":850,\"height\":384,\"caption\":\"Rozalen O\u00fc\"},\"image\":{\"@id\":\"https:\/\/kangasemu.ee\/fi\/#\/schema\/logo\/image\/\"},\"sameAs\":[\"https:\/\/www.facebook.com\/kangasemueesti\",\"https:\/\/www.instagram.com\/kangasemu\/\"]}]}<\/script>\n<!-- \/ Yoast SEO plugin. -->","yoast_head_json":{"title":"Sinert\u00e4v\u00e4n vaaleanpunainen mets\u00e4 digitaalinen printti mekkokangas - Kangasemu","description":"Dressy kangas syd\u00e4met harmaa digitaalinen painatus | Loop takaisin Ranskan Terry on ihanteellinen ompelu mekkoja. Ohuempi tiheys mekko kangas...","robots":{"index":"index","follow":"follow","max-snippet":"max-snippet:-1","max-image-preview":"max-image-preview:large","max-video-preview":"max-video-preview:-1"},"canonical":"https:\/\/kangasemu.ee\/fi\/toode\/sinertavan-vaaleanpunainen-metsa-digitaalinen-printti-mekkokangas\/","og_locale":"fi_FI","og_type":"article","og_title":"Kangasemu % Sinert\u00e4v\u00e4n vaaleanpunainen mets\u00e4 digitaalinen printti mekkokangas - %","og_description":"Dressy kangas syd\u00e4met harmaa digitaalinen painatus | Loop takaisin Ranskan Terry on ihanteellinen ompelu mekkoja. Ohuempi tiheys mekko kangas...","og_url":"https:\/\/kangasemu.ee\/fi\/toode\/sinertavan-vaaleanpunainen-metsa-digitaalinen-printti-mekkokangas\/","og_site_name":"Kangasemu","article_publisher":"https:\/\/www.facebook.com\/kangasemueesti","article_modified_time":"2024-03-23T12:48:23+00:00","og_image":[{"width":720,"height":720,"url":"https:\/\/kangasemu.ee\/wp-content\/uploads\/2024\/03\/Sinakasroosa-mets.png","type":"image\/png"}],"twitter_card":"summary_large_image","twitter_misc":{"Arvioitu lukuaika":"2 minuuttia"},"schema":{"@context":"https:\/\/schema.org","@graph":[{"@type":"WebPage","@id":"https:\/\/kangasemu.ee\/fi\/toode\/sinertavan-vaaleanpunainen-metsa-digitaalinen-printti-mekkokangas\/","url":"https:\/\/kangasemu.ee\/fi\/toode\/sinertavan-vaaleanpunainen-metsa-digitaalinen-printti-mekkokangas\/","name":"Sinert\u00e4v\u00e4n vaaleanpunainen mets\u00e4 digitaalinen printti mekkokangas - Kangasemu","isPartOf":{"@id":"https:\/\/kangasemu.ee\/fi\/#website"},"primaryImageOfPage":{"@id":"https:\/\/kangasemu.ee\/fi\/toode\/sinertavan-vaaleanpunainen-metsa-digitaalinen-printti-mekkokangas\/#primaryimage"},"image":{"@id":"https:\/\/kangasemu.ee\/fi\/toode\/sinertavan-vaaleanpunainen-metsa-digitaalinen-printti-mekkokangas\/#primaryimage"},"thumbnailUrl":"https:\/\/kangasemu.ee\/wp-content\/uploads\/2024\/03\/Sinakasroosa-mets.png","datePublished":"2024-03-23T12:45:59+00:00","dateModified":"2024-03-23T12:48:23+00:00","description":"Dressy kangas syd\u00e4met harmaa digitaalinen painatus | Loop takaisin Ranskan Terry on ihanteellinen ompelu mekkoja. Ohuempi tiheys mekko kangas...","breadcrumb":{"@id":"https:\/\/kangasemu.ee\/fi\/toode\/sinertavan-vaaleanpunainen-metsa-digitaalinen-printti-mekkokangas\/#breadcrumb"},"inLanguage":"fi","potentialAction":[{"@type":"ReadAction","target":["https:\/\/kangasemu.ee\/fi\/toode\/sinertavan-vaaleanpunainen-metsa-digitaalinen-printti-mekkokangas\/"]}]},{"@type":"ImageObject","inLanguage":"fi","@id":"https:\/\/kangasemu.ee\/fi\/toode\/sinertavan-vaaleanpunainen-metsa-digitaalinen-printti-mekkokangas\/#primaryimage","url":"https:\/\/kangasemu.ee\/wp-content\/uploads\/2024\/03\/Sinakasroosa-mets.png","contentUrl":"https:\/\/kangasemu.ee\/wp-content\/uploads\/2024\/03\/Sinakasroosa-mets.png","width":720,"height":720,"caption":"kangas kangad trikotaaz jersey dressikangas, french terry, kangasemu, aasaline, uhutud, kankaat"},{"@type":"BreadcrumbList","@id":"https:\/\/kangasemu.ee\/fi\/toode\/sinertavan-vaaleanpunainen-metsa-digitaalinen-printti-mekkokangas\/#breadcrumb","itemListElement":[{"@type":"ListItem","position":1,"name":"Home","item":"https:\/\/kangasemu.ee\/fi\/"},{"@type":"ListItem","position":2,"name":"Myym\u00e4l\u00e4","item":"https:\/\/kangasemu.ee\/fi\/shop\/"},{"@type":"ListItem","position":3,"name":"Sinert\u00e4v\u00e4n vaaleanpunainen mets\u00e4 digitaalinen printti mekkokangas"}]},{"@type":"WebSite","@id":"https:\/\/kangasemu.ee\/fi\/#website","url":"https:\/\/kangasemu.ee\/fi\/","name":"Kangasemu","description":"Rozalen O\u00dc","publisher":{"@id":"https:\/\/kangasemu.ee\/fi\/#organization"},"potentialAction":[{"@type":"SearchAction","target":{"@type":"EntryPoint","urlTemplate":"https:\/\/kangasemu.ee\/fi\/?s={search_term_string}"},"query-input":{"@type":"PropertyValueSpecification","valueRequired":true,"valueName":"search_term_string"}}],"inLanguage":"fi"},{"@type":"Organization","@id":"https:\/\/kangasemu.ee\/fi\/#organization","name":"Rozalen O\u00fc","url":"https:\/\/kangasemu.ee\/fi\/","logo":{"@type":"ImageObject","inLanguage":"fi","@id":"https:\/\/kangasemu.ee\/fi\/#\/schema\/logo\/image\/","url":"https:\/\/kangasemu.ee\/wp-content\/uploads\/2020\/11\/logodark-2.png","contentUrl":"https:\/\/kangasemu.ee\/wp-content\/uploads\/2020\/11\/logodark-2.png","width":850,"height":384,"caption":"Rozalen O\u00fc"},"image":{"@id":"https:\/\/kangasemu.ee\/fi\/#\/schema\/logo\/image\/"},"sameAs":["https:\/\/www.facebook.com\/kangasemueesti","https:\/\/www.instagram.com\/kangasemu\/"]}]}},"_links":{"self":[{"href":"https:\/\/kangasemu.ee\/fi\/wp-json\/wp\/v2\/product\/35874","targetHints":{"allow":["GET"]}}],"collection":[{"href":"https:\/\/kangasemu.ee\/fi\/wp-json\/wp\/v2\/product"}],"about":[{"href":"https:\/\/kangasemu.ee\/fi\/wp-json\/wp\/v2\/types\/product"}],"replies":[{"embeddable":true,"href":"https:\/\/kangasemu.ee\/fi\/wp-json\/wp\/v2\/comments?post=35874"}],"version-history":[{"count":1,"href":"https:\/\/kangasemu.ee\/fi\/wp-json\/wp\/v2\/product\/35874\/revisions"}],"predecessor-version":[{"id":35875,"href":"https:\/\/kangasemu.ee\/fi\/wp-json\/wp\/v2\/product\/35874\/revisions\/35875"}],"wp:featuredmedia":[{"embeddable":true,"href":"https:\/\/kangasemu.ee\/fi\/wp-json\/wp\/v2\/media\/35848"}],"wp:attachment":[{"href":"https:\/\/kangasemu.ee\/fi\/wp-json\/wp\/v2\/media?parent=35874"}],"wp:term":[{"taxonomy":"product_brand","embeddable":true,"href":"https:\/\/kangasemu.ee\/fi\/wp-json\/wp\/v2\/product_brand?post=35874"},{"taxonomy":"product_cat","embeddable":true,"href":"https:\/\/kangasemu.ee\/fi\/wp-json\/wp\/v2\/product_cat?post=35874"},{"taxonomy":"product_tag","embeddable":true,"href":"https:\/\/kangasemu.ee\/fi\/wp-json\/wp\/v2\/product_tag?post=35874"}],"curies":[{"name":"wp","href":"https:\/\/api.w.org\/{rel}","templated":true}]}}