{"id":40058,"date":"2024-12-03T20:17:16","date_gmt":"2024-12-03T18:17:16","guid":{"rendered":"https:\/\/kangasemu.ee\/?post_type=product&#038;p=40058"},"modified":"2026-03-06T20:16:34","modified_gmt":"2026-03-06T18:16:34","slug":"hullut-kissat-trikoinen-digitaalinen-painatus-2","status":"publish","type":"product","link":"https:\/\/kangasemu.ee\/fi\/toode\/hullut-kissat-trikoinen-digitaalinen-painatus-2\/","title":{"rendered":"Hullut kissat trikoinen digitaalinen painatus"},"content":{"rendered":"<p style=\"text-align: left;\">Huomioithan, ett\u00e4 valokuvaustekniikasta ja n\u00e4yt\u00f6n eroista johtuen kankaan v\u00e4ri ja kuvion mitat voivat poiketa todellisuudesta ! Sama p\u00e4tee my\u00f6s samankaltaisiin neuleisiin ja collegepaitoihin, sill\u00e4 jotkin kankaat ovat per\u00e4isin eri tehtailta. Kysy tarvittaessa lis\u00e4tietoja. Tummilla kankailla reunojen v\u00e4\u00e4r\u00e4lle puolelle voi tulla mustetahroja, mutta ne eiv\u00e4t vaikuta tulosteen laatuun. Noudata kankaan pesussa ohjeita: *Kankaat tulee pest\u00e4 30 asteessa valmistajan ohjeiden mukaan. *Pese valmiit vaatteet nurinp\u00e4in. * Kuivausrumpu ja valkaisu eiv\u00e4t ole sallittuja. *Kun tummia ja vaaleita kankaita ommellaan yhteen, tummempi kangas (esim. kylkikangas) voi v\u00e4rj\u00e4t\u00e4 vaalean kankaan pesussa. (Suosittelemme v\u00e4riaineluukkujen k\u00e4ytt\u00f6\u00e4) *Silitysrauta tuotteet keskil\u00e4mm\u00f6ll\u00e4 (130-150 astetta). *Oman kokemukseni perusteella kankaan v\u00e4rin s\u00e4ilyvyys on parempi, jos k\u00e4yt\u00e4t pesuainetta eik\u00e4 jauhetta ja jos tummia v\u00e4rej\u00e4 pest\u00e4\u00e4n tummalla pesuaineella ja vaaleampia v\u00e4rej\u00e4 vaalealla pesuaineella.<\/p>\n<p><span style=\"text-decoration: underline;\"><strong><a href=\"https:\/\/kangasemu.ee\/wp-content\/uploads\/2020\/11\/pilt.jpg\" data-rel=\"penci-gallery-image-content\" ><img decoding=\"async\" class=\"alignnone size-full wp-image-7826\" src=\"https:\/\/kangasemu.ee\/wp-content\/uploads\/2020\/11\/pilt.jpg\" alt=\"\" width=\"178\" height=\"56\" \/><\/a><\/strong><\/span><br \/>\n<a href=\"https:\/\/kangasemu.ee\/wp-content\/uploads\/2020\/11\/Oko-Tex100.jpg\" data-rel=\"penci-gallery-image-content\" ><img fetchpriority=\"high\" decoding=\"async\" class=\"alignnone size-medium wp-image-8167\" src=\"https:\/\/kangasemu.ee\/wp-content\/uploads\/2020\/11\/Oko-Tex100-330x330.jpg\" alt=\"\" width=\"330\" height=\"330\" srcset=\"https:\/\/kangasemu.ee\/wp-content\/uploads\/2020\/11\/Oko-Tex100-330x330.jpg 330w, https:\/\/kangasemu.ee\/wp-content\/uploads\/2020\/11\/Oko-Tex100-465x465.jpg 465w, https:\/\/kangasemu.ee\/wp-content\/uploads\/2020\/11\/Oko-Tex100-100x100.jpg 100w, https:\/\/kangasemu.ee\/wp-content\/uploads\/2020\/11\/Oko-Tex100-600x600.jpg 600w, https:\/\/kangasemu.ee\/wp-content\/uploads\/2020\/11\/Oko-Tex100-440x440.jpg 440w, https:\/\/kangasemu.ee\/wp-content\/uploads\/2020\/11\/Oko-Tex100-768x768.jpg 768w, https:\/\/kangasemu.ee\/wp-content\/uploads\/2020\/11\/Oko-Tex100.jpg 1200w\" sizes=\"(max-width: 330px) 100vw, 330px\" \/><\/a><\/p>\n<p>&nbsp;<\/p>\n<p>&nbsp;<\/p>\n","protected":false},"excerpt":{"rendered":"<p>Ohuempi trikoo eli single jersey sopii erinomaisesti t-paitojen, mekkojen, collegepaitojen, vauvapukujen jne. ompeluun. 200g\/m2, 180 cm 95% puuvillaa, 5% elastaania \u00d6ko-Tex100 Hinta per metri. 0,1 m:n lis\u00e4ys 0,5 m:st\u00e4 0,1 m:iin.<\/p>\n","protected":false},"featured_media":40030,"comment_status":"open","ping_status":"closed","template":"","meta":{"_lmt_disableupdate":"no","_lmt_disable":""},"product_brand":[],"product_cat":[466],"product_tag":[799,907,909,540,493,708,535,701,516,492,1742,722,861],"class_list":{"0":"post-40058","1":"product","2":"type-product","3":"status-publish","4":"has-post-thumbnail","6":"product_cat-kuviotrikoo","7":"product_tag-beige","8":"product_tag-kangas-fi","9":"product_tag-kankaat","10":"product_tag-kuviollinen","11":"product_tag-leopardi","12":"product_tag-musta","13":"product_tag-okotex100-fi","14":"product_tag-ruskea","15":"product_tag-trikoo-fi","16":"product_tag-trikoo","17":"product_tag-vaaleanruskea","18":"product_tag-vaaleansininen","19":"product_tag-varvilinen","20":"pa_kanga-laius-180-fi","21":"pa_kanga-tihedus-200-g-m2","22":"pa_kangatuup-trikoo","23":"pa_koostis-95-puuvilla-5-elastaani","24":"pa_varv-musta","25":"pa_varv-ruskea","26":"pa_varv-vaaleanruskea","28":"first","29":"instock","30":"sale","31":"taxable","32":"shipping-taxable","33":"purchasable","34":"product-type-simple"},"yoast_head":"<!-- This site is optimized with the Yoast SEO plugin v27.2 - https:\/\/yoast.com\/product\/yoast-seo-wordpress\/ -->\n<title>Hullut kissat trikoinen digitaalinen painatus - Kangasemu<\/title>\n<meta name=\"description\" content=\"Hullut kissat jersey digitaalinen tulostus | Ohuempi jersey on ihanteellinen ompelu t-paitoja, mekkoja, k\u00e4silaukut, jne....\" \/>\n<meta name=\"robots\" content=\"index, follow, max-snippet:-1, max-image-preview:large, max-video-preview:-1\" \/>\n<link rel=\"canonical\" href=\"https:\/\/kangasemu.ee\/toode\/leopardi-muster-trikotaaz-digital-print\/\" \/>\n<meta property=\"og:locale\" content=\"fi_FI\" \/>\n<meta property=\"og:type\" content=\"article\" \/>\n<meta property=\"og:title\" content=\"Kangasemu % Hullut kissat trikoinen digitaalinen painatus - %\" \/>\n<meta property=\"og:description\" content=\"Hullut kissat jersey digitaalinen tulostus | Ohuempi jersey on ihanteellinen ompelu t-paitoja, mekkoja, k\u00e4silaukut, jne....\" \/>\n<meta property=\"og:url\" content=\"https:\/\/kangasemu.ee\/toode\/leopardi-muster-trikotaaz-digital-print\/\" \/>\n<meta property=\"og:site_name\" content=\"Kangasemu\" \/>\n<meta property=\"article:publisher\" content=\"https:\/\/www.facebook.com\/kangasemueesti\" \/>\n<meta property=\"article:modified_time\" content=\"2026-03-06T18:16:34+00:00\" \/>\n<meta property=\"og:image\" content=\"https:\/\/kangasemu.ee\/wp-content\/uploads\/2024\/12\/leopardi-muster.jpeg\" \/>\n\t<meta property=\"og:image:width\" content=\"720\" \/>\n\t<meta property=\"og:image:height\" content=\"720\" \/>\n\t<meta property=\"og:image:type\" content=\"image\/jpeg\" \/>\n<meta name=\"twitter:card\" content=\"summary_large_image\" \/>\n<meta name=\"twitter:label1\" content=\"Arvioitu lukuaika\" \/>\n\t<meta name=\"twitter:data1\" content=\"2 minuuttia\" \/>\n<script type=\"application\/ld+json\" class=\"yoast-schema-graph\">{\"@context\":\"https:\/\/schema.org\",\"@graph\":[{\"@type\":\"WebPage\",\"@id\":\"https:\/\/kangasemu.ee\/toode\/leopardi-muster-trikotaaz-digital-print\/\",\"url\":\"https:\/\/kangasemu.ee\/toode\/leopardi-muster-trikotaaz-digital-print\/\",\"name\":\"Hullut kissat trikoinen digitaalinen painatus - Kangasemu\",\"isPartOf\":{\"@id\":\"https:\/\/kangasemu.ee\/fi\/#website\"},\"primaryImageOfPage\":{\"@id\":\"https:\/\/kangasemu.ee\/toode\/leopardi-muster-trikotaaz-digital-print\/#primaryimage\"},\"image\":{\"@id\":\"https:\/\/kangasemu.ee\/toode\/leopardi-muster-trikotaaz-digital-print\/#primaryimage\"},\"thumbnailUrl\":\"https:\/\/kangasemu.ee\/wp-content\/uploads\/2024\/12\/leopardi-muster.jpeg\",\"datePublished\":\"2024-12-03T18:17:16+00:00\",\"dateModified\":\"2026-03-06T18:16:34+00:00\",\"description\":\"Hullut kissat jersey digitaalinen tulostus | Ohuempi jersey on ihanteellinen ompelu t-paitoja, mekkoja, k\u00e4silaukut, jne....\",\"breadcrumb\":{\"@id\":\"https:\/\/kangasemu.ee\/toode\/leopardi-muster-trikotaaz-digital-print\/#breadcrumb\"},\"inLanguage\":\"fi\",\"potentialAction\":[{\"@type\":\"ReadAction\",\"target\":[\"https:\/\/kangasemu.ee\/toode\/leopardi-muster-trikotaaz-digital-print\/\"]}]},{\"@type\":\"ImageObject\",\"inLanguage\":\"fi\",\"@id\":\"https:\/\/kangasemu.ee\/toode\/leopardi-muster-trikotaaz-digital-print\/#primaryimage\",\"url\":\"https:\/\/kangasemu.ee\/wp-content\/uploads\/2024\/12\/leopardi-muster.jpeg\",\"contentUrl\":\"https:\/\/kangasemu.ee\/wp-content\/uploads\/2024\/12\/leopardi-muster.jpeg\",\"width\":720,\"height\":720,\"caption\":\"kangas kangad trikotaaz jersey dressikangas, french terry, kangasemu, aasaline, uhutud, kankaat, softshell\"},{\"@type\":\"BreadcrumbList\",\"@id\":\"https:\/\/kangasemu.ee\/toode\/leopardi-muster-trikotaaz-digital-print\/#breadcrumb\",\"itemListElement\":[{\"@type\":\"ListItem\",\"position\":1,\"name\":\"Home\",\"item\":\"https:\/\/kangasemu.ee\/fi\/\"},{\"@type\":\"ListItem\",\"position\":2,\"name\":\"Myym\u00e4l\u00e4\",\"item\":\"https:\/\/kangasemu.ee\/fi\/shop\/\"},{\"@type\":\"ListItem\",\"position\":3,\"name\":\"Hullut kissat trikoinen digitaalinen painatus\"}]},{\"@type\":\"WebSite\",\"@id\":\"https:\/\/kangasemu.ee\/fi\/#website\",\"url\":\"https:\/\/kangasemu.ee\/fi\/\",\"name\":\"Kangasemu\",\"description\":\"Rozalen O\u00dc\",\"publisher\":{\"@id\":\"https:\/\/kangasemu.ee\/fi\/#organization\"},\"potentialAction\":[{\"@type\":\"SearchAction\",\"target\":{\"@type\":\"EntryPoint\",\"urlTemplate\":\"https:\/\/kangasemu.ee\/fi\/?s={search_term_string}\"},\"query-input\":{\"@type\":\"PropertyValueSpecification\",\"valueRequired\":true,\"valueName\":\"search_term_string\"}}],\"inLanguage\":\"fi\"},{\"@type\":\"Organization\",\"@id\":\"https:\/\/kangasemu.ee\/fi\/#organization\",\"name\":\"Rozalen O\u00fc\",\"url\":\"https:\/\/kangasemu.ee\/fi\/\",\"logo\":{\"@type\":\"ImageObject\",\"inLanguage\":\"fi\",\"@id\":\"https:\/\/kangasemu.ee\/fi\/#\/schema\/logo\/image\/\",\"url\":\"https:\/\/kangasemu.ee\/wp-content\/uploads\/2020\/11\/logodark-2.png\",\"contentUrl\":\"https:\/\/kangasemu.ee\/wp-content\/uploads\/2020\/11\/logodark-2.png\",\"width\":850,\"height\":384,\"caption\":\"Rozalen O\u00fc\"},\"image\":{\"@id\":\"https:\/\/kangasemu.ee\/fi\/#\/schema\/logo\/image\/\"},\"sameAs\":[\"https:\/\/www.facebook.com\/kangasemueesti\",\"https:\/\/www.instagram.com\/kangasemu\/\"]}]}<\/script>\n<!-- \/ Yoast SEO plugin. -->","yoast_head_json":{"title":"Hullut kissat trikoinen digitaalinen painatus - Kangasemu","description":"Hullut kissat jersey digitaalinen tulostus | Ohuempi jersey on ihanteellinen ompelu t-paitoja, mekkoja, k\u00e4silaukut, jne....","robots":{"index":"index","follow":"follow","max-snippet":"max-snippet:-1","max-image-preview":"max-image-preview:large","max-video-preview":"max-video-preview:-1"},"canonical":"https:\/\/kangasemu.ee\/toode\/leopardi-muster-trikotaaz-digital-print\/","og_locale":"fi_FI","og_type":"article","og_title":"Kangasemu % Hullut kissat trikoinen digitaalinen painatus - %","og_description":"Hullut kissat jersey digitaalinen tulostus | Ohuempi jersey on ihanteellinen ompelu t-paitoja, mekkoja, k\u00e4silaukut, jne....","og_url":"https:\/\/kangasemu.ee\/toode\/leopardi-muster-trikotaaz-digital-print\/","og_site_name":"Kangasemu","article_publisher":"https:\/\/www.facebook.com\/kangasemueesti","article_modified_time":"2026-03-06T18:16:34+00:00","og_image":[{"width":720,"height":720,"url":"https:\/\/kangasemu.ee\/wp-content\/uploads\/2024\/12\/leopardi-muster.jpeg","type":"image\/jpeg"}],"twitter_card":"summary_large_image","twitter_misc":{"Arvioitu lukuaika":"2 minuuttia"},"schema":{"@context":"https:\/\/schema.org","@graph":[{"@type":"WebPage","@id":"https:\/\/kangasemu.ee\/toode\/leopardi-muster-trikotaaz-digital-print\/","url":"https:\/\/kangasemu.ee\/toode\/leopardi-muster-trikotaaz-digital-print\/","name":"Hullut kissat trikoinen digitaalinen painatus - Kangasemu","isPartOf":{"@id":"https:\/\/kangasemu.ee\/fi\/#website"},"primaryImageOfPage":{"@id":"https:\/\/kangasemu.ee\/toode\/leopardi-muster-trikotaaz-digital-print\/#primaryimage"},"image":{"@id":"https:\/\/kangasemu.ee\/toode\/leopardi-muster-trikotaaz-digital-print\/#primaryimage"},"thumbnailUrl":"https:\/\/kangasemu.ee\/wp-content\/uploads\/2024\/12\/leopardi-muster.jpeg","datePublished":"2024-12-03T18:17:16+00:00","dateModified":"2026-03-06T18:16:34+00:00","description":"Hullut kissat jersey digitaalinen tulostus | Ohuempi jersey on ihanteellinen ompelu t-paitoja, mekkoja, k\u00e4silaukut, jne....","breadcrumb":{"@id":"https:\/\/kangasemu.ee\/toode\/leopardi-muster-trikotaaz-digital-print\/#breadcrumb"},"inLanguage":"fi","potentialAction":[{"@type":"ReadAction","target":["https:\/\/kangasemu.ee\/toode\/leopardi-muster-trikotaaz-digital-print\/"]}]},{"@type":"ImageObject","inLanguage":"fi","@id":"https:\/\/kangasemu.ee\/toode\/leopardi-muster-trikotaaz-digital-print\/#primaryimage","url":"https:\/\/kangasemu.ee\/wp-content\/uploads\/2024\/12\/leopardi-muster.jpeg","contentUrl":"https:\/\/kangasemu.ee\/wp-content\/uploads\/2024\/12\/leopardi-muster.jpeg","width":720,"height":720,"caption":"kangas kangad trikotaaz jersey dressikangas, french terry, kangasemu, aasaline, uhutud, kankaat, softshell"},{"@type":"BreadcrumbList","@id":"https:\/\/kangasemu.ee\/toode\/leopardi-muster-trikotaaz-digital-print\/#breadcrumb","itemListElement":[{"@type":"ListItem","position":1,"name":"Home","item":"https:\/\/kangasemu.ee\/fi\/"},{"@type":"ListItem","position":2,"name":"Myym\u00e4l\u00e4","item":"https:\/\/kangasemu.ee\/fi\/shop\/"},{"@type":"ListItem","position":3,"name":"Hullut kissat trikoinen digitaalinen painatus"}]},{"@type":"WebSite","@id":"https:\/\/kangasemu.ee\/fi\/#website","url":"https:\/\/kangasemu.ee\/fi\/","name":"Kangasemu","description":"Rozalen O\u00dc","publisher":{"@id":"https:\/\/kangasemu.ee\/fi\/#organization"},"potentialAction":[{"@type":"SearchAction","target":{"@type":"EntryPoint","urlTemplate":"https:\/\/kangasemu.ee\/fi\/?s={search_term_string}"},"query-input":{"@type":"PropertyValueSpecification","valueRequired":true,"valueName":"search_term_string"}}],"inLanguage":"fi"},{"@type":"Organization","@id":"https:\/\/kangasemu.ee\/fi\/#organization","name":"Rozalen O\u00fc","url":"https:\/\/kangasemu.ee\/fi\/","logo":{"@type":"ImageObject","inLanguage":"fi","@id":"https:\/\/kangasemu.ee\/fi\/#\/schema\/logo\/image\/","url":"https:\/\/kangasemu.ee\/wp-content\/uploads\/2020\/11\/logodark-2.png","contentUrl":"https:\/\/kangasemu.ee\/wp-content\/uploads\/2020\/11\/logodark-2.png","width":850,"height":384,"caption":"Rozalen O\u00fc"},"image":{"@id":"https:\/\/kangasemu.ee\/fi\/#\/schema\/logo\/image\/"},"sameAs":["https:\/\/www.facebook.com\/kangasemueesti","https:\/\/www.instagram.com\/kangasemu\/"]}]}},"_links":{"self":[{"href":"https:\/\/kangasemu.ee\/fi\/wp-json\/wp\/v2\/product\/40058","targetHints":{"allow":["GET"]}}],"collection":[{"href":"https:\/\/kangasemu.ee\/fi\/wp-json\/wp\/v2\/product"}],"about":[{"href":"https:\/\/kangasemu.ee\/fi\/wp-json\/wp\/v2\/types\/product"}],"replies":[{"embeddable":true,"href":"https:\/\/kangasemu.ee\/fi\/wp-json\/wp\/v2\/comments?post=40058"}],"version-history":[{"count":1,"href":"https:\/\/kangasemu.ee\/fi\/wp-json\/wp\/v2\/product\/40058\/revisions"}],"predecessor-version":[{"id":40177,"href":"https:\/\/kangasemu.ee\/fi\/wp-json\/wp\/v2\/product\/40058\/revisions\/40177"}],"wp:featuredmedia":[{"embeddable":true,"href":"https:\/\/kangasemu.ee\/fi\/wp-json\/wp\/v2\/media\/40030"}],"wp:attachment":[{"href":"https:\/\/kangasemu.ee\/fi\/wp-json\/wp\/v2\/media?parent=40058"}],"wp:term":[{"taxonomy":"product_brand","embeddable":true,"href":"https:\/\/kangasemu.ee\/fi\/wp-json\/wp\/v2\/product_brand?post=40058"},{"taxonomy":"product_cat","embeddable":true,"href":"https:\/\/kangasemu.ee\/fi\/wp-json\/wp\/v2\/product_cat?post=40058"},{"taxonomy":"product_tag","embeddable":true,"href":"https:\/\/kangasemu.ee\/fi\/wp-json\/wp\/v2\/product_tag?post=40058"}],"curies":[{"name":"wp","href":"https:\/\/api.w.org\/{rel}","templated":true}]}}