{"id":40689,"date":"2025-02-03T15:33:26","date_gmt":"2025-02-03T13:33:26","guid":{"rendered":"https:\/\/kangasemu.ee\/?post_type=product&#038;p=40689"},"modified":"2025-06-18T11:44:22","modified_gmt":"2025-06-18T09:44:22","slug":"overloki-niit-khaki-5000m","status":"publish","type":"product","link":"https:\/\/kangasemu.ee\/fi\/toode\/overloki-niit-khaki-5000m\/","title":{"rendered":"Overloki niit khaki 5000m"},"content":{"rendered":"<p>Palume p\u00f6\u00f6rata t\u00e4helepanu sellele, et fototehniliselt ning ekraanide erinevuse t\u00f5ttu v\u00f5ib kanga v\u00e4rv ja mustri m\u00f5\u00f5dustik erineda tegelikkusest ! Sama kehtib ka \u00fchesuguse mustriga trikotaazi ja dressikanga puhul, kuna m\u00f5ned kangad tulevad erinevatest tehastest. Palun vajadusel k\u00fcsida lisainformatsiooni. Tumedate kangaste puhul v\u00f5ivad esineda pahemapoolsetes \u00e4\u00e4rtes kohati m\u00f5ned kanga v\u00e4rvimisel tekkinud tindilekked, kuid need ei m\u00f5juta prindi kvaliteeti.<br \/>\nPalun j\u00e4lgi kanga pesemisel teatuid juhiseid:<br \/>\n*Kangaid tuleb pesta 30 kraadiga nagu on tootja poolt ette n\u00e4htud.<br \/>\n*Pesta valmisriideid pahempidi p\u00f6\u00f6ratult.<br \/>\n*Trummelkuivatus ja valgendamine pole lubatud.<br \/>\n*Tumedate ja heledate kangaste omavahelisel kokku\u00f5mblemisel v\u00f5ib tumedam kangas ( nt. soonik) pesus heledale kangale v\u00e4rvi anda. (Soovitame kasutada v\u00e4rvip\u00fc\u00fcdjaid)<br \/>\n*Triikida tooteid keskmise kuumusega (130-150 kraadi).<br \/>\n*Toetudes enda kogemusele, s\u00e4ilib kanga v\u00e4rvi eluiga paremini, kui kasutada pesemiseks pesugeeli, mitte pulbrit ning pesta tumedaid tumeda pesuga ning heledaid heledatega<\/p>\n<p>&nbsp;<\/p>\n","protected":false},"excerpt":{"rendered":"<p>100% pol\u00fcester<\/p>\n","protected":false},"featured_media":40699,"comment_status":"open","ping_status":"closed","template":"","meta":{"_lmt_disableupdate":"no","_lmt_disable":""},"product_brand":[],"product_cat":[294,1302],"product_tag":[1303,1280,478,477,297],"class_list":{"0":"post-40689","1":"product","2":"type-product","3":"status-publish","4":"has-post-thumbnail","6":"product_cat-omblustarvikud","7":"product_cat-overloki-niidid","8":"product_tag-5000m","9":"product_tag-khaki","10":"product_tag-niidid","11":"product_tag-niit","12":"product_tag-overloki-niit","13":"pa_koostis-100-pl","14":"pa_varv-khaki","16":"first","17":"instock","18":"taxable","19":"shipping-taxable","20":"purchasable","21":"product-type-simple"},"yoast_head":"<!-- This site is optimized with the Yoast SEO plugin v27.2 - https:\/\/yoast.com\/product\/yoast-seo-wordpress\/ -->\n<title>Overloki niit khaki 5000m - Kangasemu<\/title>\n<meta name=\"description\" content=\"Overloki niit khaki 5000m\" \/>\n<meta name=\"robots\" content=\"index, follow, max-snippet:-1, max-image-preview:large, max-video-preview:-1\" \/>\n<link rel=\"canonical\" href=\"https:\/\/kangasemu.ee\/toode\/overloki-niit-khaki-5000m\/\" \/>\n<meta property=\"og:locale\" content=\"fi_FI\" \/>\n<meta property=\"og:type\" content=\"article\" \/>\n<meta property=\"og:title\" content=\"Overloki niit khaki 5000m - Kangasemu\" \/>\n<meta property=\"og:description\" content=\"Overloki niit khaki 5000m\" \/>\n<meta property=\"og:url\" content=\"https:\/\/kangasemu.ee\/toode\/overloki-niit-khaki-5000m\/\" \/>\n<meta property=\"og:site_name\" content=\"Kangasemu\" \/>\n<meta property=\"article:publisher\" content=\"https:\/\/www.facebook.com\/kangasemueesti\" \/>\n<meta property=\"article:modified_time\" content=\"2025-06-18T09:44:22+00:00\" \/>\n<meta property=\"og:image\" content=\"https:\/\/kangasemu.ee\/wp-content\/uploads\/2025\/02\/Khaki.png\" \/>\n\t<meta property=\"og:image:width\" content=\"720\" \/>\n\t<meta property=\"og:image:height\" content=\"720\" \/>\n\t<meta property=\"og:image:type\" content=\"image\/png\" \/>\n<meta name=\"twitter:card\" content=\"summary_large_image\" \/>\n<meta name=\"twitter:label1\" content=\"Arvioitu lukuaika\" \/>\n\t<meta name=\"twitter:data1\" content=\"1 minuutti\" \/>\n<script type=\"application\/ld+json\" class=\"yoast-schema-graph\">{\"@context\":\"https:\/\/schema.org\",\"@graph\":[{\"@type\":\"WebPage\",\"@id\":\"https:\/\/kangasemu.ee\/toode\/overloki-niit-khaki-5000m\/\",\"url\":\"https:\/\/kangasemu.ee\/toode\/overloki-niit-khaki-5000m\/\",\"name\":\"Overloki niit khaki 5000m - Kangasemu\",\"isPartOf\":{\"@id\":\"https:\/\/kangasemu.ee\/fi\/#website\"},\"primaryImageOfPage\":{\"@id\":\"https:\/\/kangasemu.ee\/toode\/overloki-niit-khaki-5000m\/#primaryimage\"},\"image\":{\"@id\":\"https:\/\/kangasemu.ee\/toode\/overloki-niit-khaki-5000m\/#primaryimage\"},\"thumbnailUrl\":\"https:\/\/kangasemu.ee\/wp-content\/uploads\/2025\/02\/Khaki.png\",\"datePublished\":\"2025-02-03T13:33:26+00:00\",\"dateModified\":\"2025-06-18T09:44:22+00:00\",\"description\":\"Overloki niit khaki 5000m\",\"breadcrumb\":{\"@id\":\"https:\/\/kangasemu.ee\/toode\/overloki-niit-khaki-5000m\/#breadcrumb\"},\"inLanguage\":\"fi\",\"potentialAction\":[{\"@type\":\"ReadAction\",\"target\":[\"https:\/\/kangasemu.ee\/toode\/overloki-niit-khaki-5000m\/\"]}]},{\"@type\":\"ImageObject\",\"inLanguage\":\"fi\",\"@id\":\"https:\/\/kangasemu.ee\/toode\/overloki-niit-khaki-5000m\/#primaryimage\",\"url\":\"https:\/\/kangasemu.ee\/wp-content\/uploads\/2025\/02\/Khaki.png\",\"contentUrl\":\"https:\/\/kangasemu.ee\/wp-content\/uploads\/2025\/02\/Khaki.png\",\"width\":720,\"height\":720,\"caption\":\"\u00d5mblustarvikud, overlokiniit, kangas kangad trikotaaz jersey dressikangas, french terry, kangasemu, aasaline, uhutud, kankaat, softshell\"},{\"@type\":\"BreadcrumbList\",\"@id\":\"https:\/\/kangasemu.ee\/toode\/overloki-niit-khaki-5000m\/#breadcrumb\",\"itemListElement\":[{\"@type\":\"ListItem\",\"position\":1,\"name\":\"Home\",\"item\":\"https:\/\/kangasemu.ee\/fi\/\"},{\"@type\":\"ListItem\",\"position\":2,\"name\":\"Myym\u00e4l\u00e4\",\"item\":\"https:\/\/kangasemu.ee\/fi\/shop\/\"},{\"@type\":\"ListItem\",\"position\":3,\"name\":\"Overloki niit khaki 5000m\"}]},{\"@type\":\"WebSite\",\"@id\":\"https:\/\/kangasemu.ee\/fi\/#website\",\"url\":\"https:\/\/kangasemu.ee\/fi\/\",\"name\":\"Kangasemu\",\"description\":\"Rozalen O\u00dc\",\"publisher\":{\"@id\":\"https:\/\/kangasemu.ee\/fi\/#organization\"},\"potentialAction\":[{\"@type\":\"SearchAction\",\"target\":{\"@type\":\"EntryPoint\",\"urlTemplate\":\"https:\/\/kangasemu.ee\/fi\/?s={search_term_string}\"},\"query-input\":{\"@type\":\"PropertyValueSpecification\",\"valueRequired\":true,\"valueName\":\"search_term_string\"}}],\"inLanguage\":\"fi\"},{\"@type\":\"Organization\",\"@id\":\"https:\/\/kangasemu.ee\/fi\/#organization\",\"name\":\"Rozalen O\u00fc\",\"url\":\"https:\/\/kangasemu.ee\/fi\/\",\"logo\":{\"@type\":\"ImageObject\",\"inLanguage\":\"fi\",\"@id\":\"https:\/\/kangasemu.ee\/fi\/#\/schema\/logo\/image\/\",\"url\":\"https:\/\/kangasemu.ee\/wp-content\/uploads\/2020\/11\/logodark-2.png\",\"contentUrl\":\"https:\/\/kangasemu.ee\/wp-content\/uploads\/2020\/11\/logodark-2.png\",\"width\":850,\"height\":384,\"caption\":\"Rozalen O\u00fc\"},\"image\":{\"@id\":\"https:\/\/kangasemu.ee\/fi\/#\/schema\/logo\/image\/\"},\"sameAs\":[\"https:\/\/www.facebook.com\/kangasemueesti\",\"https:\/\/www.instagram.com\/kangasemu\/\"]}]}<\/script>\n<!-- \/ Yoast SEO plugin. -->","yoast_head_json":{"title":"Overloki niit khaki 5000m - Kangasemu","description":"Overloki niit khaki 5000m","robots":{"index":"index","follow":"follow","max-snippet":"max-snippet:-1","max-image-preview":"max-image-preview:large","max-video-preview":"max-video-preview:-1"},"canonical":"https:\/\/kangasemu.ee\/toode\/overloki-niit-khaki-5000m\/","og_locale":"fi_FI","og_type":"article","og_title":"Overloki niit khaki 5000m - Kangasemu","og_description":"Overloki niit khaki 5000m","og_url":"https:\/\/kangasemu.ee\/toode\/overloki-niit-khaki-5000m\/","og_site_name":"Kangasemu","article_publisher":"https:\/\/www.facebook.com\/kangasemueesti","article_modified_time":"2025-06-18T09:44:22+00:00","og_image":[{"width":720,"height":720,"url":"https:\/\/kangasemu.ee\/wp-content\/uploads\/2025\/02\/Khaki.png","type":"image\/png"}],"twitter_card":"summary_large_image","twitter_misc":{"Arvioitu lukuaika":"1 minuutti"},"schema":{"@context":"https:\/\/schema.org","@graph":[{"@type":"WebPage","@id":"https:\/\/kangasemu.ee\/toode\/overloki-niit-khaki-5000m\/","url":"https:\/\/kangasemu.ee\/toode\/overloki-niit-khaki-5000m\/","name":"Overloki niit khaki 5000m - Kangasemu","isPartOf":{"@id":"https:\/\/kangasemu.ee\/fi\/#website"},"primaryImageOfPage":{"@id":"https:\/\/kangasemu.ee\/toode\/overloki-niit-khaki-5000m\/#primaryimage"},"image":{"@id":"https:\/\/kangasemu.ee\/toode\/overloki-niit-khaki-5000m\/#primaryimage"},"thumbnailUrl":"https:\/\/kangasemu.ee\/wp-content\/uploads\/2025\/02\/Khaki.png","datePublished":"2025-02-03T13:33:26+00:00","dateModified":"2025-06-18T09:44:22+00:00","description":"Overloki niit khaki 5000m","breadcrumb":{"@id":"https:\/\/kangasemu.ee\/toode\/overloki-niit-khaki-5000m\/#breadcrumb"},"inLanguage":"fi","potentialAction":[{"@type":"ReadAction","target":["https:\/\/kangasemu.ee\/toode\/overloki-niit-khaki-5000m\/"]}]},{"@type":"ImageObject","inLanguage":"fi","@id":"https:\/\/kangasemu.ee\/toode\/overloki-niit-khaki-5000m\/#primaryimage","url":"https:\/\/kangasemu.ee\/wp-content\/uploads\/2025\/02\/Khaki.png","contentUrl":"https:\/\/kangasemu.ee\/wp-content\/uploads\/2025\/02\/Khaki.png","width":720,"height":720,"caption":"\u00d5mblustarvikud, overlokiniit, kangas kangad trikotaaz jersey dressikangas, french terry, kangasemu, aasaline, uhutud, kankaat, softshell"},{"@type":"BreadcrumbList","@id":"https:\/\/kangasemu.ee\/toode\/overloki-niit-khaki-5000m\/#breadcrumb","itemListElement":[{"@type":"ListItem","position":1,"name":"Home","item":"https:\/\/kangasemu.ee\/fi\/"},{"@type":"ListItem","position":2,"name":"Myym\u00e4l\u00e4","item":"https:\/\/kangasemu.ee\/fi\/shop\/"},{"@type":"ListItem","position":3,"name":"Overloki niit khaki 5000m"}]},{"@type":"WebSite","@id":"https:\/\/kangasemu.ee\/fi\/#website","url":"https:\/\/kangasemu.ee\/fi\/","name":"Kangasemu","description":"Rozalen O\u00dc","publisher":{"@id":"https:\/\/kangasemu.ee\/fi\/#organization"},"potentialAction":[{"@type":"SearchAction","target":{"@type":"EntryPoint","urlTemplate":"https:\/\/kangasemu.ee\/fi\/?s={search_term_string}"},"query-input":{"@type":"PropertyValueSpecification","valueRequired":true,"valueName":"search_term_string"}}],"inLanguage":"fi"},{"@type":"Organization","@id":"https:\/\/kangasemu.ee\/fi\/#organization","name":"Rozalen O\u00fc","url":"https:\/\/kangasemu.ee\/fi\/","logo":{"@type":"ImageObject","inLanguage":"fi","@id":"https:\/\/kangasemu.ee\/fi\/#\/schema\/logo\/image\/","url":"https:\/\/kangasemu.ee\/wp-content\/uploads\/2020\/11\/logodark-2.png","contentUrl":"https:\/\/kangasemu.ee\/wp-content\/uploads\/2020\/11\/logodark-2.png","width":850,"height":384,"caption":"Rozalen O\u00fc"},"image":{"@id":"https:\/\/kangasemu.ee\/fi\/#\/schema\/logo\/image\/"},"sameAs":["https:\/\/www.facebook.com\/kangasemueesti","https:\/\/www.instagram.com\/kangasemu\/"]}]}},"_links":{"self":[{"href":"https:\/\/kangasemu.ee\/fi\/wp-json\/wp\/v2\/product\/40689","targetHints":{"allow":["GET"]}}],"collection":[{"href":"https:\/\/kangasemu.ee\/fi\/wp-json\/wp\/v2\/product"}],"about":[{"href":"https:\/\/kangasemu.ee\/fi\/wp-json\/wp\/v2\/types\/product"}],"replies":[{"embeddable":true,"href":"https:\/\/kangasemu.ee\/fi\/wp-json\/wp\/v2\/comments?post=40689"}],"version-history":[{"count":1,"href":"https:\/\/kangasemu.ee\/fi\/wp-json\/wp\/v2\/product\/40689\/revisions"}],"predecessor-version":[{"id":40724,"href":"https:\/\/kangasemu.ee\/fi\/wp-json\/wp\/v2\/product\/40689\/revisions\/40724"}],"wp:featuredmedia":[{"embeddable":true,"href":"https:\/\/kangasemu.ee\/fi\/wp-json\/wp\/v2\/media\/40699"}],"wp:attachment":[{"href":"https:\/\/kangasemu.ee\/fi\/wp-json\/wp\/v2\/media?parent=40689"}],"wp:term":[{"taxonomy":"product_brand","embeddable":true,"href":"https:\/\/kangasemu.ee\/fi\/wp-json\/wp\/v2\/product_brand?post=40689"},{"taxonomy":"product_cat","embeddable":true,"href":"https:\/\/kangasemu.ee\/fi\/wp-json\/wp\/v2\/product_cat?post=40689"},{"taxonomy":"product_tag","embeddable":true,"href":"https:\/\/kangasemu.ee\/fi\/wp-json\/wp\/v2\/product_tag?post=40689"}],"curies":[{"name":"wp","href":"https:\/\/api.w.org\/{rel}","templated":true}]}}