{"id":43248,"date":"2025-07-06T16:37:50","date_gmt":"2025-07-06T14:37:50","guid":{"rendered":"https:\/\/kangasemu.ee\/toode\/kolminkertainen-musliini-beige\/"},"modified":"2025-07-06T16:48:51","modified_gmt":"2025-07-06T14:48:51","slug":"kolminkertainen-musliini-beige","status":"publish","type":"product","link":"https:\/\/kangasemu.ee\/fi\/toode\/kolminkertainen-musliini-beige\/","title":{"rendered":"Kolminkertainen musliini beige"},"content":{"rendered":"<p>Huomioithan, ett\u00e4 valokuvaustekniikasta ja n\u00e4yt\u00f6n eroista johtuen kankaan v\u00e4ri ja kuvion mitat voivat poiketa todellisuudesta ! Sama p\u00e4tee my\u00f6s samankaltaisiin neuleisiin ja collegepaitoihin, sill\u00e4 jotkin kankaat ovat per\u00e4isin eri tehtailta. Kysy tarvittaessa lis\u00e4tietoja. <\/p>\n<p>Tummemmissa kankaissa voi olla reunoissa v\u00e4rj\u00e4yksest\u00e4 johtuvia mustetahroja, mutta ne eiv\u00e4t vaikuta painatuksen laatuun. Noudata seuraavia ohjeita kankaan pesussa: *Kankaat tulee pest\u00e4 30 asteessa valmistajan ohjeiden mukaan.<\/p>\n<p>*Valmiit kankaat pest\u00e4\u00e4n nurinp\u00e4in. *Kuivaus ja valkaisu ovat kiellettyj\u00e4. *Kun tummia ja vaaleita kankaita ommellaan yhteen, tummempi kangas (esim. kylkikangas) saattaa v\u00e4rj\u00e4t\u00e4 vaaleaa kangasta pesussa. <\/p>\n<p>(Suosittelemme v\u00e4riaineluukkujen k\u00e4ytt\u00f6\u00e4) *Silitys tuotteet keskil\u00e4mm\u00f6ll\u00e4 (130-150 astetta) *Kokemuksemme perusteella kankaiden v\u00e4rin s\u00e4ilyvyys s\u00e4ilyy paremmin, jos k\u00e4yt\u00e4t pesuainetta jauheen sijaan ja pese tummat v\u00e4rit tummalla pesulla ja vaaleat v\u00e4rit vaalealla pesulla.<\/p>\n<p><strong><a href=\"https:\/\/kangasemu.ee\/wp-content\/uploads\/2020\/11\/pilt.jpg\" data-rel=\"penci-gallery-image-content\"  data-rel=\"penci-gallery-image-content\"><img decoding=\"async\" class=\"alignnone size-full wp-image-7826\" src=\"https:\/\/kangasemu.ee\/wp-content\/uploads\/2020\/11\/pilt.jpg\" alt=\"\" width=\"178\" height=\"56\"><\/a><\/strong><br \/>\n<a href=\"https:\/\/kangasemu.ee\/wp-content\/uploads\/2020\/11\/Oko-Tex100.jpg\" data-rel=\"penci-gallery-image-content\"  data-rel=\"penci-gallery-image-content\"><img fetchpriority=\"high\" decoding=\"async\" class=\"alignnone size-medium wp-image-8167\" src=\"https:\/\/kangasemu.ee\/wp-content\/uploads\/2020\/11\/Oko-Tex100-330x330.jpg\" sizes=\"(max-width: 330px) 100vw, 330px\" srcset=\"https:\/\/kangasemu.ee\/wp-content\/uploads\/2020\/11\/Oko-Tex100-330x330.jpg 330w, https:\/\/kangasemu.ee\/wp-content\/uploads\/2020\/11\/Oko-Tex100-465x465.jpg 465w, https:\/\/kangasemu.ee\/wp-content\/uploads\/2020\/11\/Oko-Tex100-100x100.jpg 100w, https:\/\/kangasemu.ee\/wp-content\/uploads\/2020\/11\/Oko-Tex100-600x600.jpg 600w, https:\/\/kangasemu.ee\/wp-content\/uploads\/2020\/11\/Oko-Tex100-440x440.jpg 440w, https:\/\/kangasemu.ee\/wp-content\/uploads\/2020\/11\/Oko-Tex100-768x768.jpg 768w, https:\/\/kangasemu.ee\/wp-content\/uploads\/2020\/11\/Oko-Tex100.jpg 1200w\" alt=\"\" width=\"330\" height=\"330\"><\/a><\/p>\n","protected":false},"excerpt":{"rendered":"<p>Kolminkertainen musliini, joka tunnetaan my\u00f6s nimell\u00e4 puuvillakreppi, on kolmikerroksinen kangas. Kerrokset ovat hienosti yhteydess\u00e4 toisiinsa. Musliini on ihoyst\u00e4v\u00e4llinen ja hengitt\u00e4v\u00e4 kangas, joka on valmistettu luonnonkuiduista (100 % puuvillaa) &#8211; se pit\u00e4\u00e4 sinut l\u00e4mpim\u00e4n\u00e4 ilman, ett\u00e4 hikoilet!<\/p>\n<p>Musliinista voidaan valmistaa kevyit\u00e4 huiveja, pyyhkeit\u00e4, ilmavia p\u00e4\u00e4llysvaatteita ja tietenkin vauvan ja pikkulapsen vaatteita. Puuvillakreppi\u00e4 voidaan k\u00e4ytt\u00e4\u00e4 trendikk\u00e4iden kodintekstiilien &#8211; lautasliinojen, liinavaatteiden, pyyhkeiden jne. &#8211; valmistukseen.<\/p>\n<p>Musliini kutistuu 10-15 %, muista esipest\u00e4 kangas ennen ompelua, jotta lopputuotteen halutut mitat voidaan varmistaa.<br \/>\nHuppu &#8211; konepesu alhaisissa l\u00e4mp\u00f6tiloissa, hell\u00e4varainen linkous, matalal\u00e4mp\u00f6inen silitys.<\/p>\n<p>130 cm, 185gsm<\/p>\n<p>100% puuvillaa<\/p>\n<p>&nbsp;<\/p>\n","protected":false},"featured_media":43245,"comment_status":"open","ping_status":"closed","template":"","meta":{"_lmt_disableupdate":"","_lmt_disable":""},"product_brand":[],"product_cat":[2378],"product_tag":[799,2380,907,2144,2382,1893,1894,2381],"class_list":{"0":"post-43248","1":"product","2":"type-product","3":"status-publish","4":"has-post-thumbnail","6":"product_cat-musliini","7":"product_tag-beige","8":"product_tag-harso","9":"product_tag-kangas-fi","10":"product_tag-kankaat-fi","11":"product_tag-kolminkertainen-musliini","12":"product_tag-musliini","13":"product_tag-puuvilla","14":"product_tag-puuvillakreppi","15":"pa_kanga-laius-130-fi","16":"pa_kanga-tihedus-185gsm-fi","17":"pa_kangatuup-musliini","18":"pa_varv-beige","20":"first","21":"instock","22":"sale","23":"taxable","24":"shipping-taxable","25":"purchasable","26":"product-type-simple"},"yoast_head":"<!-- This site is optimized with the Yoast SEO plugin v27.2 - https:\/\/yoast.com\/product\/yoast-seo-wordpress\/ -->\n<title>Kolminkertainen musliini beige - Kangasemu<\/title>\n<meta name=\"description\" content=\"Kolminkertainen musliini | tai puuvillakreppi on kolmikerroksinen kangas. Kerrokset ovat hienosti yhteydess\u00e4 toisiinsa. Musliini on luonnonkuitua (100 % puuvillaa)....\" \/>\n<meta name=\"robots\" content=\"index, follow, max-snippet:-1, max-image-preview:large, max-video-preview:-1\" \/>\n<link rel=\"canonical\" href=\"https:\/\/kangasemu.ee\/fi\/toode\/kolminkertainen-musliini-beige\/\" \/>\n<meta property=\"og:locale\" content=\"fi_FI\" \/>\n<meta property=\"og:type\" content=\"article\" \/>\n<meta property=\"og:title\" content=\"Kolminkertainen musliini beige - Kangasemu\" \/>\n<meta property=\"og:description\" content=\"Kolminkertainen musliini | tai puuvillakreppi on kolmikerroksinen kangas. Kerrokset ovat hienosti yhteydess\u00e4 toisiinsa. Musliini on luonnonkuitua (100 % puuvillaa)....\" \/>\n<meta property=\"og:url\" content=\"https:\/\/kangasemu.ee\/fi\/toode\/kolminkertainen-musliini-beige\/\" \/>\n<meta property=\"og:site_name\" content=\"Kangasemu\" \/>\n<meta property=\"article:publisher\" content=\"https:\/\/www.facebook.com\/kangasemueesti\" \/>\n<meta property=\"article:modified_time\" content=\"2025-07-06T14:48:51+00:00\" \/>\n<meta property=\"og:image\" content=\"https:\/\/kangasemu.ee\/wp-content\/uploads\/2025\/07\/516024282_24401608039436479_7237111879391099140_n.jpg\" \/>\n\t<meta property=\"og:image:width\" content=\"720\" \/>\n\t<meta property=\"og:image:height\" content=\"720\" \/>\n\t<meta property=\"og:image:type\" content=\"image\/jpeg\" \/>\n<meta name=\"twitter:card\" content=\"summary_large_image\" \/>\n<meta name=\"twitter:label1\" content=\"Arvioitu lukuaika\" \/>\n\t<meta name=\"twitter:data1\" content=\"1 minuutti\" \/>\n<script type=\"application\/ld+json\" class=\"yoast-schema-graph\">{\"@context\":\"https:\/\/schema.org\",\"@graph\":[{\"@type\":\"WebPage\",\"@id\":\"https:\/\/kangasemu.ee\/fi\/toode\/kolminkertainen-musliini-beige\/\",\"url\":\"https:\/\/kangasemu.ee\/fi\/toode\/kolminkertainen-musliini-beige\/\",\"name\":\"Kolminkertainen musliini beige - Kangasemu\",\"isPartOf\":{\"@id\":\"https:\/\/kangasemu.ee\/fi\/#website\"},\"primaryImageOfPage\":{\"@id\":\"https:\/\/kangasemu.ee\/fi\/toode\/kolminkertainen-musliini-beige\/#primaryimage\"},\"image\":{\"@id\":\"https:\/\/kangasemu.ee\/fi\/toode\/kolminkertainen-musliini-beige\/#primaryimage\"},\"thumbnailUrl\":\"https:\/\/kangasemu.ee\/wp-content\/uploads\/2025\/07\/516024282_24401608039436479_7237111879391099140_n.jpg\",\"datePublished\":\"2025-07-06T14:37:50+00:00\",\"dateModified\":\"2025-07-06T14:48:51+00:00\",\"description\":\"Kolminkertainen musliini | tai puuvillakreppi on kolmikerroksinen kangas. Kerrokset ovat hienosti yhteydess\u00e4 toisiinsa. Musliini on luonnonkuitua (100 % puuvillaa)....\",\"breadcrumb\":{\"@id\":\"https:\/\/kangasemu.ee\/fi\/toode\/kolminkertainen-musliini-beige\/#breadcrumb\"},\"inLanguage\":\"fi\",\"potentialAction\":[{\"@type\":\"ReadAction\",\"target\":[\"https:\/\/kangasemu.ee\/fi\/toode\/kolminkertainen-musliini-beige\/\"]}]},{\"@type\":\"ImageObject\",\"inLanguage\":\"fi\",\"@id\":\"https:\/\/kangasemu.ee\/fi\/toode\/kolminkertainen-musliini-beige\/#primaryimage\",\"url\":\"https:\/\/kangasemu.ee\/wp-content\/uploads\/2025\/07\/516024282_24401608039436479_7237111879391099140_n.jpg\",\"contentUrl\":\"https:\/\/kangasemu.ee\/wp-content\/uploads\/2025\/07\/516024282_24401608039436479_7237111879391099140_n.jpg\",\"width\":720,\"height\":720},{\"@type\":\"BreadcrumbList\",\"@id\":\"https:\/\/kangasemu.ee\/fi\/toode\/kolminkertainen-musliini-beige\/#breadcrumb\",\"itemListElement\":[{\"@type\":\"ListItem\",\"position\":1,\"name\":\"Home\",\"item\":\"https:\/\/kangasemu.ee\/fi\/\"},{\"@type\":\"ListItem\",\"position\":2,\"name\":\"Myym\u00e4l\u00e4\",\"item\":\"https:\/\/kangasemu.ee\/fi\/shop\/\"},{\"@type\":\"ListItem\",\"position\":3,\"name\":\"Kolminkertainen musliini beige\"}]},{\"@type\":\"WebSite\",\"@id\":\"https:\/\/kangasemu.ee\/fi\/#website\",\"url\":\"https:\/\/kangasemu.ee\/fi\/\",\"name\":\"Kangasemu\",\"description\":\"Rozalen O\u00dc\",\"publisher\":{\"@id\":\"https:\/\/kangasemu.ee\/fi\/#organization\"},\"potentialAction\":[{\"@type\":\"SearchAction\",\"target\":{\"@type\":\"EntryPoint\",\"urlTemplate\":\"https:\/\/kangasemu.ee\/fi\/?s={search_term_string}\"},\"query-input\":{\"@type\":\"PropertyValueSpecification\",\"valueRequired\":true,\"valueName\":\"search_term_string\"}}],\"inLanguage\":\"fi\"},{\"@type\":\"Organization\",\"@id\":\"https:\/\/kangasemu.ee\/fi\/#organization\",\"name\":\"Rozalen O\u00fc\",\"url\":\"https:\/\/kangasemu.ee\/fi\/\",\"logo\":{\"@type\":\"ImageObject\",\"inLanguage\":\"fi\",\"@id\":\"https:\/\/kangasemu.ee\/fi\/#\/schema\/logo\/image\/\",\"url\":\"https:\/\/kangasemu.ee\/wp-content\/uploads\/2020\/11\/logodark-2.png\",\"contentUrl\":\"https:\/\/kangasemu.ee\/wp-content\/uploads\/2020\/11\/logodark-2.png\",\"width\":850,\"height\":384,\"caption\":\"Rozalen O\u00fc\"},\"image\":{\"@id\":\"https:\/\/kangasemu.ee\/fi\/#\/schema\/logo\/image\/\"},\"sameAs\":[\"https:\/\/www.facebook.com\/kangasemueesti\",\"https:\/\/www.instagram.com\/kangasemu\/\"]}]}<\/script>\n<!-- \/ Yoast SEO plugin. -->","yoast_head_json":{"title":"Kolminkertainen musliini beige - Kangasemu","description":"Kolminkertainen musliini | tai puuvillakreppi on kolmikerroksinen kangas. Kerrokset ovat hienosti yhteydess\u00e4 toisiinsa. Musliini on luonnonkuitua (100 % puuvillaa)....","robots":{"index":"index","follow":"follow","max-snippet":"max-snippet:-1","max-image-preview":"max-image-preview:large","max-video-preview":"max-video-preview:-1"},"canonical":"https:\/\/kangasemu.ee\/fi\/toode\/kolminkertainen-musliini-beige\/","og_locale":"fi_FI","og_type":"article","og_title":"Kolminkertainen musliini beige - Kangasemu","og_description":"Kolminkertainen musliini | tai puuvillakreppi on kolmikerroksinen kangas. Kerrokset ovat hienosti yhteydess\u00e4 toisiinsa. Musliini on luonnonkuitua (100 % puuvillaa)....","og_url":"https:\/\/kangasemu.ee\/fi\/toode\/kolminkertainen-musliini-beige\/","og_site_name":"Kangasemu","article_publisher":"https:\/\/www.facebook.com\/kangasemueesti","article_modified_time":"2025-07-06T14:48:51+00:00","og_image":[{"width":720,"height":720,"url":"https:\/\/kangasemu.ee\/wp-content\/uploads\/2025\/07\/516024282_24401608039436479_7237111879391099140_n.jpg","type":"image\/jpeg"}],"twitter_card":"summary_large_image","twitter_misc":{"Arvioitu lukuaika":"1 minuutti"},"schema":{"@context":"https:\/\/schema.org","@graph":[{"@type":"WebPage","@id":"https:\/\/kangasemu.ee\/fi\/toode\/kolminkertainen-musliini-beige\/","url":"https:\/\/kangasemu.ee\/fi\/toode\/kolminkertainen-musliini-beige\/","name":"Kolminkertainen musliini beige - Kangasemu","isPartOf":{"@id":"https:\/\/kangasemu.ee\/fi\/#website"},"primaryImageOfPage":{"@id":"https:\/\/kangasemu.ee\/fi\/toode\/kolminkertainen-musliini-beige\/#primaryimage"},"image":{"@id":"https:\/\/kangasemu.ee\/fi\/toode\/kolminkertainen-musliini-beige\/#primaryimage"},"thumbnailUrl":"https:\/\/kangasemu.ee\/wp-content\/uploads\/2025\/07\/516024282_24401608039436479_7237111879391099140_n.jpg","datePublished":"2025-07-06T14:37:50+00:00","dateModified":"2025-07-06T14:48:51+00:00","description":"Kolminkertainen musliini | tai puuvillakreppi on kolmikerroksinen kangas. Kerrokset ovat hienosti yhteydess\u00e4 toisiinsa. Musliini on luonnonkuitua (100 % puuvillaa)....","breadcrumb":{"@id":"https:\/\/kangasemu.ee\/fi\/toode\/kolminkertainen-musliini-beige\/#breadcrumb"},"inLanguage":"fi","potentialAction":[{"@type":"ReadAction","target":["https:\/\/kangasemu.ee\/fi\/toode\/kolminkertainen-musliini-beige\/"]}]},{"@type":"ImageObject","inLanguage":"fi","@id":"https:\/\/kangasemu.ee\/fi\/toode\/kolminkertainen-musliini-beige\/#primaryimage","url":"https:\/\/kangasemu.ee\/wp-content\/uploads\/2025\/07\/516024282_24401608039436479_7237111879391099140_n.jpg","contentUrl":"https:\/\/kangasemu.ee\/wp-content\/uploads\/2025\/07\/516024282_24401608039436479_7237111879391099140_n.jpg","width":720,"height":720},{"@type":"BreadcrumbList","@id":"https:\/\/kangasemu.ee\/fi\/toode\/kolminkertainen-musliini-beige\/#breadcrumb","itemListElement":[{"@type":"ListItem","position":1,"name":"Home","item":"https:\/\/kangasemu.ee\/fi\/"},{"@type":"ListItem","position":2,"name":"Myym\u00e4l\u00e4","item":"https:\/\/kangasemu.ee\/fi\/shop\/"},{"@type":"ListItem","position":3,"name":"Kolminkertainen musliini beige"}]},{"@type":"WebSite","@id":"https:\/\/kangasemu.ee\/fi\/#website","url":"https:\/\/kangasemu.ee\/fi\/","name":"Kangasemu","description":"Rozalen O\u00dc","publisher":{"@id":"https:\/\/kangasemu.ee\/fi\/#organization"},"potentialAction":[{"@type":"SearchAction","target":{"@type":"EntryPoint","urlTemplate":"https:\/\/kangasemu.ee\/fi\/?s={search_term_string}"},"query-input":{"@type":"PropertyValueSpecification","valueRequired":true,"valueName":"search_term_string"}}],"inLanguage":"fi"},{"@type":"Organization","@id":"https:\/\/kangasemu.ee\/fi\/#organization","name":"Rozalen O\u00fc","url":"https:\/\/kangasemu.ee\/fi\/","logo":{"@type":"ImageObject","inLanguage":"fi","@id":"https:\/\/kangasemu.ee\/fi\/#\/schema\/logo\/image\/","url":"https:\/\/kangasemu.ee\/wp-content\/uploads\/2020\/11\/logodark-2.png","contentUrl":"https:\/\/kangasemu.ee\/wp-content\/uploads\/2020\/11\/logodark-2.png","width":850,"height":384,"caption":"Rozalen O\u00fc"},"image":{"@id":"https:\/\/kangasemu.ee\/fi\/#\/schema\/logo\/image\/"},"sameAs":["https:\/\/www.facebook.com\/kangasemueesti","https:\/\/www.instagram.com\/kangasemu\/"]}]}},"_links":{"self":[{"href":"https:\/\/kangasemu.ee\/fi\/wp-json\/wp\/v2\/product\/43248","targetHints":{"allow":["GET"]}}],"collection":[{"href":"https:\/\/kangasemu.ee\/fi\/wp-json\/wp\/v2\/product"}],"about":[{"href":"https:\/\/kangasemu.ee\/fi\/wp-json\/wp\/v2\/types\/product"}],"replies":[{"embeddable":true,"href":"https:\/\/kangasemu.ee\/fi\/wp-json\/wp\/v2\/comments?post=43248"}],"version-history":[{"count":0,"href":"https:\/\/kangasemu.ee\/fi\/wp-json\/wp\/v2\/product\/43248\/revisions"}],"wp:featuredmedia":[{"embeddable":true,"href":"https:\/\/kangasemu.ee\/fi\/wp-json\/wp\/v2\/media\/43245"}],"wp:attachment":[{"href":"https:\/\/kangasemu.ee\/fi\/wp-json\/wp\/v2\/media?parent=43248"}],"wp:term":[{"taxonomy":"product_brand","embeddable":true,"href":"https:\/\/kangasemu.ee\/fi\/wp-json\/wp\/v2\/product_brand?post=43248"},{"taxonomy":"product_cat","embeddable":true,"href":"https:\/\/kangasemu.ee\/fi\/wp-json\/wp\/v2\/product_cat?post=43248"},{"taxonomy":"product_tag","embeddable":true,"href":"https:\/\/kangasemu.ee\/fi\/wp-json\/wp\/v2\/product_tag?post=43248"}],"curies":[{"name":"wp","href":"https:\/\/api.w.org\/{rel}","templated":true}]}}