{"id":43782,"date":"2024-11-18T18:59:30","date_gmt":"2024-11-18T16:59:30","guid":{"rendered":"https:\/\/kangasemu.ee\/toode\/digiprintti-joustocollege-kukkia-viininpunainen\/"},"modified":"2025-11-10T19:43:08","modified_gmt":"2025-11-10T17:43:08","slug":"digiprintti-joustocollege-kukkia-viininpunainen","status":"publish","type":"product","link":"https:\/\/kangasemu.ee\/fi\/toode\/digiprintti-joustocollege-kukkia-viininpunainen\/","title":{"rendered":"Digiprintti joustocollege kukkia viininpunainen"},"content":{"rendered":"<p style=\"text-align: left;\">Huomioithan, ett\u00e4 valokuvaustekniikasta ja n\u00e4yt\u00f6n eroista johtuen kankaan v\u00e4ri ja kuvion mitat voivat poiketa todellisuudesta ! Sama p\u00e4tee my\u00f6s samankaltaisiin neuleisiin ja collegepaitoihin, sill\u00e4 jotkin kankaat ovat per\u00e4isin eri tehtailta. Kysy tarvittaessa lis\u00e4tietoja. <\/p>\n<p>Tummemmissa kankaissa voi olla reunoissa v\u00e4rj\u00e4yksest\u00e4 johtuvia mustetahroja, mutta ne eiv\u00e4t vaikuta painatuksen laatuun. Noudata seuraavia ohjeita kankaan pesussa: *Kankaat tulee pest\u00e4 30 asteessa valmistajan ohjeiden mukaan.<\/p>\n<p>*Valmiit kankaat pest\u00e4\u00e4n nurinp\u00e4in. *Kuivaus ja valkaisu ovat kiellettyj\u00e4. *Kun tummia ja vaaleita kankaita ommellaan yhteen, tummempi kangas (esim. kylkikangas) saattaa v\u00e4rj\u00e4t\u00e4 vaaleaa kangasta pesussa. <\/p>\n<p>(Suosittelemme v\u00e4riaineluukkujen k\u00e4ytt\u00f6\u00e4) *Silitys tuotteet keskil\u00e4mm\u00f6ll\u00e4 (130-150 astetta) *Kokemuksemme perusteella kankaiden v\u00e4rin s\u00e4ilyvyys s\u00e4ilyy paremmin, jos k\u00e4yt\u00e4t pesuainetta jauheen sijaan ja pese tummat v\u00e4rit tummalla pesulla ja vaaleat v\u00e4rit vaalealla pesulla.<\/p>\n<p><span style=\"text-decoration: underline;\"><strong><a href=\"https:\/\/kangasemu.ee\/wp-content\/uploads\/2020\/11\/pilt.jpg\" data-rel=\"penci-gallery-image-content\" ><img decoding=\"async\" class=\"alignnone size-full wp-image-7826\" src=\"https:\/\/kangasemu.ee\/wp-content\/uploads\/2020\/11\/pilt.jpg\" alt=\"\" width=\"178\" height=\"56\"><\/a><\/strong><\/span><br \/>\n<a href=\"https:\/\/kangasemu.ee\/wp-content\/uploads\/2020\/11\/Oko-Tex100.jpg\" data-rel=\"penci-gallery-image-content\" ><img fetchpriority=\"high\" decoding=\"async\" class=\"alignnone size-medium wp-image-8167\" src=\"https:\/\/kangasemu.ee\/wp-content\/uploads\/2020\/11\/Oko-Tex100-330x330.jpg\" alt=\"\" width=\"330\" height=\"330\" srcset=\"https:\/\/kangasemu.ee\/wp-content\/uploads\/2020\/11\/Oko-Tex100-330x330.jpg 330w, https:\/\/kangasemu.ee\/wp-content\/uploads\/2020\/11\/Oko-Tex100-465x465.jpg 465w, https:\/\/kangasemu.ee\/wp-content\/uploads\/2020\/11\/Oko-Tex100-100x100.jpg 100w, https:\/\/kangasemu.ee\/wp-content\/uploads\/2020\/11\/Oko-Tex100-600x600.jpg 600w, https:\/\/kangasemu.ee\/wp-content\/uploads\/2020\/11\/Oko-Tex100-440x440.jpg 440w, https:\/\/kangasemu.ee\/wp-content\/uploads\/2020\/11\/Oko-Tex100-768x768.jpg 768w, https:\/\/kangasemu.ee\/wp-content\/uploads\/2020\/11\/Oko-Tex100.jpg 1200w\" sizes=\"(max-width: 330px) 100vw, 330px\" \/><\/a><\/p>\n<p>&nbsp;<\/p>\n<p>&nbsp;<\/p>\n","protected":false},"excerpt":{"rendered":"<p>Loop back French Terry on ihanteellinen urhelipuku ompeluun. Ohuemmasta sideharsosta voidaan tehd\u00e4 my\u00f6s eritt\u00e4in hienoja l\u00e4mpimi\u00e4 k\u00e4silaukkuja.<\/p>\n<p>240g\/m2, 180 cm<\/p>\n<p>95% puuvillaa, 5% elastaania<\/p>\n<p>\u00d6ko-Tex100<\/p>\n<p>Hinta on metrilt\u00e4. 0,1 m:n lis\u00e4ys 0,5 m:st\u00e4 0,1 m:iin.<\/p>\n","protected":false},"featured_media":39808,"comment_status":"open","ping_status":"closed","template":"","meta":{"_lmt_disableupdate":"","_lmt_disable":""},"product_brand":[],"product_cat":[453],"product_tag":[483,1001,490,488,907,2144,909,1032,540,708,535,808,514,738,861,2340],"class_list":{"0":"post-43782","1":"product","2":"type-product","3":"status-publish","4":"has-post-thumbnail","6":"product_cat-kuviollinen-joustocollege","7":"product_tag-french-fi","8":"product_tag-bordeaux","9":"product_tag-joustocollege-jc-fi","10":"product_tag-joustocollege-jc","11":"product_tag-kangas-fi","12":"product_tag-kankaat-fi","13":"product_tag-kankaat","14":"product_tag-kukkii","15":"product_tag-kuviollinen","16":"product_tag-musta","17":"product_tag-okotex100-fi","18":"product_tag-oranssi","19":"product_tag-terry-fi","20":"product_tag-valkoinen","21":"product_tag-varvilinen","22":"product_tag-viini-punainen","23":"pa_kanga-laius-180-fi","24":"pa_kanga-tihedus-240g-m2-fi","25":"pa_kangatuup-joustocollege","26":"pa_koostis-95-puuvilla-5-elastaani","27":"pa_varv-kultainen","28":"pa_varv-musta","29":"pa_varv-turkoosi","30":"pa_varv-viini-punainen","32":"first","33":"instock","34":"taxable","35":"shipping-taxable","36":"purchasable","37":"product-type-simple"},"yoast_head":"<!-- This site is optimized with the Yoast SEO plugin v27.4 - https:\/\/yoast.com\/product\/yoast-seo-wordpress\/ -->\n<title>Digiprintti joustocollege kukkia viininpunainen - Kangasemu<\/title>\n<meta name=\"description\" content=\"Joustocollege kukkia viininpunainen Digiprintti | Loop takaisin Ranskan Terry on ihanteellinen ompelu urhelipukuja. Ohuempi tiheys mekko kangas...\" \/>\n<meta name=\"robots\" content=\"index, follow, max-snippet:-1, max-image-preview:large, max-video-preview:-1\" \/>\n<link rel=\"canonical\" href=\"https:\/\/kangasemu.ee\/fi\/toode\/digiprintti-joustocollege-kukkia-viininpunainen\/\" \/>\n<meta property=\"og:locale\" content=\"fi_FI\" \/>\n<meta property=\"og:type\" content=\"article\" \/>\n<meta property=\"og:title\" content=\"Kangasemu% Digiprintti joustocollege kukkia viininpunainen -%\" \/>\n<meta property=\"og:description\" content=\"Joustocollege kukkia viininpunainen Digiprintti | Loop takaisin Ranskan Terry on ihanteellinen ompelu urhelipukuja. Ohuempi tiheys mekko kangas...\" \/>\n<meta property=\"og:url\" content=\"https:\/\/kangasemu.ee\/fi\/toode\/digiprintti-joustocollege-kukkia-viininpunainen\/\" \/>\n<meta property=\"og:site_name\" content=\"Kangasemu\" \/>\n<meta property=\"article:publisher\" content=\"https:\/\/www.facebook.com\/kangasemueesti\" \/>\n<meta property=\"article:modified_time\" content=\"2025-11-10T17:43:08+00:00\" \/>\n<meta property=\"og:image\" content=\"https:\/\/kangasemu.ee\/wp-content\/uploads\/2024\/11\/oied-veinipunasel-3.png\" \/>\n\t<meta property=\"og:image:width\" content=\"720\" \/>\n\t<meta property=\"og:image:height\" content=\"720\" \/>\n\t<meta property=\"og:image:type\" content=\"image\/png\" \/>\n<meta name=\"twitter:card\" content=\"summary_large_image\" \/>\n<meta name=\"twitter:label1\" content=\"Arvioitu lukuaika\" \/>\n\t<meta name=\"twitter:data1\" content=\"1 minuutti\" \/>\n<script type=\"application\/ld+json\" class=\"yoast-schema-graph\">{\"@context\":\"https:\\\/\\\/schema.org\",\"@graph\":[{\"@type\":\"WebPage\",\"@id\":\"https:\\\/\\\/kangasemu.ee\\\/fi\\\/toode\\\/digiprintti-joustocollege-kukkia-viininpunainen\\\/\",\"url\":\"https:\\\/\\\/kangasemu.ee\\\/fi\\\/toode\\\/digiprintti-joustocollege-kukkia-viininpunainen\\\/\",\"name\":\"Digiprintti joustocollege kukkia viininpunainen - Kangasemu\",\"isPartOf\":{\"@id\":\"https:\\\/\\\/kangasemu.ee\\\/fi\\\/#website\"},\"primaryImageOfPage\":{\"@id\":\"https:\\\/\\\/kangasemu.ee\\\/fi\\\/toode\\\/digiprintti-joustocollege-kukkia-viininpunainen\\\/#primaryimage\"},\"image\":{\"@id\":\"https:\\\/\\\/kangasemu.ee\\\/fi\\\/toode\\\/digiprintti-joustocollege-kukkia-viininpunainen\\\/#primaryimage\"},\"thumbnailUrl\":\"https:\\\/\\\/kangasemu.ee\\\/wp-content\\\/uploads\\\/2024\\\/11\\\/oied-veinipunasel-3.png\",\"datePublished\":\"2024-11-18T16:59:30+00:00\",\"dateModified\":\"2025-11-10T17:43:08+00:00\",\"description\":\"Joustocollege kukkia viininpunainen Digiprintti | Loop takaisin Ranskan Terry on ihanteellinen ompelu urhelipukuja. Ohuempi tiheys mekko kangas...\",\"breadcrumb\":{\"@id\":\"https:\\\/\\\/kangasemu.ee\\\/fi\\\/toode\\\/digiprintti-joustocollege-kukkia-viininpunainen\\\/#breadcrumb\"},\"inLanguage\":\"fi\",\"potentialAction\":[{\"@type\":\"ReadAction\",\"target\":[\"https:\\\/\\\/kangasemu.ee\\\/fi\\\/toode\\\/digiprintti-joustocollege-kukkia-viininpunainen\\\/\"]}]},{\"@type\":\"ImageObject\",\"inLanguage\":\"fi\",\"@id\":\"https:\\\/\\\/kangasemu.ee\\\/fi\\\/toode\\\/digiprintti-joustocollege-kukkia-viininpunainen\\\/#primaryimage\",\"url\":\"https:\\\/\\\/kangasemu.ee\\\/wp-content\\\/uploads\\\/2024\\\/11\\\/oied-veinipunasel-3.png\",\"contentUrl\":\"https:\\\/\\\/kangasemu.ee\\\/wp-content\\\/uploads\\\/2024\\\/11\\\/oied-veinipunasel-3.png\",\"width\":720,\"height\":720,\"caption\":\"kangas kankaat tricotaaz jersey hikipaitakangas, ranskalainen frotee, kangassekoitus, it\u00e4mainen, puhallettu, kangas, softshell\"},{\"@type\":\"BreadcrumbList\",\"@id\":\"https:\\\/\\\/kangasemu.ee\\\/fi\\\/toode\\\/digiprintti-joustocollege-kukkia-viininpunainen\\\/#breadcrumb\",\"itemListElement\":[{\"@type\":\"ListItem\",\"position\":1,\"name\":\"Home\",\"item\":\"https:\\\/\\\/kangasemu.ee\\\/fi\\\/\"},{\"@type\":\"ListItem\",\"position\":2,\"name\":\"Myym\u00e4l\u00e4\",\"item\":\"https:\\\/\\\/kangasemu.ee\\\/fi\\\/shop\\\/\"},{\"@type\":\"ListItem\",\"position\":3,\"name\":\"Digiprintti joustocollege kukkia viininpunainen\"}]},{\"@type\":\"WebSite\",\"@id\":\"https:\\\/\\\/kangasemu.ee\\\/fi\\\/#website\",\"url\":\"https:\\\/\\\/kangasemu.ee\\\/fi\\\/\",\"name\":\"Kangasemu\",\"description\":\"Rozalen O\u00dc\",\"publisher\":{\"@id\":\"https:\\\/\\\/kangasemu.ee\\\/fi\\\/#organization\"},\"potentialAction\":[{\"@type\":\"SearchAction\",\"target\":{\"@type\":\"EntryPoint\",\"urlTemplate\":\"https:\\\/\\\/kangasemu.ee\\\/fi\\\/?s={search_term_string}\"},\"query-input\":{\"@type\":\"PropertyValueSpecification\",\"valueRequired\":true,\"valueName\":\"search_term_string\"}}],\"inLanguage\":\"fi\"},{\"@type\":\"Organization\",\"@id\":\"https:\\\/\\\/kangasemu.ee\\\/fi\\\/#organization\",\"name\":\"Rozalen O\u00fc\",\"url\":\"https:\\\/\\\/kangasemu.ee\\\/fi\\\/\",\"logo\":{\"@type\":\"ImageObject\",\"inLanguage\":\"fi\",\"@id\":\"https:\\\/\\\/kangasemu.ee\\\/fi\\\/#\\\/schema\\\/logo\\\/image\\\/\",\"url\":\"https:\\\/\\\/kangasemu.ee\\\/wp-content\\\/uploads\\\/2020\\\/11\\\/logodark-2.png\",\"contentUrl\":\"https:\\\/\\\/kangasemu.ee\\\/wp-content\\\/uploads\\\/2020\\\/11\\\/logodark-2.png\",\"width\":850,\"height\":384,\"caption\":\"Rozalen O\u00fc\"},\"image\":{\"@id\":\"https:\\\/\\\/kangasemu.ee\\\/fi\\\/#\\\/schema\\\/logo\\\/image\\\/\"},\"sameAs\":[\"https:\\\/\\\/www.facebook.com\\\/kangasemueesti\",\"https:\\\/\\\/www.instagram.com\\\/kangasemu\\\/\"]}]}<\/script>\n<!-- \/ Yoast SEO plugin. -->","yoast_head_json":{"title":"Digiprintti joustocollege kukkia viininpunainen - Kangasemu","description":"Joustocollege kukkia viininpunainen Digiprintti | Loop takaisin Ranskan Terry on ihanteellinen ompelu urhelipukuja. Ohuempi tiheys mekko kangas...","robots":{"index":"index","follow":"follow","max-snippet":"max-snippet:-1","max-image-preview":"max-image-preview:large","max-video-preview":"max-video-preview:-1"},"canonical":"https:\/\/kangasemu.ee\/fi\/toode\/digiprintti-joustocollege-kukkia-viininpunainen\/","og_locale":"fi_FI","og_type":"article","og_title":"Kangasemu% Digiprintti joustocollege kukkia viininpunainen -%","og_description":"Joustocollege kukkia viininpunainen Digiprintti | Loop takaisin Ranskan Terry on ihanteellinen ompelu urhelipukuja. Ohuempi tiheys mekko kangas...","og_url":"https:\/\/kangasemu.ee\/fi\/toode\/digiprintti-joustocollege-kukkia-viininpunainen\/","og_site_name":"Kangasemu","article_publisher":"https:\/\/www.facebook.com\/kangasemueesti","article_modified_time":"2025-11-10T17:43:08+00:00","og_image":[{"width":720,"height":720,"url":"https:\/\/kangasemu.ee\/wp-content\/uploads\/2024\/11\/oied-veinipunasel-3.png","type":"image\/png"}],"twitter_card":"summary_large_image","twitter_misc":{"Arvioitu lukuaika":"1 minuutti"},"schema":{"@context":"https:\/\/schema.org","@graph":[{"@type":"WebPage","@id":"https:\/\/kangasemu.ee\/fi\/toode\/digiprintti-joustocollege-kukkia-viininpunainen\/","url":"https:\/\/kangasemu.ee\/fi\/toode\/digiprintti-joustocollege-kukkia-viininpunainen\/","name":"Digiprintti joustocollege kukkia viininpunainen - Kangasemu","isPartOf":{"@id":"https:\/\/kangasemu.ee\/fi\/#website"},"primaryImageOfPage":{"@id":"https:\/\/kangasemu.ee\/fi\/toode\/digiprintti-joustocollege-kukkia-viininpunainen\/#primaryimage"},"image":{"@id":"https:\/\/kangasemu.ee\/fi\/toode\/digiprintti-joustocollege-kukkia-viininpunainen\/#primaryimage"},"thumbnailUrl":"https:\/\/kangasemu.ee\/wp-content\/uploads\/2024\/11\/oied-veinipunasel-3.png","datePublished":"2024-11-18T16:59:30+00:00","dateModified":"2025-11-10T17:43:08+00:00","description":"Joustocollege kukkia viininpunainen Digiprintti | Loop takaisin Ranskan Terry on ihanteellinen ompelu urhelipukuja. Ohuempi tiheys mekko kangas...","breadcrumb":{"@id":"https:\/\/kangasemu.ee\/fi\/toode\/digiprintti-joustocollege-kukkia-viininpunainen\/#breadcrumb"},"inLanguage":"fi","potentialAction":[{"@type":"ReadAction","target":["https:\/\/kangasemu.ee\/fi\/toode\/digiprintti-joustocollege-kukkia-viininpunainen\/"]}]},{"@type":"ImageObject","inLanguage":"fi","@id":"https:\/\/kangasemu.ee\/fi\/toode\/digiprintti-joustocollege-kukkia-viininpunainen\/#primaryimage","url":"https:\/\/kangasemu.ee\/wp-content\/uploads\/2024\/11\/oied-veinipunasel-3.png","contentUrl":"https:\/\/kangasemu.ee\/wp-content\/uploads\/2024\/11\/oied-veinipunasel-3.png","width":720,"height":720,"caption":"kangas kankaat tricotaaz jersey hikipaitakangas, ranskalainen frotee, kangassekoitus, it\u00e4mainen, puhallettu, kangas, softshell"},{"@type":"BreadcrumbList","@id":"https:\/\/kangasemu.ee\/fi\/toode\/digiprintti-joustocollege-kukkia-viininpunainen\/#breadcrumb","itemListElement":[{"@type":"ListItem","position":1,"name":"Home","item":"https:\/\/kangasemu.ee\/fi\/"},{"@type":"ListItem","position":2,"name":"Myym\u00e4l\u00e4","item":"https:\/\/kangasemu.ee\/fi\/shop\/"},{"@type":"ListItem","position":3,"name":"Digiprintti joustocollege kukkia viininpunainen"}]},{"@type":"WebSite","@id":"https:\/\/kangasemu.ee\/fi\/#website","url":"https:\/\/kangasemu.ee\/fi\/","name":"Kangasemu","description":"Rozalen O\u00dc","publisher":{"@id":"https:\/\/kangasemu.ee\/fi\/#organization"},"potentialAction":[{"@type":"SearchAction","target":{"@type":"EntryPoint","urlTemplate":"https:\/\/kangasemu.ee\/fi\/?s={search_term_string}"},"query-input":{"@type":"PropertyValueSpecification","valueRequired":true,"valueName":"search_term_string"}}],"inLanguage":"fi"},{"@type":"Organization","@id":"https:\/\/kangasemu.ee\/fi\/#organization","name":"Rozalen O\u00fc","url":"https:\/\/kangasemu.ee\/fi\/","logo":{"@type":"ImageObject","inLanguage":"fi","@id":"https:\/\/kangasemu.ee\/fi\/#\/schema\/logo\/image\/","url":"https:\/\/kangasemu.ee\/wp-content\/uploads\/2020\/11\/logodark-2.png","contentUrl":"https:\/\/kangasemu.ee\/wp-content\/uploads\/2020\/11\/logodark-2.png","width":850,"height":384,"caption":"Rozalen O\u00fc"},"image":{"@id":"https:\/\/kangasemu.ee\/fi\/#\/schema\/logo\/image\/"},"sameAs":["https:\/\/www.facebook.com\/kangasemueesti","https:\/\/www.instagram.com\/kangasemu\/"]}]}},"_links":{"self":[{"href":"https:\/\/kangasemu.ee\/fi\/wp-json\/wp\/v2\/product\/43782","targetHints":{"allow":["GET"]}}],"collection":[{"href":"https:\/\/kangasemu.ee\/fi\/wp-json\/wp\/v2\/product"}],"about":[{"href":"https:\/\/kangasemu.ee\/fi\/wp-json\/wp\/v2\/types\/product"}],"replies":[{"embeddable":true,"href":"https:\/\/kangasemu.ee\/fi\/wp-json\/wp\/v2\/comments?post=43782"}],"version-history":[{"count":0,"href":"https:\/\/kangasemu.ee\/fi\/wp-json\/wp\/v2\/product\/43782\/revisions"}],"wp:featuredmedia":[{"embeddable":true,"href":"https:\/\/kangasemu.ee\/fi\/wp-json\/wp\/v2\/media\/39808"}],"wp:attachment":[{"href":"https:\/\/kangasemu.ee\/fi\/wp-json\/wp\/v2\/media?parent=43782"}],"wp:term":[{"taxonomy":"product_brand","embeddable":true,"href":"https:\/\/kangasemu.ee\/fi\/wp-json\/wp\/v2\/product_brand?post=43782"},{"taxonomy":"product_cat","embeddable":true,"href":"https:\/\/kangasemu.ee\/fi\/wp-json\/wp\/v2\/product_cat?post=43782"},{"taxonomy":"product_tag","embeddable":true,"href":"https:\/\/kangasemu.ee\/fi\/wp-json\/wp\/v2\/product_tag?post=43782"}],"curies":[{"name":"wp","href":"https:\/\/api.w.org\/{rel}","templated":true}]}}