{"id":44432,"date":"2025-10-09T21:30:37","date_gmt":"2025-10-09T19:30:37","guid":{"rendered":"https:\/\/kangasemu.ee\/toode\/miekat-ja-sydamet-trikoopainatus-digitaalinen-tulostus\/"},"modified":"2026-03-15T16:21:31","modified_gmt":"2026-03-15T14:21:31","slug":"miekat-ja-sydamet-trikoopainatus-digitaalinen-tulostus","status":"publish","type":"product","link":"https:\/\/kangasemu.ee\/fi\/toode\/miekat-ja-sydamet-trikoopainatus-digitaalinen-tulostus\/","title":{"rendered":"Miekat ja syd\u00e4met trikoopainatus digitaalinen tulostus"},"content":{"rendered":"<p style=\"text-align: left;\">Huomioithan, ett\u00e4 valokuvaustekniikasta ja n\u00e4yt\u00f6n eroista johtuen kankaan v\u00e4ri ja kuvion mitat voivat poiketa todellisuudesta ! Sama p\u00e4tee my\u00f6s samankaltaisiin neuleisiin ja collegepaitoihin, sill\u00e4 jotkin kankaat ovat per\u00e4isin eri tehtailta. Kysy tarvittaessa lis\u00e4tietoja. <\/p>\n<p>Tummemmissa kankaissa voi olla reunoissa v\u00e4rj\u00e4yksest\u00e4 johtuvia mustetahroja, mutta ne eiv\u00e4t vaikuta painatuksen laatuun. Noudata seuraavia ohjeita kankaan pesussa: *Kankaat tulee pest\u00e4 30 asteessa valmistajan ohjeiden mukaan.<\/p>\n<p>*Valmiit kankaat pest\u00e4\u00e4n nurinp\u00e4in. *Kuivaus ja valkaisu ovat kiellettyj\u00e4. *Kun tummia ja vaaleita kankaita ommellaan yhteen, tummempi kangas (esim. kylkikangas) saattaa v\u00e4rj\u00e4t\u00e4 vaaleaa kangasta pesussa.<\/p>\n<p>(Suosittelemme v\u00e4riainesulkujen k\u00e4ytt\u00f6\u00e4) *Silitet\u00e4\u00e4n tuotteet keskil\u00e4mm\u00f6ll\u00e4 (130-150 astetta). *Kokemukseni perusteella kankaiden v\u00e4rin kesto s\u00e4ilyy paremmin, kun ne pest\u00e4\u00e4n pesuaineella eik\u00e4 jauheella ja kun tummat kankaat pest\u00e4\u00e4n tummalla pesuaineella ja vaaleat kankaat vaalealla pesuaineella. <\/p>\n<p><span style=\"text-decoration: underline;\"><strong><a href=\"https:\/\/kangasemu.ee\/wp-content\/uploads\/2020\/11\/pilt.jpg\" data-rel=\"penci-gallery-image-content\" ><img decoding=\"async\" class=\"alignnone size-full wp-image-7826\" src=\"https:\/\/kangasemu.ee\/wp-content\/uploads\/2020\/11\/pilt.jpg\" alt=\"\" width=\"178\" height=\"56\"><\/a><\/strong><\/span><br \/>\n<a href=\"https:\/\/kangasemu.ee\/wp-content\/uploads\/2020\/11\/Oko-Tex100.jpg\" data-rel=\"penci-gallery-image-content\" ><img fetchpriority=\"high\" decoding=\"async\" class=\"alignnone size-medium wp-image-8167\" src=\"https:\/\/kangasemu.ee\/wp-content\/uploads\/2020\/11\/Oko-Tex100-330x330.jpg\" alt=\"\" width=\"330\" height=\"330\" srcset=\"https:\/\/kangasemu.ee\/wp-content\/uploads\/2020\/11\/Oko-Tex100-330x330.jpg 330w, https:\/\/kangasemu.ee\/wp-content\/uploads\/2020\/11\/Oko-Tex100-465x465.jpg 465w, https:\/\/kangasemu.ee\/wp-content\/uploads\/2020\/11\/Oko-Tex100-100x100.jpg 100w, https:\/\/kangasemu.ee\/wp-content\/uploads\/2020\/11\/Oko-Tex100-600x600.jpg 600w, https:\/\/kangasemu.ee\/wp-content\/uploads\/2020\/11\/Oko-Tex100-440x440.jpg 440w, https:\/\/kangasemu.ee\/wp-content\/uploads\/2020\/11\/Oko-Tex100-768x768.jpg 768w, https:\/\/kangasemu.ee\/wp-content\/uploads\/2020\/11\/Oko-Tex100.jpg 1200w\" sizes=\"(max-width: 330px) 100vw, 330px\" \/><\/a><\/p>\n<p>&nbsp;<\/p>\n<p>&nbsp;<\/p>\n","protected":false},"excerpt":{"rendered":"<p>Ohuempi trikoo tai single trikoo sopii erinomaisesti t-paitojen, mekkojen, k\u00e4silaukkujen, vauvapukujen jne. ompeluun. 220g\/m2, 180 cm 95% puuvillaa, 5% elastaania \u00d6ko-Tex100.<\/p>\n<p>Hinta on metrilt\u00e4. 0,1 m:n lis\u00e4ys 0,5 m:st\u00e4 0,1 m:iin.<\/p>\n<p>&nbsp;<\/p>\n","protected":false},"featured_media":44162,"comment_status":"open","ping_status":"closed","template":"","meta":{"_lmt_disableupdate":"","_lmt_disable":""},"product_brand":[],"product_cat":[466],"product_tag":[907,2144,909,1644,540,1642,535,696,701,1817,492,516,738,861],"class_list":{"0":"post-44432","1":"product","2":"type-product","3":"status-publish","4":"has-post-thumbnail","6":"product_cat-kuviotrikoo","7":"product_tag-kangas-fi","8":"product_tag-kankaat-fi","9":"product_tag-kankaat","10":"product_tag-karud-fi","11":"product_tag-kuviollinen","12":"product_tag-miekat","13":"product_tag-okotex100-fi","14":"product_tag-punainen","15":"product_tag-ruskea","16":"product_tag-southamed","17":"product_tag-trikoo","18":"product_tag-trikoo-fi","19":"product_tag-valkoinen","20":"product_tag-varvilinen","21":"pa_kanga-laius-180-fi","22":"pa_kanga-tihedus-220g-m2-fi","23":"pa_kangatuup-trikoo","24":"pa_koostis-95-puuvilla-5-elastaani","25":"pa_varv-valkoinen","27":"first","28":"instock","29":"taxable","30":"shipping-taxable","31":"purchasable","32":"product-type-simple"},"yoast_head":"<!-- This site is optimized with the Yoast SEO plugin v27.2 - https:\/\/yoast.com\/product\/yoast-seo-wordpress\/ -->\n<title>Miekat ja syd\u00e4met trikoopainatus digitaalinen tulostus - Kangasemu<\/title>\n<meta name=\"description\" content=\"Miekat ja syd\u00e4met trikoomateriaali digitaalinen painatus | Ohuempi trikoomateriaali tai trikoo sopii t-paitojen, mekkojen, k\u00e4silaukkujen ja muiden ompeluun....\" \/>\n<meta name=\"robots\" content=\"index, follow, max-snippet:-1, max-image-preview:large, max-video-preview:-1\" \/>\n<link rel=\"canonical\" href=\"https:\/\/kangasemu.ee\/fi\/toode\/miekat-ja-sydamet-trikoopainatus-digitaalinen-tulostus\/\" \/>\n<meta property=\"og:locale\" content=\"fi_FI\" \/>\n<meta property=\"og:type\" content=\"article\" \/>\n<meta property=\"og:title\" content=\"Kangasemu% Miekat ja syd\u00e4met trikoopainatus digitaalinen tulostus -%\" \/>\n<meta property=\"og:description\" content=\"Miekat ja syd\u00e4met trikoomateriaali digitaalinen painatus | Ohuempi trikoomateriaali tai trikoo sopii t-paitojen, mekkojen, k\u00e4silaukkujen ja muiden ompeluun....\" \/>\n<meta property=\"og:url\" content=\"https:\/\/kangasemu.ee\/fi\/toode\/miekat-ja-sydamet-trikoopainatus-digitaalinen-tulostus\/\" \/>\n<meta property=\"og:site_name\" content=\"Kangasemu\" \/>\n<meta property=\"article:publisher\" content=\"https:\/\/www.facebook.com\/kangasemueesti\" \/>\n<meta property=\"article:modified_time\" content=\"2026-03-15T14:21:31+00:00\" \/>\n<meta property=\"og:image\" content=\"https:\/\/kangasemu.ee\/wp-content\/uploads\/2025\/10\/Mommid-ja-sudamed.jpeg\" \/>\n\t<meta property=\"og:image:width\" content=\"720\" \/>\n\t<meta property=\"og:image:height\" content=\"720\" \/>\n\t<meta property=\"og:image:type\" content=\"image\/jpeg\" \/>\n<meta name=\"twitter:card\" content=\"summary_large_image\" \/>\n<meta name=\"twitter:label1\" content=\"Arvioitu lukuaika\" \/>\n\t<meta name=\"twitter:data1\" content=\"1 minuutti\" \/>\n<script type=\"application\/ld+json\" class=\"yoast-schema-graph\">{\"@context\":\"https:\/\/schema.org\",\"@graph\":[{\"@type\":\"WebPage\",\"@id\":\"https:\/\/kangasemu.ee\/fi\/toode\/miekat-ja-sydamet-trikoopainatus-digitaalinen-tulostus\/\",\"url\":\"https:\/\/kangasemu.ee\/fi\/toode\/miekat-ja-sydamet-trikoopainatus-digitaalinen-tulostus\/\",\"name\":\"Miekat ja syd\u00e4met trikoopainatus digitaalinen tulostus - Kangasemu\",\"isPartOf\":{\"@id\":\"https:\/\/kangasemu.ee\/fi\/#website\"},\"primaryImageOfPage\":{\"@id\":\"https:\/\/kangasemu.ee\/fi\/toode\/miekat-ja-sydamet-trikoopainatus-digitaalinen-tulostus\/#primaryimage\"},\"image\":{\"@id\":\"https:\/\/kangasemu.ee\/fi\/toode\/miekat-ja-sydamet-trikoopainatus-digitaalinen-tulostus\/#primaryimage\"},\"thumbnailUrl\":\"https:\/\/kangasemu.ee\/wp-content\/uploads\/2025\/10\/Mommid-ja-sudamed.jpeg\",\"datePublished\":\"2025-10-09T19:30:37+00:00\",\"dateModified\":\"2026-03-15T14:21:31+00:00\",\"description\":\"Miekat ja syd\u00e4met trikoomateriaali digitaalinen painatus | Ohuempi trikoomateriaali tai trikoo sopii t-paitojen, mekkojen, k\u00e4silaukkujen ja muiden ompeluun....\",\"breadcrumb\":{\"@id\":\"https:\/\/kangasemu.ee\/fi\/toode\/miekat-ja-sydamet-trikoopainatus-digitaalinen-tulostus\/#breadcrumb\"},\"inLanguage\":\"fi\",\"potentialAction\":[{\"@type\":\"ReadAction\",\"target\":[\"https:\/\/kangasemu.ee\/fi\/toode\/miekat-ja-sydamet-trikoopainatus-digitaalinen-tulostus\/\"]}]},{\"@type\":\"ImageObject\",\"inLanguage\":\"fi\",\"@id\":\"https:\/\/kangasemu.ee\/fi\/toode\/miekat-ja-sydamet-trikoopainatus-digitaalinen-tulostus\/#primaryimage\",\"url\":\"https:\/\/kangasemu.ee\/wp-content\/uploads\/2025\/10\/Mommid-ja-sudamed.jpeg\",\"contentUrl\":\"https:\/\/kangasemu.ee\/wp-content\/uploads\/2025\/10\/Mommid-ja-sudamed.jpeg\",\"width\":720,\"height\":720,\"caption\":\"kangas kankaat tricotaaz jersey hikipaitakangas, ranskalainen frotee, kangassekoitus, it\u00e4mainen, puhallettu, kangas, softshell\"},{\"@type\":\"BreadcrumbList\",\"@id\":\"https:\/\/kangasemu.ee\/fi\/toode\/miekat-ja-sydamet-trikoopainatus-digitaalinen-tulostus\/#breadcrumb\",\"itemListElement\":[{\"@type\":\"ListItem\",\"position\":1,\"name\":\"Home\",\"item\":\"https:\/\/kangasemu.ee\/fi\/\"},{\"@type\":\"ListItem\",\"position\":2,\"name\":\"Myym\u00e4l\u00e4\",\"item\":\"https:\/\/kangasemu.ee\/fi\/shop\/\"},{\"@type\":\"ListItem\",\"position\":3,\"name\":\"Miekat ja syd\u00e4met trikoopainatus digitaalinen tulostus\"}]},{\"@type\":\"WebSite\",\"@id\":\"https:\/\/kangasemu.ee\/fi\/#website\",\"url\":\"https:\/\/kangasemu.ee\/fi\/\",\"name\":\"Kangasemu\",\"description\":\"Rozalen O\u00dc\",\"publisher\":{\"@id\":\"https:\/\/kangasemu.ee\/fi\/#organization\"},\"potentialAction\":[{\"@type\":\"SearchAction\",\"target\":{\"@type\":\"EntryPoint\",\"urlTemplate\":\"https:\/\/kangasemu.ee\/fi\/?s={search_term_string}\"},\"query-input\":{\"@type\":\"PropertyValueSpecification\",\"valueRequired\":true,\"valueName\":\"search_term_string\"}}],\"inLanguage\":\"fi\"},{\"@type\":\"Organization\",\"@id\":\"https:\/\/kangasemu.ee\/fi\/#organization\",\"name\":\"Rozalen O\u00fc\",\"url\":\"https:\/\/kangasemu.ee\/fi\/\",\"logo\":{\"@type\":\"ImageObject\",\"inLanguage\":\"fi\",\"@id\":\"https:\/\/kangasemu.ee\/fi\/#\/schema\/logo\/image\/\",\"url\":\"https:\/\/kangasemu.ee\/wp-content\/uploads\/2020\/11\/logodark-2.png\",\"contentUrl\":\"https:\/\/kangasemu.ee\/wp-content\/uploads\/2020\/11\/logodark-2.png\",\"width\":850,\"height\":384,\"caption\":\"Rozalen O\u00fc\"},\"image\":{\"@id\":\"https:\/\/kangasemu.ee\/fi\/#\/schema\/logo\/image\/\"},\"sameAs\":[\"https:\/\/www.facebook.com\/kangasemueesti\",\"https:\/\/www.instagram.com\/kangasemu\/\"]}]}<\/script>\n<!-- \/ Yoast SEO plugin. -->","yoast_head_json":{"title":"Miekat ja syd\u00e4met trikoopainatus digitaalinen tulostus - Kangasemu","description":"Miekat ja syd\u00e4met trikoomateriaali digitaalinen painatus | Ohuempi trikoomateriaali tai trikoo sopii t-paitojen, mekkojen, k\u00e4silaukkujen ja muiden ompeluun....","robots":{"index":"index","follow":"follow","max-snippet":"max-snippet:-1","max-image-preview":"max-image-preview:large","max-video-preview":"max-video-preview:-1"},"canonical":"https:\/\/kangasemu.ee\/fi\/toode\/miekat-ja-sydamet-trikoopainatus-digitaalinen-tulostus\/","og_locale":"fi_FI","og_type":"article","og_title":"Kangasemu% Miekat ja syd\u00e4met trikoopainatus digitaalinen tulostus -%","og_description":"Miekat ja syd\u00e4met trikoomateriaali digitaalinen painatus | Ohuempi trikoomateriaali tai trikoo sopii t-paitojen, mekkojen, k\u00e4silaukkujen ja muiden ompeluun....","og_url":"https:\/\/kangasemu.ee\/fi\/toode\/miekat-ja-sydamet-trikoopainatus-digitaalinen-tulostus\/","og_site_name":"Kangasemu","article_publisher":"https:\/\/www.facebook.com\/kangasemueesti","article_modified_time":"2026-03-15T14:21:31+00:00","og_image":[{"width":720,"height":720,"url":"https:\/\/kangasemu.ee\/wp-content\/uploads\/2025\/10\/Mommid-ja-sudamed.jpeg","type":"image\/jpeg"}],"twitter_card":"summary_large_image","twitter_misc":{"Arvioitu lukuaika":"1 minuutti"},"schema":{"@context":"https:\/\/schema.org","@graph":[{"@type":"WebPage","@id":"https:\/\/kangasemu.ee\/fi\/toode\/miekat-ja-sydamet-trikoopainatus-digitaalinen-tulostus\/","url":"https:\/\/kangasemu.ee\/fi\/toode\/miekat-ja-sydamet-trikoopainatus-digitaalinen-tulostus\/","name":"Miekat ja syd\u00e4met trikoopainatus digitaalinen tulostus - Kangasemu","isPartOf":{"@id":"https:\/\/kangasemu.ee\/fi\/#website"},"primaryImageOfPage":{"@id":"https:\/\/kangasemu.ee\/fi\/toode\/miekat-ja-sydamet-trikoopainatus-digitaalinen-tulostus\/#primaryimage"},"image":{"@id":"https:\/\/kangasemu.ee\/fi\/toode\/miekat-ja-sydamet-trikoopainatus-digitaalinen-tulostus\/#primaryimage"},"thumbnailUrl":"https:\/\/kangasemu.ee\/wp-content\/uploads\/2025\/10\/Mommid-ja-sudamed.jpeg","datePublished":"2025-10-09T19:30:37+00:00","dateModified":"2026-03-15T14:21:31+00:00","description":"Miekat ja syd\u00e4met trikoomateriaali digitaalinen painatus | Ohuempi trikoomateriaali tai trikoo sopii t-paitojen, mekkojen, k\u00e4silaukkujen ja muiden ompeluun....","breadcrumb":{"@id":"https:\/\/kangasemu.ee\/fi\/toode\/miekat-ja-sydamet-trikoopainatus-digitaalinen-tulostus\/#breadcrumb"},"inLanguage":"fi","potentialAction":[{"@type":"ReadAction","target":["https:\/\/kangasemu.ee\/fi\/toode\/miekat-ja-sydamet-trikoopainatus-digitaalinen-tulostus\/"]}]},{"@type":"ImageObject","inLanguage":"fi","@id":"https:\/\/kangasemu.ee\/fi\/toode\/miekat-ja-sydamet-trikoopainatus-digitaalinen-tulostus\/#primaryimage","url":"https:\/\/kangasemu.ee\/wp-content\/uploads\/2025\/10\/Mommid-ja-sudamed.jpeg","contentUrl":"https:\/\/kangasemu.ee\/wp-content\/uploads\/2025\/10\/Mommid-ja-sudamed.jpeg","width":720,"height":720,"caption":"kangas kankaat tricotaaz jersey hikipaitakangas, ranskalainen frotee, kangassekoitus, it\u00e4mainen, puhallettu, kangas, softshell"},{"@type":"BreadcrumbList","@id":"https:\/\/kangasemu.ee\/fi\/toode\/miekat-ja-sydamet-trikoopainatus-digitaalinen-tulostus\/#breadcrumb","itemListElement":[{"@type":"ListItem","position":1,"name":"Home","item":"https:\/\/kangasemu.ee\/fi\/"},{"@type":"ListItem","position":2,"name":"Myym\u00e4l\u00e4","item":"https:\/\/kangasemu.ee\/fi\/shop\/"},{"@type":"ListItem","position":3,"name":"Miekat ja syd\u00e4met trikoopainatus digitaalinen tulostus"}]},{"@type":"WebSite","@id":"https:\/\/kangasemu.ee\/fi\/#website","url":"https:\/\/kangasemu.ee\/fi\/","name":"Kangasemu","description":"Rozalen O\u00dc","publisher":{"@id":"https:\/\/kangasemu.ee\/fi\/#organization"},"potentialAction":[{"@type":"SearchAction","target":{"@type":"EntryPoint","urlTemplate":"https:\/\/kangasemu.ee\/fi\/?s={search_term_string}"},"query-input":{"@type":"PropertyValueSpecification","valueRequired":true,"valueName":"search_term_string"}}],"inLanguage":"fi"},{"@type":"Organization","@id":"https:\/\/kangasemu.ee\/fi\/#organization","name":"Rozalen O\u00fc","url":"https:\/\/kangasemu.ee\/fi\/","logo":{"@type":"ImageObject","inLanguage":"fi","@id":"https:\/\/kangasemu.ee\/fi\/#\/schema\/logo\/image\/","url":"https:\/\/kangasemu.ee\/wp-content\/uploads\/2020\/11\/logodark-2.png","contentUrl":"https:\/\/kangasemu.ee\/wp-content\/uploads\/2020\/11\/logodark-2.png","width":850,"height":384,"caption":"Rozalen O\u00fc"},"image":{"@id":"https:\/\/kangasemu.ee\/fi\/#\/schema\/logo\/image\/"},"sameAs":["https:\/\/www.facebook.com\/kangasemueesti","https:\/\/www.instagram.com\/kangasemu\/"]}]}},"_links":{"self":[{"href":"https:\/\/kangasemu.ee\/fi\/wp-json\/wp\/v2\/product\/44432","targetHints":{"allow":["GET"]}}],"collection":[{"href":"https:\/\/kangasemu.ee\/fi\/wp-json\/wp\/v2\/product"}],"about":[{"href":"https:\/\/kangasemu.ee\/fi\/wp-json\/wp\/v2\/types\/product"}],"replies":[{"embeddable":true,"href":"https:\/\/kangasemu.ee\/fi\/wp-json\/wp\/v2\/comments?post=44432"}],"version-history":[{"count":0,"href":"https:\/\/kangasemu.ee\/fi\/wp-json\/wp\/v2\/product\/44432\/revisions"}],"wp:featuredmedia":[{"embeddable":true,"href":"https:\/\/kangasemu.ee\/fi\/wp-json\/wp\/v2\/media\/44162"}],"wp:attachment":[{"href":"https:\/\/kangasemu.ee\/fi\/wp-json\/wp\/v2\/media?parent=44432"}],"wp:term":[{"taxonomy":"product_brand","embeddable":true,"href":"https:\/\/kangasemu.ee\/fi\/wp-json\/wp\/v2\/product_brand?post=44432"},{"taxonomy":"product_cat","embeddable":true,"href":"https:\/\/kangasemu.ee\/fi\/wp-json\/wp\/v2\/product_cat?post=44432"},{"taxonomy":"product_tag","embeddable":true,"href":"https:\/\/kangasemu.ee\/fi\/wp-json\/wp\/v2\/product_tag?post=44432"}],"curies":[{"name":"wp","href":"https:\/\/api.w.org\/{rel}","templated":true}]}}